{"id":3655,"date":"2024-10-23T15:12:41","date_gmt":"2024-10-23T13:12:41","guid":{"rendered":"http:\/\/billigtrikots.com\/?post_type=product&#038;p=3655"},"modified":"2024-10-23T15:14:49","modified_gmt":"2024-10-23T13:14:49","slug":"fc-liverpool-2021-2022-orange-goalkeeper-shirt-shorts","status":"publish","type":"product","link":"https:\/\/www.billigtrikotde.com\/hr\/fc-liverpool-2021-2022-orange-goalkeeper-shirt-shorts\/","title":{"rendered":"FC Liverpool 2021\/2022 naran\u010dasti dres vratara + hla\u010de"},"content":{"rendered":"<p>Za istinske navija\u010de FC Liverpoola must: sportko majico u originalnom dizajnu. Preporu\u010dujemo ovaj lagani, izrazito udoban, prozra\u010dan i brzo upija vlagu model s ugodnim osje\u0107ajem no\u0161enja. Vizualno se isti\u010de klupskim grbom na prsima. S ovom dresom savr\u0161eno ste spremni za svaki trening i utakmicu. Neka ova dark green sport top s kariranim uzorkom postane va\u0161 vjerni [\u2026]<\/p>\n<p>Savjeti za ispis: Ako ime i broj na slici to\u010dno odgovaraju va\u0161im \u017eeljama, ne morate ih ponovno unositi. Ako ne, unesite \u017eeljeno ime i broj.<\/p>\n<p>Savjeti za pranje: Preporu\u010duje se ru\u010dno pranje nogometnih dresova. Ako \u017eelite koristiti perilicu, sjetite se okrenuti dresove naopako prije pranja. Napunite perilicu hladnom vodom i koristite program za osjetljive tkanine kako biste bolje za\u0161titili boje.<\/p>","protected":false},"excerpt":{"rendered":"<p>Za istinske navija\u010de FC Liverpoola must: sportko majico u originalnom dizajnu. Preporu\u010dujemo ovaj lagani, izrazito udoban, prozra\u010dan i brzo upija vlagu model s ugodnim osje\u0107ajem no\u0161enja. Vizualno se isti\u010de klupskim grbom na prsima. S ovom dresom savr\u0161eno ste spremni za svaki trening i utakmicu. Neka ova dark green sport top s kariranim uzorkom postane va\u0161 vjerni [\u2026]<\/p>","protected":false},"featured_media":3697,"comment_status":"open","ping_status":"closed","template":"","meta":[],"product_brand":[],"product_cat":[176],"product_tag":[20,35,21,23,24,155],"class_list":{"0":"post-3655","1":"product","2":"type-product","3":"status-publish","4":"has-post-thumbnail","6":"product_cat-liverpool-fc","7":"product_tag-coole-fussballtrikots","8":"product_tag-fussball-torwarttrikots","9":"product_tag-fussballtrikot-fuer-herren","10":"product_tag-fussballtrikot-kurzarm","11":"product_tag-guenstiges-fussballtrikot","12":"product_tag-liverpool-torwarttrikot","14":"first","15":"instock","16":"shipping-taxable","17":"purchasable","18":"product-type-variable"},"_links":{"self":[{"href":"https:\/\/www.billigtrikotde.com\/hr\/wp-json\/wp\/v2\/product\/3655","targetHints":{"allow":["GET"]}}],"collection":[{"href":"https:\/\/www.billigtrikotde.com\/hr\/wp-json\/wp\/v2\/product"}],"about":[{"href":"https:\/\/www.billigtrikotde.com\/hr\/wp-json\/wp\/v2\/types\/product"}],"replies":[{"embeddable":true,"href":"https:\/\/www.billigtrikotde.com\/hr\/wp-json\/wp\/v2\/comments?post=3655"}],"wp:featuredmedia":[{"embeddable":true,"href":"https:\/\/www.billigtrikotde.com\/hr\/wp-json\/wp\/v2\/media\/3697"}],"wp:attachment":[{"href":"https:\/\/www.billigtrikotde.com\/hr\/wp-json\/wp\/v2\/media?parent=3655"}],"wp:term":[{"taxonomy":"product_brand","embeddable":true,"href":"https:\/\/www.billigtrikotde.com\/hr\/wp-json\/wp\/v2\/product_brand?post=3655"},{"taxonomy":"product_cat","embeddable":true,"href":"https:\/\/www.billigtrikotde.com\/hr\/wp-json\/wp\/v2\/product_cat?post=3655"},{"taxonomy":"product_tag","embeddable":true,"href":"https:\/\/www.billigtrikotde.com\/hr\/wp-json\/wp\/v2\/product_tag?post=3655"}],"curies":[{"name":"wp","href":"https:\/\/api.w.org\/{rel}","templated":true}]}}