{"id":3629,"date":"2024-10-23T15:11:33","date_gmt":"2024-10-23T13:11:33","guid":{"rendered":"http:\/\/billigtrikots.com\/?post_type=product&#038;p=3629"},"modified":"2024-10-23T15:13:43","modified_gmt":"2024-10-23T13:13:43","slug":"fc-bayern-muenchen-3rd-herren-trikot-21-22-ausweichtrikot-weiss-mit-aufdruck-nianzou-23","status":"publish","type":"product","link":"https:\/\/www.billigtrikotde.com\/hr\/fc-bayern-muenchen-3rd-herren-trikot-21-22-ausweichtrikot-weiss-mit-aufdruck-nianzou-23\/","title":{"rendered":"FC Bayern M\u00fcnchen 3rd mu\u0161ki dres 21\/22 gostuju\u0107i dres bijeli s natpisom Nianzou 23"},"content":{"rendered":"<p>Iz M\u00fcnchena nisu daleko planine. Nije \u010dudno da je adidas FC Bayern M\u00fcnchen oprema za identifikaciju inspirirana Alpama. Navija\u010dki dres dolazi s tehnologijom AEROREADY koja upija vlagu za ugodan osje\u0107aj no\u0161enja. Naravno, ni natpis \u201eMia san mia\u201c na podru\u010dju vrata ne smije nedostajati.<\/p>\n<p>Savjeti za ispis: Ako ime i broj na slici to\u010dno odgovaraju va\u0161im \u017eeljama, ne morate ih ponovno unositi. Ako ne, unesite \u017eeljeno ime i broj.<\/p>\n<p>Savjeti za pranje: Preporu\u010duje se ru\u010dno pranje nogometnih dresova. Ako \u017eelite koristiti perilicu, sjetite se okrenuti dresove naopako prije pranja. Napunite perilicu hladnom vodom i koristite program za osjetljive tkanine kako biste bolje za\u0161titili boje.<\/p>","protected":false},"excerpt":{"rendered":"<p>Iz M\u00fcnchena nisu daleko planine. Nije ni \u010dudo \u0161to adidas FC Bayern M\u00fcnchen oprema za ovjeru inspirirana je Alpama. Navija\u010dki dres dolazi s tehnologijom AEROREADY koja upija vlagu za ugodan osje\u0107aj no\u0161enja. Naravno ne smije nedostajati ni natpis \u201eMia san mia\u201c na podru\u010dju vrata. Savjeti za ispis: Ako je ime i broj na [\u2026]<\/p>","protected":false},"featured_media":3669,"comment_status":"open","ping_status":"closed","template":"","meta":[],"product_brand":[],"product_cat":[175],"product_tag":[139,137,20,21,22,23,24],"class_list":{"0":"post-3629","1":"product","2":"type-product","3":"status-publish","4":"has-post-thumbnail","6":"product_cat-bayern-munich","7":"product_tag-bayern-muenchen-ausweichtrikot","8":"product_tag-bayern-muenchen-trikots","9":"product_tag-coole-fussballtrikots","10":"product_tag-fussballtrikot-fuer-herren","11":"product_tag-fussballtrikot-guenstig-kaufen","12":"product_tag-fussballtrikot-kurzarm","13":"product_tag-guenstiges-fussballtrikot","15":"first","16":"instock","17":"shipping-taxable","18":"purchasable","19":"product-type-variable"},"_links":{"self":[{"href":"https:\/\/www.billigtrikotde.com\/hr\/wp-json\/wp\/v2\/product\/3629","targetHints":{"allow":["GET"]}}],"collection":[{"href":"https:\/\/www.billigtrikotde.com\/hr\/wp-json\/wp\/v2\/product"}],"about":[{"href":"https:\/\/www.billigtrikotde.com\/hr\/wp-json\/wp\/v2\/types\/product"}],"replies":[{"embeddable":true,"href":"https:\/\/www.billigtrikotde.com\/hr\/wp-json\/wp\/v2\/comments?post=3629"}],"wp:featuredmedia":[{"embeddable":true,"href":"https:\/\/www.billigtrikotde.com\/hr\/wp-json\/wp\/v2\/media\/3669"}],"wp:attachment":[{"href":"https:\/\/www.billigtrikotde.com\/hr\/wp-json\/wp\/v2\/media?parent=3629"}],"wp:term":[{"taxonomy":"product_brand","embeddable":true,"href":"https:\/\/www.billigtrikotde.com\/hr\/wp-json\/wp\/v2\/product_brand?post=3629"},{"taxonomy":"product_cat","embeddable":true,"href":"https:\/\/www.billigtrikotde.com\/hr\/wp-json\/wp\/v2\/product_cat?post=3629"},{"taxonomy":"product_tag","embeddable":true,"href":"https:\/\/www.billigtrikotde.com\/hr\/wp-json\/wp\/v2\/product_tag?post=3629"}],"curies":[{"name":"wp","href":"https:\/\/api.w.org\/{rel}","templated":true}]}}