{"id":3600,"date":"2024-10-23T15:10:22","date_gmt":"2024-10-23T13:10:22","guid":{"rendered":"http:\/\/billigtrikots.com\/?post_type=product&#038;p=3600"},"modified":"2024-10-23T15:12:31","modified_gmt":"2024-10-23T13:12:31","slug":"dfb-deutschland-herren-torwarttrikot-em-2020-in-blau-mit-aufdruck-neuer-1","status":"publish","type":"product","link":"https:\/\/www.billigtrikotde.com\/hr\/dfb-deutschland-herren-torwarttrikot-em-2020-in-blau-mit-aufdruck-neuer-1\/","title":{"rendered":"DFB Njema\u010dka mu\u0161ki dres za vratara Eura 2020 u plavoj boji s ispisom Neuer 1"},"content":{"rendered":"<p>Die coole Meshoberfl\u00e4che wird an den Seiten durch Eins\u00e4tze im Batikstil erg\u00e4nzt. Dieses Design findet sich auch am Rundhalsausschnitt wieder. Die langen \u00c4rmel schlie\u00dfen mit bequem anliegenden B\u00fcndchen ab. Die adidas-typischen Sportstreifen, das Markenlogo und das DFB-Emblem d\u00fcrfen bei dem Sportshirt nat\u00fcrlich auch nicht fehlen. Kombiniere das Trikot mit deinem Sportoutfit oder trag es beim Zuschauen als Teil deines Fan-Looks.<\/p>\n<p>Savjeti za ispis: Ako ime i broj na slici to\u010dno odgovaraju va\u0161im \u017eeljama, ne morate ih ponovno unositi. Ako ne, unesite \u017eeljeno ime i broj.<\/p>\n<p>Savjeti za pranje: Preporu\u010duje se ru\u010dno pranje nogometnih dresova. Ako \u017eelite koristiti perilicu, sjetite se okrenuti dresove naopako prije pranja. Napunite perilicu hladnom vodom i koristite program za osjetljive tkanine kako biste bolje za\u0161titili boje.<\/p>","protected":false},"excerpt":{"rendered":"<p>Hladna mre\u017easta povr\u0161ina nadopunjena je umetcima u batik stilu sa strane. Ovaj dizajn nalazi se i na okruglom ovratniku. Dugi rukavi zavr\u0161avaju udobnim man\u017eetama. Tipi\u010dne sportske pruge adidas, logo marke i DFB grb naravno tako\u0111er ne smiju nedostajati na ovom sportskom majici. Kombiniraj majicu sa svojim sportskim odjevnim predmetom ili je nosi\u0161 tijekom [...]<\/p>","protected":false},"featured_media":3635,"comment_status":"open","ping_status":"closed","template":"","meta":[],"product_brand":[],"product_cat":[170],"product_tag":[20,171,172,21,22,23,24],"class_list":{"0":"post-3600","1":"product","2":"type-product","3":"status-publish","4":"has-post-thumbnail","6":"product_cat-deutschland-trikots","7":"product_tag-coole-fussballtrikots","8":"product_tag-deutschland-torwarttrikot","9":"product_tag-deutschland-trikots","10":"product_tag-fussballtrikot-fuer-herren","11":"product_tag-fussballtrikot-guenstig-kaufen","12":"product_tag-fussballtrikot-kurzarm","13":"product_tag-guenstiges-fussballtrikot","15":"first","16":"instock","17":"shipping-taxable","18":"purchasable","19":"product-type-variable"},"_links":{"self":[{"href":"https:\/\/www.billigtrikotde.com\/hr\/wp-json\/wp\/v2\/product\/3600","targetHints":{"allow":["GET"]}}],"collection":[{"href":"https:\/\/www.billigtrikotde.com\/hr\/wp-json\/wp\/v2\/product"}],"about":[{"href":"https:\/\/www.billigtrikotde.com\/hr\/wp-json\/wp\/v2\/types\/product"}],"replies":[{"embeddable":true,"href":"https:\/\/www.billigtrikotde.com\/hr\/wp-json\/wp\/v2\/comments?post=3600"}],"wp:featuredmedia":[{"embeddable":true,"href":"https:\/\/www.billigtrikotde.com\/hr\/wp-json\/wp\/v2\/media\/3635"}],"wp:attachment":[{"href":"https:\/\/www.billigtrikotde.com\/hr\/wp-json\/wp\/v2\/media?parent=3600"}],"wp:term":[{"taxonomy":"product_brand","embeddable":true,"href":"https:\/\/www.billigtrikotde.com\/hr\/wp-json\/wp\/v2\/product_brand?post=3600"},{"taxonomy":"product_cat","embeddable":true,"href":"https:\/\/www.billigtrikotde.com\/hr\/wp-json\/wp\/v2\/product_cat?post=3600"},{"taxonomy":"product_tag","embeddable":true,"href":"https:\/\/www.billigtrikotde.com\/hr\/wp-json\/wp\/v2\/product_tag?post=3600"}],"curies":[{"name":"wp","href":"https:\/\/api.w.org\/{rel}","templated":true}]}}