{"id":3594,"date":"2024-10-23T15:09:55","date_gmt":"2024-10-23T13:09:55","guid":{"rendered":"http:\/\/billigtrikots.com\/?post_type=product&#038;p=3594"},"modified":"2024-10-23T15:12:00","modified_gmt":"2024-10-23T13:12:00","slug":"personalisierbar-dfb-deutschland-herren-adipro-20-torwarttrikot-grau","status":"publish","type":"product","link":"https:\/\/www.billigtrikotde.com\/hr\/personalisierbar-dfb-deutschland-herren-adipro-20-torwarttrikot-grau\/","title":{"rendered":"Personalizabilni DFB Njema\u010dka mu\u0161ki dres za vratara AdiPro 20 sivo"},"content":{"rendered":"<p>Tornerka AdiPro 20 za golmana za mu\u0161karce uvjerava vas s tehnologijama prozra\u010dnosti i visokom otporno\u0161\u0107u. Brzo su\u0161e\u0107i funkcijski materijal s ClimaLite tehnologijom pru\u017ea potpuno slobodu kretanja kako biste se mogli potpuno usredoto\u010diti na loptu. Tijesno pristaju\u0107e rukave ostaju na mjestu prilikom dohva\u0107anja lopte. V-izrez s uskim stoje\u0107im ovratnikom te tipi\u010dne adidas 3-stripe na ramenu zaokru\u017euju dres savr\u0161eno.<\/p>\n<p>Savjeti za ispis: Ako ime i broj na slici to\u010dno odgovaraju va\u0161im \u017eeljama, ne morate ih ponovno unositi. Ako ne, unesite \u017eeljeno ime i broj.<\/p>\n<p>Savjeti za pranje: Preporu\u010duje se ru\u010dno pranje nogometnih dresova. Ako \u017eelite koristiti perilicu, sjetite se okrenuti dresove naopako prije pranja. Napunite perilicu hladnom vodom i koristite program za osjetljive tkanine kako biste bolje za\u0161titili boje.<\/p>","protected":false},"excerpt":{"rendered":"<p>Das AdiPro 20 Torwarttrikot f\u00fcr Herren \u00fcberzeugt dich mit atmungsaktiven Technologien und hoher Strapazierf\u00e4higkeit. Das schnell trocknende Funktionsmaterial mit ClimaLite Technologie bietet uneingeschr\u00e4nkte Bewegungsfreiheit, damit du dich voll und ganz auf den Ball konzentrieren kannst. Die eng anliegenden \u00c4rmel bleiben beim Erreichen des Balls an Ort und Stelle. Der V-Ausschnitt mit schmalem Stehkragen sowie die [&hellip;]<\/p>","protected":false},"featured_media":3634,"comment_status":"open","ping_status":"closed","template":"","meta":[],"product_brand":[],"product_cat":[170],"product_tag":[20,171,172,21,22,23,24],"class_list":{"0":"post-3594","1":"product","2":"type-product","3":"status-publish","4":"has-post-thumbnail","6":"product_cat-deutschland-trikots","7":"product_tag-coole-fussballtrikots","8":"product_tag-deutschland-torwarttrikot","9":"product_tag-deutschland-trikots","10":"product_tag-fussballtrikot-fuer-herren","11":"product_tag-fussballtrikot-guenstig-kaufen","12":"product_tag-fussballtrikot-kurzarm","13":"product_tag-guenstiges-fussballtrikot","15":"first","16":"instock","17":"shipping-taxable","18":"purchasable","19":"product-type-variable"},"_links":{"self":[{"href":"https:\/\/www.billigtrikotde.com\/hr\/wp-json\/wp\/v2\/product\/3594","targetHints":{"allow":["GET"]}}],"collection":[{"href":"https:\/\/www.billigtrikotde.com\/hr\/wp-json\/wp\/v2\/product"}],"about":[{"href":"https:\/\/www.billigtrikotde.com\/hr\/wp-json\/wp\/v2\/types\/product"}],"replies":[{"embeddable":true,"href":"https:\/\/www.billigtrikotde.com\/hr\/wp-json\/wp\/v2\/comments?post=3594"}],"wp:featuredmedia":[{"embeddable":true,"href":"https:\/\/www.billigtrikotde.com\/hr\/wp-json\/wp\/v2\/media\/3634"}],"wp:attachment":[{"href":"https:\/\/www.billigtrikotde.com\/hr\/wp-json\/wp\/v2\/media?parent=3594"}],"wp:term":[{"taxonomy":"product_brand","embeddable":true,"href":"https:\/\/www.billigtrikotde.com\/hr\/wp-json\/wp\/v2\/product_brand?post=3594"},{"taxonomy":"product_cat","embeddable":true,"href":"https:\/\/www.billigtrikotde.com\/hr\/wp-json\/wp\/v2\/product_cat?post=3594"},{"taxonomy":"product_tag","embeddable":true,"href":"https:\/\/www.billigtrikotde.com\/hr\/wp-json\/wp\/v2\/product_tag?post=3594"}],"curies":[{"name":"wp","href":"https:\/\/api.w.org\/{rel}","templated":true}]}}