{"id":3588,"date":"2024-10-23T15:09:50","date_gmt":"2024-10-23T13:09:50","guid":{"rendered":"http:\/\/billigtrikots.com\/?post_type=product&#038;p=3588"},"modified":"2025-06-09T04:42:51","modified_gmt":"2025-06-09T02:42:51","slug":"kindertrikot-fc-arsenal-afc-heimtrikot-2022-kinder-rot-weiss","status":"publish","type":"product","link":"https:\/\/www.billigtrikotde.com\/hr\/kindertrikot-fc-arsenal-afc-heimtrikot-2022-kinder-rot-weiss\/","title":{"rendered":"Dje\u010dji dres FC Arsenal AFC doma\u0107i dres 2022 dje\u010dji crveno\/bijeli"},"content":{"rendered":"<p>Bijeli uklopi i mornarsko plavi detalji? To odmah podsje\u0107a na eru u kojoj FC Arsenal prakti\u010dki nije mogao gubiti. Ovim adidasovim dresom za djecu i tinejd\u017eere slavi\u0161 zlatna vremena i pritom bude\u0161 posebno udoban. Sastavljen je od mekog materijala i dolazi s tehnologijom za apsorpciju vlage AEROREADY. Krzno klubov logo na prsima tako\u0111er pokazuje za koji klub ti srce kuca. Ovaj proizvod je Primegreen: proizveden s razli\u010ditim funkcionalnim recikliranim materijalima.<\/p>\n<p>Savjeti za ispis: Ako ime i broj na slici to\u010dno odgovaraju va\u0161im \u017eeljama, ne morate ih ponovno unositi. Ako ne, unesite \u017eeljeno ime i broj.<\/p>\n<p>Savjeti za pranje: Preporu\u010duje se ru\u010dno pranje nogometnih dresova. Ako \u017eelite koristiti perilicu, sjetite se okrenuti dresove naopako prije pranja. Napunite perilicu hladnom vodom i koristite program za osjetljive tkanine kako biste bolje za\u0161titili boje.<\/p>","protected":false},"excerpt":{"rendered":"<p>Wei\u00dfe Eins\u00e4tze und marineblaue Details? Das erinnert sofort an eine \u00c4ra, in der der FC Arsenal praktisch gar nicht verlieren konnte. Mit diesem adidas Fu\u00dfballtrikot f\u00fcr Kinder und Teens feierst du die goldenen Zeiten und hast es dabei besonders bequem. Es ist aus weichem Material und kommt mit feuchtigkeitsabsorbierender AEROREADY Technologie. Das gewebte Vereinslogo auf [&hellip;]<\/p>","protected":false},"featured_media":3622,"comment_status":"open","ping_status":"closed","template":"","meta":[],"product_brand":[],"product_cat":[167],"product_tag":[20,56,57,168,94],"class_list":{"0":"post-3588","1":"product","2":"type-product","3":"status-publish","4":"has-post-thumbnail","6":"product_cat-arsenal-kindertrikot","7":"product_tag-coole-fussballtrikots","8":"product_tag-fc-arsenal-heimtrikot","9":"product_tag-fc-arsenal-trikots","10":"product_tag-fc-arsenal-trikotsatz-fuer-kinder","11":"product_tag-kinder-fussball-trikotsatz","13":"first","14":"instock","15":"shipping-taxable","16":"purchasable","17":"product-type-variable"},"_links":{"self":[{"href":"https:\/\/www.billigtrikotde.com\/hr\/wp-json\/wp\/v2\/product\/3588","targetHints":{"allow":["GET"]}}],"collection":[{"href":"https:\/\/www.billigtrikotde.com\/hr\/wp-json\/wp\/v2\/product"}],"about":[{"href":"https:\/\/www.billigtrikotde.com\/hr\/wp-json\/wp\/v2\/types\/product"}],"replies":[{"embeddable":true,"href":"https:\/\/www.billigtrikotde.com\/hr\/wp-json\/wp\/v2\/comments?post=3588"}],"wp:featuredmedia":[{"embeddable":true,"href":"https:\/\/www.billigtrikotde.com\/hr\/wp-json\/wp\/v2\/media\/3622"}],"wp:attachment":[{"href":"https:\/\/www.billigtrikotde.com\/hr\/wp-json\/wp\/v2\/media?parent=3588"}],"wp:term":[{"taxonomy":"product_brand","embeddable":true,"href":"https:\/\/www.billigtrikotde.com\/hr\/wp-json\/wp\/v2\/product_brand?post=3588"},{"taxonomy":"product_cat","embeddable":true,"href":"https:\/\/www.billigtrikotde.com\/hr\/wp-json\/wp\/v2\/product_cat?post=3588"},{"taxonomy":"product_tag","embeddable":true,"href":"https:\/\/www.billigtrikotde.com\/hr\/wp-json\/wp\/v2\/product_tag?post=3588"}],"curies":[{"name":"wp","href":"https:\/\/api.w.org\/{rel}","templated":true}]}}