{"id":3557,"date":"2024-10-23T15:08:17","date_gmt":"2024-10-23T13:08:17","guid":{"rendered":"http:\/\/billigtrikots.com\/?post_type=product&#038;p=3557"},"modified":"2025-06-09T04:42:53","modified_gmt":"2025-06-09T02:42:53","slug":"fc-arsenal-heimtrikot-2021-2022-fuer-kinder-weiss-rot-mit-odegaard-8-aufdruck","status":"publish","type":"product","link":"https:\/\/www.billigtrikotde.com\/hr\/fc-arsenal-heimtrikot-2021-2022-fuer-kinder-weiss-rot-mit-odegaard-8-aufdruck\/","title":{"rendered":"FC Arsenal doma\u0107i dres 2021\/2022 za djecu bijelo-crveni s \u00d8degaard 8"},"content":{"rendered":"<p>Das neue Arsenal Heim Trikot von adidas kommt in typischer rot-wei\u00dfer Heimfarbe und ist mit stolzen Teamdetails, wie dem originalen Clublogo geschm\u00fcckt. Au\u00dferdem f\u00fcgen sich das adidas Logo, sowie Sponsorenbrandings passend ein und machen das Trikot komplett.<\/p>\n<p>Gefertigt aus feuchtigkeitsableitendem Aeroready Material, bietet dir das neue Arsenal Kinder Trikot einen trockenen, k\u00fchlen Tragekomfort. Zudem besteht das Home Jersey aus 100% recycelten Polyesterfasern (Primegreen), was es nicht nur formstabil und langlebig macht, sondern auch nachhaltig! Etwas weiter geschnitten als das Spielertrikot, sorgt es zudem f\u00fcr eine erstklassige Passform und beste Bewegungsfreiheit in alle Richtungen.<\/p>\n<p>Als echter Fan musst du das adidas FC Arsenal Kinder Heim Trikot 2021\/22 unbedingt haben! Hole es dir gleich heute noch!<\/p>\n<p>Savjeti za ispis: Ako ime i broj na slici to\u010dno odgovaraju va\u0161im \u017eeljama, ne morate ih ponovno unositi. Ako ne, unesite \u017eeljeno ime i broj.<\/p>\n<p>Savjeti za pranje: Preporu\u010duje se ru\u010dno pranje nogometnih dresova. Ako \u017eelite koristiti perilicu, sjetite se okrenuti dresove naopako prije pranja. Napunite perilicu hladnom vodom i koristite program za osjetljive tkanine kako biste bolje za\u0161titili boje.<\/p>","protected":false},"excerpt":{"rendered":"<p>Novi doma\u0107i dres Arsenala od adidas dolazi u tipi\u010dnoj crveno-bijeloj boji doma\u0107eg dresa i ukra\u0161en je ponosnim detaljima mom\u010dadi, poput originalnog klupskog logotipa. Osim toga, adidas logo i sponzorski brendovi savr\u0161eno se uklapaju i \u010dine dres potpunim. Izra\u0111en od materijala Aeroready koji odvodi vlagu, novi dje\u010dji dres Arsenala pru\u017ea suho\u0107u i svje\u017einu tijekom no\u0161enja. Tako\u0111er, [\u2026]<\/p>","protected":false},"featured_media":3597,"comment_status":"open","ping_status":"closed","template":"","meta":[],"product_brand":[],"product_cat":[167],"product_tag":[20,56,57,168,94],"class_list":{"0":"post-3557","1":"product","2":"type-product","3":"status-publish","4":"has-post-thumbnail","6":"product_cat-arsenal-kindertrikot","7":"product_tag-coole-fussballtrikots","8":"product_tag-fc-arsenal-heimtrikot","9":"product_tag-fc-arsenal-trikots","10":"product_tag-fc-arsenal-trikotsatz-fuer-kinder","11":"product_tag-kinder-fussball-trikotsatz","13":"first","14":"instock","15":"shipping-taxable","16":"purchasable","17":"product-type-variable"},"_links":{"self":[{"href":"https:\/\/www.billigtrikotde.com\/hr\/wp-json\/wp\/v2\/product\/3557","targetHints":{"allow":["GET"]}}],"collection":[{"href":"https:\/\/www.billigtrikotde.com\/hr\/wp-json\/wp\/v2\/product"}],"about":[{"href":"https:\/\/www.billigtrikotde.com\/hr\/wp-json\/wp\/v2\/types\/product"}],"replies":[{"embeddable":true,"href":"https:\/\/www.billigtrikotde.com\/hr\/wp-json\/wp\/v2\/comments?post=3557"}],"wp:featuredmedia":[{"embeddable":true,"href":"https:\/\/www.billigtrikotde.com\/hr\/wp-json\/wp\/v2\/media\/3597"}],"wp:attachment":[{"href":"https:\/\/www.billigtrikotde.com\/hr\/wp-json\/wp\/v2\/media?parent=3557"}],"wp:term":[{"taxonomy":"product_brand","embeddable":true,"href":"https:\/\/www.billigtrikotde.com\/hr\/wp-json\/wp\/v2\/product_brand?post=3557"},{"taxonomy":"product_cat","embeddable":true,"href":"https:\/\/www.billigtrikotde.com\/hr\/wp-json\/wp\/v2\/product_cat?post=3557"},{"taxonomy":"product_tag","embeddable":true,"href":"https:\/\/www.billigtrikotde.com\/hr\/wp-json\/wp\/v2\/product_tag?post=3557"}],"curies":[{"name":"wp","href":"https:\/\/api.w.org\/{rel}","templated":true}]}}