{"id":3511,"date":"2024-10-23T15:06:01","date_gmt":"2024-10-23T13:06:01","guid":{"rendered":"http:\/\/billigtrikots.com\/?post_type=product&#038;p=3511"},"modified":"2024-10-23T15:08:39","modified_gmt":"2024-10-23T13:08:39","slug":"kinder-fussball-trikotsatz-arsenal-fc-auswaerts-2021-22-gelb-mit-aufdruck-odegaard-11","status":"publish","type":"product","link":"https:\/\/www.billigtrikotde.com\/hr\/kinder-fussball-trikotsatz-arsenal-fc-auswaerts-2021-22-gelb-mit-aufdruck-odegaard-11\/","title":{"rendered":"Dje\u010dji nogometni komplet dresova Arsenal FC gostuju\u0107i 2021\/22 \u017dut s natpisom \u00d8DEGAARD 11"},"content":{"rendered":"<p>Od osvajanja Dubla 1971. godine do legendarnog osvajanja titule 1989. \u2013 neki od najve\u0107ih uspjeha FC Arsenala postignuti su u \u017eutoj boji. Nije iznena\u0111enje \u0161to ovu boju vra\u0107amo u igru na ovom gostuju\u0107em dresu u dje\u010djoj verziji, uklju\u010duju\u0107i tkanu grafiku kanona za savr\u0161en retro klubovski stil. Mekani materijal i tehnologija AEROREADY koja upija vlagu jam\u010de ugodan suh osje\u0107aj no\u0161enja. Ovaj proizvod je Primegreen: proizveden od razli\u010ditih funkcionalnih recikliranih materijala.<\/p>\n<p>Savjeti za ispis: Ako ime i broj na slici to\u010dno odgovaraju va\u0161im \u017eeljama, ne morate ih ponovno unositi. Ako ne, unesite \u017eeljeno ime i broj.<\/p>\n<p>Savjeti za pranje: Preporu\u010duje se ru\u010dno pranje nogometnih dresova. Ako \u017eelite koristiti perilicu, sjetite se okrenuti dresove naopako prije pranja. Napunite perilicu hladnom vodom i koristite program za osjetljive tkanine kako biste bolje za\u0161titili boje.<\/p>","protected":false},"excerpt":{"rendered":"<p>Vom Gewinn des Doubles im Jahr 1971 bis zum legend\u00e4ren Titelgewinn 1989 \u2013 einige der gr\u00f6\u00dften Erfolge des FC Arsenal wurden in Gelb eingefahren. Kein Wunder, dass wir diese Farbe bei diesem Ausw\u00e4rtstrikot in der Version f\u00fcr Kinder wieder ins Spiel bringen, inklusive gewebter Kanonengrafik f\u00fcr den perfekten Retro-Vereinsstyle. Das weiche Material und die feuchtigkeitsabsorbierende [&hellip;]<\/p>","protected":false},"featured_media":3549,"comment_status":"open","ping_status":"closed","template":"","meta":[],"product_brand":[],"product_cat":[167],"product_tag":[20,58,57,168,94],"class_list":{"0":"post-3511","1":"product","2":"type-product","3":"status-publish","4":"has-post-thumbnail","6":"product_cat-arsenal-kindertrikot","7":"product_tag-coole-fussballtrikots","8":"product_tag-fc-arsenal-auswaertstrikot","9":"product_tag-fc-arsenal-trikots","10":"product_tag-fc-arsenal-trikotsatz-fuer-kinder","11":"product_tag-kinder-fussball-trikotsatz","13":"first","14":"instock","15":"shipping-taxable","16":"purchasable","17":"product-type-variable"},"_links":{"self":[{"href":"https:\/\/www.billigtrikotde.com\/hr\/wp-json\/wp\/v2\/product\/3511","targetHints":{"allow":["GET"]}}],"collection":[{"href":"https:\/\/www.billigtrikotde.com\/hr\/wp-json\/wp\/v2\/product"}],"about":[{"href":"https:\/\/www.billigtrikotde.com\/hr\/wp-json\/wp\/v2\/types\/product"}],"replies":[{"embeddable":true,"href":"https:\/\/www.billigtrikotde.com\/hr\/wp-json\/wp\/v2\/comments?post=3511"}],"wp:featuredmedia":[{"embeddable":true,"href":"https:\/\/www.billigtrikotde.com\/hr\/wp-json\/wp\/v2\/media\/3549"}],"wp:attachment":[{"href":"https:\/\/www.billigtrikotde.com\/hr\/wp-json\/wp\/v2\/media?parent=3511"}],"wp:term":[{"taxonomy":"product_brand","embeddable":true,"href":"https:\/\/www.billigtrikotde.com\/hr\/wp-json\/wp\/v2\/product_brand?post=3511"},{"taxonomy":"product_cat","embeddable":true,"href":"https:\/\/www.billigtrikotde.com\/hr\/wp-json\/wp\/v2\/product_cat?post=3511"},{"taxonomy":"product_tag","embeddable":true,"href":"https:\/\/www.billigtrikotde.com\/hr\/wp-json\/wp\/v2\/product_tag?post=3511"}],"curies":[{"name":"wp","href":"https:\/\/api.w.org\/{rel}","templated":true}]}}