{"id":3493,"date":"2024-10-23T15:05:20","date_gmt":"2024-10-23T13:05:20","guid":{"rendered":"http:\/\/billigtrikots.com\/?post_type=product&#038;p=3493"},"modified":"2025-10-16T16:04:45","modified_gmt":"2025-10-16T14:04:45","slug":"kinder-real-madrid-2021-22-heimtrikot-weiss-blau-mit-aufdruck-odriozola-19","status":"publish","type":"product","link":"https:\/\/www.billigtrikotde.com\/hr\/kinder-real-madrid-2021-22-heimtrikot-weiss-blau-mit-aufdruck-odriozola-19\/","title":{"rendered":"Dje\u010dji Real Madrid 2021\/22 doma\u0107i dres bijeli plavi s natpisom Odriozola 19"},"content":{"rendered":"<p>Doma\u0107i dres Real Madrid za sezonu 2021\/22 od adidas Performance prikazuje se u a\u017euriranom dizajnu, inspiriranom Plaza de Cibelesom \u2013 mjestom gdje Real Madrid slavi svoje naslove zajedno s navija\u010dima. Zahvaljuju\u0107i vrhunskoj funkcionalnoj opremi, dres je prikladan za sport i slobodno vrijeme s ugodnim osje\u0107ajem suho\u0107e tijekom no\u0161enja [...]<\/p>\n<p>Savjeti za ispis: Ako ime i broj na slici to\u010dno odgovaraju va\u0161im \u017eeljama, ne morate ih ponovno unositi. Ako ne, unesite \u017eeljeno ime i broj.<\/p>\n<p>Savjeti za pranje: Preporu\u010duje se ru\u010dno pranje nogometnih dresova. Ako \u017eelite koristiti perilicu, sjetite se okrenuti dresove naopako prije pranja. Napunite perilicu hladnom vodom i koristite program za osjetljive tkanine kako biste bolje za\u0161titili boje.<\/p>","protected":false},"excerpt":{"rendered":"<p>Doma\u0107i dres Real Madrid za sezonu 2021\/22 od adidas Performance prikazuje se u a\u017euriranom dizajnu, inspiriranom Plaza de Cibelesom \u2013 mjestom gdje Real Madrid slavi svoje naslove zajedno s navija\u010dima. Zahvaljuju\u0107i vrhunskoj funkcionalnoj opremi, dres je prikladan za sport i slobodno vrijeme s ugodnim osje\u0107ajem suho\u0107e tijekom no\u0161enja [...]<\/p>","protected":false},"featured_media":3533,"comment_status":"open","ping_status":"closed","template":"","meta":[],"product_brand":[],"product_cat":[165],"product_tag":[20,21,22,23,24,94,46,47,166],"class_list":{"0":"post-3493","1":"product","2":"type-product","3":"status-publish","4":"has-post-thumbnail","6":"product_cat-real-madrid-kindertrikot","7":"product_tag-coole-fussballtrikots","8":"product_tag-fussballtrikot-fuer-herren","9":"product_tag-fussballtrikot-guenstig-kaufen","10":"product_tag-fussballtrikot-kurzarm","11":"product_tag-guenstiges-fussballtrikot","12":"product_tag-kinder-fussball-trikotsatz","13":"product_tag-real-madrid-heimtrikot","14":"product_tag-real-madrid-trikots","15":"product_tag-real-madrid-trikotsatz-fuer-kinder","17":"first","18":"instock","19":"shipping-taxable","20":"purchasable","21":"product-type-variable"},"_links":{"self":[{"href":"https:\/\/www.billigtrikotde.com\/hr\/wp-json\/wp\/v2\/product\/3493","targetHints":{"allow":["GET"]}}],"collection":[{"href":"https:\/\/www.billigtrikotde.com\/hr\/wp-json\/wp\/v2\/product"}],"about":[{"href":"https:\/\/www.billigtrikotde.com\/hr\/wp-json\/wp\/v2\/types\/product"}],"replies":[{"embeddable":true,"href":"https:\/\/www.billigtrikotde.com\/hr\/wp-json\/wp\/v2\/comments?post=3493"}],"wp:featuredmedia":[{"embeddable":true,"href":"https:\/\/www.billigtrikotde.com\/hr\/wp-json\/wp\/v2\/media\/3533"}],"wp:attachment":[{"href":"https:\/\/www.billigtrikotde.com\/hr\/wp-json\/wp\/v2\/media?parent=3493"}],"wp:term":[{"taxonomy":"product_brand","embeddable":true,"href":"https:\/\/www.billigtrikotde.com\/hr\/wp-json\/wp\/v2\/product_brand?post=3493"},{"taxonomy":"product_cat","embeddable":true,"href":"https:\/\/www.billigtrikotde.com\/hr\/wp-json\/wp\/v2\/product_cat?post=3493"},{"taxonomy":"product_tag","embeddable":true,"href":"https:\/\/www.billigtrikotde.com\/hr\/wp-json\/wp\/v2\/product_tag?post=3493"}],"curies":[{"name":"wp","href":"https:\/\/api.w.org\/{rel}","templated":true}]}}