{"id":3448,"date":"2024-10-23T15:02:57","date_gmt":"2024-10-23T13:02:57","guid":{"rendered":"http:\/\/billigtrikots.com\/?post_type=product&#038;p=3448"},"modified":"2025-10-16T16:04:53","modified_gmt":"2025-10-16T14:04:53","slug":"real-madrid-2021-22-heimtrikot-kinder-junior-weiss-blau-mit-aufdruck-carvajal-2","status":"publish","type":"product","link":"https:\/\/www.billigtrikotde.com\/hr\/real-madrid-2021-22-heimtrikot-kinder-junior-weiss-blau-mit-aufdruck-carvajal-2\/","title":{"rendered":"Real Madrid 2021\/22 doma\u0107i dres za djecu junior bijelo plavi sa natpisom Carvajal 2"},"content":{"rendered":"<p>Pobjede i uspjehe mom\u010dad prikazuje na terenu. Slavi se na Plaza de Cibeles pred navija\u010dima koji vri\u0161te od odu\u0161evljenja. Nije \u010dudo \u0161to je ovaj adidas Real Madrid dres u verziji za djecu i tinejd\u017eere s kru\u017enim i spiralnim uzorkom inspiriran tim mjestom i njegovim fontanama. Dizajn za navija\u010de izra\u0111en je od mekanog materijala s tehnologijom apsorpcije vlage AEROREADY i jam\u010di ugodan osje\u0107aj suho\u0107e i udobnosti pri no\u0161enju. Dres za navija\u010de za slavlje. Tkani klub logo Real Madrid. Okrugli izrez s rebrastim rubom. Rebrasti man\u0161ete. Apsorbira vlagu. Redovni kroj. Ovaj proizvod je Primegreen: proizveden s razli\u010ditim funkcionalnim recikliranim materijalima. Materijal: 100% poliester.<\/p>\n<p>Savjeti za ispis: Ako ime i broj na slici to\u010dno odgovaraju va\u0161im \u017eeljama, ne morate ih ponovno unositi. Ako ne, unesite \u017eeljeno ime i broj.<\/p>\n<p>Savjeti za pranje: Preporu\u010duje se ru\u010dno pranje nogometnih dresova. Ako \u017eelite koristiti perilicu, sjetite se okrenuti dresove naopako prije pranja. Napunite perilicu hladnom vodom i koristite program za osjetljive tkanine kako biste bolje za\u0161titili boje.<\/p>","protected":false},"excerpt":{"rendered":"<p>Pobjede i uspjehe mom\u010dad ostvaruje na terenu. Slavi se na Plaza de Cibeles pred navija\u010dima koji vri\u0161te od odu\u0161evljenja. Nije ni \u010dudo \u0161to je ovaj adidas dres Real Madrid u verziji za djecu i tinejd\u017eere s kru\u017enim i spiralnim uzorkom inspiriran tim mjestom i njegovim fontanama. Dizajn za navija\u010de [\u2026]<\/p>","protected":false},"featured_media":3489,"comment_status":"open","ping_status":"closed","template":"","meta":[],"product_brand":[],"product_cat":[165],"product_tag":[20,21,22,23,24,94,46,47,166],"class_list":{"0":"post-3448","1":"product","2":"type-product","3":"status-publish","4":"has-post-thumbnail","6":"product_cat-real-madrid-kindertrikot","7":"product_tag-coole-fussballtrikots","8":"product_tag-fussballtrikot-fuer-herren","9":"product_tag-fussballtrikot-guenstig-kaufen","10":"product_tag-fussballtrikot-kurzarm","11":"product_tag-guenstiges-fussballtrikot","12":"product_tag-kinder-fussball-trikotsatz","13":"product_tag-real-madrid-heimtrikot","14":"product_tag-real-madrid-trikots","15":"product_tag-real-madrid-trikotsatz-fuer-kinder","17":"first","18":"instock","19":"shipping-taxable","20":"purchasable","21":"product-type-variable"},"_links":{"self":[{"href":"https:\/\/www.billigtrikotde.com\/hr\/wp-json\/wp\/v2\/product\/3448","targetHints":{"allow":["GET"]}}],"collection":[{"href":"https:\/\/www.billigtrikotde.com\/hr\/wp-json\/wp\/v2\/product"}],"about":[{"href":"https:\/\/www.billigtrikotde.com\/hr\/wp-json\/wp\/v2\/types\/product"}],"replies":[{"embeddable":true,"href":"https:\/\/www.billigtrikotde.com\/hr\/wp-json\/wp\/v2\/comments?post=3448"}],"wp:featuredmedia":[{"embeddable":true,"href":"https:\/\/www.billigtrikotde.com\/hr\/wp-json\/wp\/v2\/media\/3489"}],"wp:attachment":[{"href":"https:\/\/www.billigtrikotde.com\/hr\/wp-json\/wp\/v2\/media?parent=3448"}],"wp:term":[{"taxonomy":"product_brand","embeddable":true,"href":"https:\/\/www.billigtrikotde.com\/hr\/wp-json\/wp\/v2\/product_brand?post=3448"},{"taxonomy":"product_cat","embeddable":true,"href":"https:\/\/www.billigtrikotde.com\/hr\/wp-json\/wp\/v2\/product_cat?post=3448"},{"taxonomy":"product_tag","embeddable":true,"href":"https:\/\/www.billigtrikotde.com\/hr\/wp-json\/wp\/v2\/product_tag?post=3448"}],"curies":[{"name":"wp","href":"https:\/\/api.w.org\/{rel}","templated":true}]}}