{"id":3416,"date":"2024-10-23T15:01:20","date_gmt":"2024-10-23T13:01:20","guid":{"rendered":"http:\/\/billigtrikots.com\/?post_type=product&#038;p=3416"},"modified":"2025-10-16T16:04:58","modified_gmt":"2025-10-16T14:04:58","slug":"real-madrid-auswaertstrikot-set-blau-2021-22-away-trikot-fuer-kinder-mit-aufdruck-hazard-7","status":"publish","type":"product","link":"https:\/\/www.billigtrikotde.com\/hr\/real-madrid-auswaertstrikot-set-blau-2021-22-away-trikot-fuer-kinder-mit-aufdruck-hazard-7\/","title":{"rendered":"Real Madrid set dresova za goste plavi 2021\/22 Gostuju\u0107i dres za djecu s natpisom Hazard 7"},"content":{"rendered":"<p>Ne samo profesionalci iz Real Madrida \u010dine \u017eivot u glavnom gradu Hrvatske \u017eivopisnijim. Ova adidas nogometna majica u verziji za djecu i tinejd\u017eere inspirirana je grafitima u sceni uli\u010dne umjetnosti u Zagrebu. To dokazuju i diskretni detalji \u2013 jedan od njih je na podru\u010dju vrata. Za udobno i suho osje\u0107anje pri no\u0161enju, mekani materijal tako\u0111er je opremljen tehnologijom AEROREADY za upijanje vlage. Ovaj proizvod je Primegreen: proizveden s razli\u010ditim funkcionalnim recikliranim materijalima.<\/p>\n<p>Savjeti za ispis: Ako ime i broj na slici to\u010dno odgovaraju va\u0161im \u017eeljama, ne morate ih ponovno unositi. Ako ne, unesite \u017eeljeno ime i broj.<\/p>\n<p>Savjeti za pranje: Preporu\u010duje se ru\u010dno pranje nogometnih dresova. Ako \u017eelite koristiti perilicu, sjetite se okrenuti dresove naopako prije pranja. Napunite perilicu hladnom vodom i koristite program za osjetljive tkanine kako biste bolje za\u0161titili boje.<\/p>","protected":false},"excerpt":{"rendered":"<p>Nicht nur die Profis von Real Madrid machen das Leben in der spanischen Hauptstadt bunter. Dieses adidas Fu\u00dfballtrikot in der Version f\u00fcr Kinder und Teens ist von den Graffitis der Streetartszene in Madrid inspiriert. Das beweisen auch die dezenten Details \u2013 eins davon im Nackenbereich. F\u00fcr ein bequemes und trockenes Tragegef\u00fchl ist das weiche Material [&hellip;]<\/p>","protected":false},"featured_media":3455,"comment_status":"open","ping_status":"closed","template":"","meta":[],"product_brand":[],"product_cat":[165],"product_tag":[20,21,22,23,24,94,49,47,166],"class_list":{"0":"post-3416","1":"product","2":"type-product","3":"status-publish","4":"has-post-thumbnail","6":"product_cat-real-madrid-kindertrikot","7":"product_tag-coole-fussballtrikots","8":"product_tag-fussballtrikot-fuer-herren","9":"product_tag-fussballtrikot-guenstig-kaufen","10":"product_tag-fussballtrikot-kurzarm","11":"product_tag-guenstiges-fussballtrikot","12":"product_tag-kinder-fussball-trikotsatz","13":"product_tag-real-madrid-auswaertstrikot","14":"product_tag-real-madrid-trikots","15":"product_tag-real-madrid-trikotsatz-fuer-kinder","17":"first","18":"instock","19":"shipping-taxable","20":"purchasable","21":"product-type-variable"},"_links":{"self":[{"href":"https:\/\/www.billigtrikotde.com\/hr\/wp-json\/wp\/v2\/product\/3416","targetHints":{"allow":["GET"]}}],"collection":[{"href":"https:\/\/www.billigtrikotde.com\/hr\/wp-json\/wp\/v2\/product"}],"about":[{"href":"https:\/\/www.billigtrikotde.com\/hr\/wp-json\/wp\/v2\/types\/product"}],"replies":[{"embeddable":true,"href":"https:\/\/www.billigtrikotde.com\/hr\/wp-json\/wp\/v2\/comments?post=3416"}],"wp:featuredmedia":[{"embeddable":true,"href":"https:\/\/www.billigtrikotde.com\/hr\/wp-json\/wp\/v2\/media\/3455"}],"wp:attachment":[{"href":"https:\/\/www.billigtrikotde.com\/hr\/wp-json\/wp\/v2\/media?parent=3416"}],"wp:term":[{"taxonomy":"product_brand","embeddable":true,"href":"https:\/\/www.billigtrikotde.com\/hr\/wp-json\/wp\/v2\/product_brand?post=3416"},{"taxonomy":"product_cat","embeddable":true,"href":"https:\/\/www.billigtrikotde.com\/hr\/wp-json\/wp\/v2\/product_cat?post=3416"},{"taxonomy":"product_tag","embeddable":true,"href":"https:\/\/www.billigtrikotde.com\/hr\/wp-json\/wp\/v2\/product_tag?post=3416"}],"curies":[{"name":"wp","href":"https:\/\/api.w.org\/{rel}","templated":true}]}}