{"id":3402,"date":"2024-10-23T15:00:43","date_gmt":"2024-10-23T13:00:43","guid":{"rendered":"http:\/\/billigtrikots.com\/?post_type=product&#038;p=3402"},"modified":"2024-10-23T15:02:50","modified_gmt":"2024-10-23T13:02:50","slug":"fc-chelsea-fussball-trikot-away-2021-22-fuer-kinder-in-gelb","status":"publish","type":"product","link":"https:\/\/www.billigtrikotde.com\/hr\/fc-chelsea-fussball-trikot-away-2021-22-fuer-kinder-in-gelb\/","title":{"rendered":"FC Chelsea nogometni dres gostuju\u0107i 2021\/22 za djecu u \u017eutoj boji"},"content":{"rendered":"<p>Podr\u017eite FC Chelsea u sezoni 2021\/2022 i poka\u017eite svoj ponos na slu\u017ebenoj Nike replika gostuju\u0107oj majici. Autenti\u010dni dizajn gostuju\u0107e majice za djecu temelji se na utakmicarskim dresovima profesionalaca. Lagani funkcionalni materijal s Dri-FIT tehnologijom posebno je prozra\u010dan i pru\u017ea osje\u0107aj svje\u017eine. Grb kluba na prsima pokazuje va\u0161u strast prema timu, bilo na terenu ili na ulici.<\/p>\n<p>Savjeti za ispis: Ako ime i broj na slici to\u010dno odgovaraju va\u0161im \u017eeljama, ne morate ih ponovno unositi. Ako ne, unesite \u017eeljeno ime i broj.<\/p>\n<p>Savjeti za pranje: Preporu\u010duje se ru\u010dno pranje nogometnih dresova. Ako \u017eelite koristiti perilicu, sjetite se okrenuti dresove naopako prije pranja. Napunite perilicu hladnom vodom i koristite program za osjetljive tkanine kako biste bolje za\u0161titili boje.<\/p>","protected":false},"excerpt":{"rendered":"<p>Podr\u017eite FC Chelsea u sezoni 2021\/2022 i poka\u017eite svoj ponos na slu\u017ebenom Nike Replica gostuju\u0107em dresu. Autenti\u010dni dizajn gostuju\u0107eg dresa za djecu temelji se na utakmicama profesionalaca. Lagani funkcionalni materijal s Dri-FIT tehnologijom posebno je prozra\u010dan i pru\u017ea osje\u0107aj svje\u017eine. Grb kluba na prsima pokazuje va\u0161u strast prema svom [...]<\/p>","protected":false},"featured_media":3442,"comment_status":"open","ping_status":"closed","template":"","meta":[],"product_brand":[],"product_cat":[162],"product_tag":[20,76,73,163,21,22,23,24,94],"class_list":{"0":"post-3402","1":"product","2":"type-product","3":"status-publish","4":"has-post-thumbnail","6":"product_cat-chelsea-kindertrikot","7":"product_tag-coole-fussballtrikots","8":"product_tag-chelsea-auswaertstrikot","9":"product_tag-chelsea-trikots","10":"product_tag-chelsea-trikotsatz-fuer-kinder","11":"product_tag-fussballtrikot-fuer-herren","12":"product_tag-fussballtrikot-guenstig-kaufen","13":"product_tag-fussballtrikot-kurzarm","14":"product_tag-guenstiges-fussballtrikot","15":"product_tag-kinder-fussball-trikotsatz","17":"first","18":"instock","19":"shipping-taxable","20":"purchasable","21":"product-type-variable"},"_links":{"self":[{"href":"https:\/\/www.billigtrikotde.com\/hr\/wp-json\/wp\/v2\/product\/3402","targetHints":{"allow":["GET"]}}],"collection":[{"href":"https:\/\/www.billigtrikotde.com\/hr\/wp-json\/wp\/v2\/product"}],"about":[{"href":"https:\/\/www.billigtrikotde.com\/hr\/wp-json\/wp\/v2\/types\/product"}],"replies":[{"embeddable":true,"href":"https:\/\/www.billigtrikotde.com\/hr\/wp-json\/wp\/v2\/comments?post=3402"}],"wp:featuredmedia":[{"embeddable":true,"href":"https:\/\/www.billigtrikotde.com\/hr\/wp-json\/wp\/v2\/media\/3442"}],"wp:attachment":[{"href":"https:\/\/www.billigtrikotde.com\/hr\/wp-json\/wp\/v2\/media?parent=3402"}],"wp:term":[{"taxonomy":"product_brand","embeddable":true,"href":"https:\/\/www.billigtrikotde.com\/hr\/wp-json\/wp\/v2\/product_brand?post=3402"},{"taxonomy":"product_cat","embeddable":true,"href":"https:\/\/www.billigtrikotde.com\/hr\/wp-json\/wp\/v2\/product_cat?post=3402"},{"taxonomy":"product_tag","embeddable":true,"href":"https:\/\/www.billigtrikotde.com\/hr\/wp-json\/wp\/v2\/product_tag?post=3402"}],"curies":[{"name":"wp","href":"https:\/\/api.w.org\/{rel}","templated":true}]}}