{"id":3312,"date":"2024-10-23T14:56:19","date_gmt":"2024-10-23T12:56:19","guid":{"rendered":"http:\/\/billigtrikots.com\/?post_type=product&#038;p=3312"},"modified":"2024-10-23T14:58:22","modified_gmt":"2024-10-23T12:58:22","slug":"paris-saint-germain-psg-heimtrikot-2021-22-fuer-kinder-in-blau-mit-aufdruck-mbappe-7","status":"publish","type":"product","link":"https:\/\/www.billigtrikotde.com\/hr\/paris-saint-germain-psg-heimtrikot-2021-22-fuer-kinder-in-blau-mit-aufdruck-mbappe-7\/","title":{"rendered":"Paris Saint Germain PSG doma\u0107a majica 2021\/22 za djecu u plavoj boji s printom Mbapp\u00e9 7"},"content":{"rendered":"<p>Mladi navija\u010di pokazuju pripadnost svom klubu s udobnim modelom u plavoj boji. Nike dje\u010dja majica je savr\u0161en izbor. Voli svoju mom\u010dad \u2013 s doma\u0107im dresom Paris Saint-Germain, koji nose \u010dak i igra\u010di u Ligue 1, pokazuje\u0161 za koga ti srce kuca. Preporu\u010dujemo ovaj udoban, prozra\u010dan, odvode\u0107i znoj i lagan model s ugodnim osje\u0107ajem pri no\u0161enju. Tako mo\u017ee\u0161 svima pokazati da si najbolji na terenu. Kod ovog dresa mo\u017ee\u0161 vizualno ra\u010dunati na grb kluba na prsima.<\/p>\n<p>Savjeti za ispis: Ako ime i broj na slici to\u010dno odgovaraju va\u0161im \u017eeljama, ne morate ih ponovno unositi. Ako ne, unesite \u017eeljeno ime i broj.<\/p>\n<p>Savjeti za pranje: Preporu\u010duje se ru\u010dno pranje nogometnih dresova. Ako \u017eelite koristiti perilicu, sjetite se okrenuti dresove naopako prije pranja. Napunite perilicu hladnom vodom i koristite program za osjetljive tkanine kako biste bolje za\u0161titili boje.<\/p>","protected":false},"excerpt":{"rendered":"<p>Mladi navija\u010di pokazuju pripadnost svom klubu s udobnim modelom u plavoj boji. Nike dje\u010dja majica je savr\u0161en izbor. Volite svoju mom\u010dad \u2013 s doma\u0107im dresom Paris Saint-Germain, koji nose \u010dak i igra\u010di u Ligue 1, pokazujete za koga vam je srce. Preporu\u010dujemo ovaj udoban, prozra\u010dan, odvode\u0107i znoj [...]<\/p>","protected":false},"featured_media":3351,"comment_status":"open","ping_status":"closed","template":"","meta":[],"product_brand":[],"product_cat":[160],"product_tag":[20,21,22,23,24,94,161,41,159],"class_list":{"0":"post-3312","1":"product","2":"type-product","3":"status-publish","4":"has-post-thumbnail","6":"product_cat-paris-saint-germain-kindertrikot","7":"product_tag-coole-fussballtrikots","8":"product_tag-fussballtrikot-fuer-herren","9":"product_tag-fussballtrikot-guenstig-kaufen","10":"product_tag-fussballtrikot-kurzarm","11":"product_tag-guenstiges-fussballtrikot","12":"product_tag-kinder-fussball-trikotsatz","13":"product_tag-paris-saint-germain-heimtrikot","14":"product_tag-paris-saint-germain-trikots","15":"product_tag-psg-trikotsatz-fuer-kinder","17":"first","18":"instock","19":"shipping-taxable","20":"purchasable","21":"product-type-variable"},"_links":{"self":[{"href":"https:\/\/www.billigtrikotde.com\/hr\/wp-json\/wp\/v2\/product\/3312","targetHints":{"allow":["GET"]}}],"collection":[{"href":"https:\/\/www.billigtrikotde.com\/hr\/wp-json\/wp\/v2\/product"}],"about":[{"href":"https:\/\/www.billigtrikotde.com\/hr\/wp-json\/wp\/v2\/types\/product"}],"replies":[{"embeddable":true,"href":"https:\/\/www.billigtrikotde.com\/hr\/wp-json\/wp\/v2\/comments?post=3312"}],"wp:featuredmedia":[{"embeddable":true,"href":"https:\/\/www.billigtrikotde.com\/hr\/wp-json\/wp\/v2\/media\/3351"}],"wp:attachment":[{"href":"https:\/\/www.billigtrikotde.com\/hr\/wp-json\/wp\/v2\/media?parent=3312"}],"wp:term":[{"taxonomy":"product_brand","embeddable":true,"href":"https:\/\/www.billigtrikotde.com\/hr\/wp-json\/wp\/v2\/product_brand?post=3312"},{"taxonomy":"product_cat","embeddable":true,"href":"https:\/\/www.billigtrikotde.com\/hr\/wp-json\/wp\/v2\/product_cat?post=3312"},{"taxonomy":"product_tag","embeddable":true,"href":"https:\/\/www.billigtrikotde.com\/hr\/wp-json\/wp\/v2\/product_tag?post=3312"}],"curies":[{"name":"wp","href":"https:\/\/api.w.org\/{rel}","templated":true}]}}