{"id":331,"date":"2024-10-23T12:14:29","date_gmt":"2024-10-23T10:14:29","guid":{"rendered":"http:\/\/billigtrikots.com\/?post_type=product&#038;p=331"},"modified":"2024-10-23T12:16:54","modified_gmt":"2024-10-23T10:16:54","slug":"fc-barcelona-21-22-herren-heimtrikot-blau-rot-mit-ter-stegen-1-individualdruck-gelb","status":"publish","type":"product","link":"https:\/\/www.billigtrikotde.com\/hr\/fc-barcelona-21-22-herren-heimtrikot-blau-rot-mit-ter-stegen-1-individualdruck-gelb\/","title":{"rendered":"FC Barcelona 21\/22 mu\u0161ka doma\u0107a majica plavo\/crvena s Ter Stegen 1 individualni tisak \u017euti"},"content":{"rendered":"<p>Ovdje dolazi Nike FC Barcelona mu\u0161ko doma\u0107e dres 2021\/22 i s njim klasi\u010dni dizajn u novom izgledu. Uhvati odmah i nabavi dres koji \u0107e te u\u010diniti da se osje\u0107a\u0161 vrlo blizu svojim idolima!<\/p>\n<p>S novim dresom u originalnom izgledu svojih heroja Messija, Su\u00e1reza, Demb\u00e9lija i ostalih, odaje\u0161 punu po\u010dast svojoj omiljenoj mom\u010dadi. Dres se isti\u010de u tradicionalnim doma\u0107im bojama s slu\u017ebenim detaljima kluba. Tako odmah na prvi pogled pokazuje\u0161 za koji tim srce kuca. Naravno, ne smije nedostajati ni legendarni Nike Swoosh, koji u odgovaraju\u0107oj kontrastnoj boji pru\u017ea dodatnu vizualnu privla\u010dnost.<\/p>\n<p>Ali ne samo dizajn je na vrhuncu. Redovni kroj je ne\u0161to \u0161iri od igra\u010dkog dresa. Tako ti Stadium dres pru\u017ea vrhunski udobnost pri no\u0161enju, kao i apsolutnu slobodu kretanja za uvijek savr\u0161eno performanse. Svojstvo odvodnje znoja Dri-Fit pru\u017ea ti tako\u0111er vrhunski komfor i dr\u017ei te suhim \u010dak i u turbulentnim situacijama \u2013 bilo da je rije\u010d o navija\u010dkom veselju ili vlastitom treningu.<\/p>\n<p>Zato ne \u010dekaj vi\u0161e i odmah naru\u010di! Nike FC Barcelona mu\u0161ki doma\u0107i dres 2021\/22 ne smije\u0161 propustiti kao pravi navija\u010d! S njim uvijek pokazuje\u0161 svoje priznanje i ponos prema svojoj mom\u010dadi!<\/p>\n<p>Savjeti za ispis: Ako ime i broj na slici to\u010dno odgovaraju va\u0161im \u017eeljama, ne morate ih ponovno unositi. Ako ne, unesite \u017eeljeno ime i broj.<\/p>\n<p>Savjeti za pranje: Preporu\u010duje se ru\u010dno pranje nogometnih dresova. Ako \u017eelite koristiti perilicu, sjetite se okrenuti dresove naopako prije pranja. Napunite perilicu hladnom vodom i koristite program za osjetljive tkanine kako biste bolje za\u0161titili boje.<\/p>","protected":false},"excerpt":{"rendered":"<p>Hier kommt das Nike FC Barcelona Herren Heim Trikot 2021\/22 und mit ihm ein klassisches Design im neuen Look. Greif gleich zu und hol dir das Trikot, das dich deinen Idolen ganz nah sein l\u00e4sst! Mit dem neuen Trikot im Original Look deiner Helden Messi, Su\u00e1rez, Demb\u00e9l\u00e9 und Co, zollst du deiner Lieblingself vollen Tribut. [&hellip;]<\/p>","protected":false},"featured_media":388,"comment_status":"open","ping_status":"closed","template":"","meta":[],"product_brand":[],"product_cat":[31],"product_tag":[32,20,33,21,22,23,24],"class_list":{"0":"post-331","1":"product","2":"type-product","3":"status-publish","4":"has-post-thumbnail","6":"product_cat-fc-barcelona","7":"product_tag-barcelona-heimtrikot","8":"product_tag-coole-fussballtrikots","9":"product_tag-fc-barcelona-trikots","10":"product_tag-fussballtrikot-fuer-herren","11":"product_tag-fussballtrikot-guenstig-kaufen","12":"product_tag-fussballtrikot-kurzarm","13":"product_tag-guenstiges-fussballtrikot","15":"first","16":"instock","17":"shipping-taxable","18":"purchasable","19":"product-type-variable"},"_links":{"self":[{"href":"https:\/\/www.billigtrikotde.com\/hr\/wp-json\/wp\/v2\/product\/331","targetHints":{"allow":["GET"]}}],"collection":[{"href":"https:\/\/www.billigtrikotde.com\/hr\/wp-json\/wp\/v2\/product"}],"about":[{"href":"https:\/\/www.billigtrikotde.com\/hr\/wp-json\/wp\/v2\/types\/product"}],"replies":[{"embeddable":true,"href":"https:\/\/www.billigtrikotde.com\/hr\/wp-json\/wp\/v2\/comments?post=331"}],"wp:featuredmedia":[{"embeddable":true,"href":"https:\/\/www.billigtrikotde.com\/hr\/wp-json\/wp\/v2\/media\/388"}],"wp:attachment":[{"href":"https:\/\/www.billigtrikotde.com\/hr\/wp-json\/wp\/v2\/media?parent=331"}],"wp:term":[{"taxonomy":"product_brand","embeddable":true,"href":"https:\/\/www.billigtrikotde.com\/hr\/wp-json\/wp\/v2\/product_brand?post=331"},{"taxonomy":"product_cat","embeddable":true,"href":"https:\/\/www.billigtrikotde.com\/hr\/wp-json\/wp\/v2\/product_cat?post=331"},{"taxonomy":"product_tag","embeddable":true,"href":"https:\/\/www.billigtrikotde.com\/hr\/wp-json\/wp\/v2\/product_tag?post=331"}],"curies":[{"name":"wp","href":"https:\/\/api.w.org\/{rel}","templated":true}]}}