{"id":3285,"date":"2024-10-23T14:55:06","date_gmt":"2024-10-23T12:55:06","guid":{"rendered":"http:\/\/billigtrikots.com\/?post_type=product&#038;p=3285"},"modified":"2024-10-23T14:57:20","modified_gmt":"2024-10-23T12:57:20","slug":"atletico-de-madrid-heimtrikot-in-rot-2021-2022-fuer-kinder-mit-aufdruck-m-llorente-14","status":"publish","type":"product","link":"https:\/\/www.billigtrikotde.com\/hr\/atletico-de-madrid-heimtrikot-in-rot-2021-2022-fuer-kinder-mit-aufdruck-m-llorente-14\/","title":{"rendered":"Atl\u00e9tico de Madrid ku\u0107ni dres u crvenom 2021\/2022 za djecu s tiskom M.Llorente 14"},"content":{"rendered":"<p>S laganim modelom u crvenoj boji, \u010dak i najmla\u0111i navija\u010di pokazuju svoju naklonost prema svom omiljenom klubu. Nike dje\u010dja majica je pravi izbor. Za prave navija\u010de Atletica Madrid, must-have: doma\u0107i dres u originalnom dizajnu, kakav nose igra\u010di u Primera Division. Izuzetno udobna, prozra\u010dna, lagana i s funkcijom odvodnje znoja, uvjerit \u0107e vas. Opremljeni ovom majicom, pokazujete svoj timski duh i uvijek izgledate sportski.<\/p>\n<p>Savjeti za ispis: Ako ime i broj na slici to\u010dno odgovaraju va\u0161im \u017eeljama, ne morate ih ponovno unositi. Ako ne, unesite \u017eeljeno ime i broj.<\/p>\n<p>Savjeti za pranje: Preporu\u010duje se ru\u010dno pranje nogometnih dresova. Ako \u017eelite koristiti perilicu, sjetite se okrenuti dresove naopako prije pranja. Napunite perilicu hladnom vodom i koristite program za osjetljive tkanine kako biste bolje za\u0161titili boje.<\/p>","protected":false},"excerpt":{"rendered":"<p>S laganim modelom u crvenoj boji, \u010dak i najmla\u0111i navija\u010di pokazuju svoju naklonost prema svom omiljenom klubu. Nike dje\u010dja majica je pravi izbor. Za prave navija\u010de Atletica Madrid, must-have: doma\u0107i dres u originalnom dizajnu, kakav nose igra\u010di u Primera Division. Izuzetno udobna, prozra\u010dna, lagana i s funkcijom odvodnje znoja, uvjerit \u0107e vas. S ovim [\u2026]<\/p>","protected":false},"featured_media":3327,"comment_status":"open","ping_status":"closed","template":"","meta":[],"product_brand":[],"product_cat":[157],"product_tag":[89,90,158,20,21,22,23,24,94],"class_list":{"0":"post-3285","1":"product","2":"type-product","3":"status-publish","4":"has-post-thumbnail","6":"product_cat-atletico-madrid-kindertrikot","7":"product_tag-atletico-madrid-heimtrikot","8":"product_tag-atletico-madrid-trikots","9":"product_tag-atletico-madrid-trikotsatz-fuer-kinder","10":"product_tag-coole-fussballtrikots","11":"product_tag-fussballtrikot-fuer-herren","12":"product_tag-fussballtrikot-guenstig-kaufen","13":"product_tag-fussballtrikot-kurzarm","14":"product_tag-guenstiges-fussballtrikot","15":"product_tag-kinder-fussball-trikotsatz","17":"first","18":"instock","19":"shipping-taxable","20":"purchasable","21":"product-type-variable"},"_links":{"self":[{"href":"https:\/\/www.billigtrikotde.com\/hr\/wp-json\/wp\/v2\/product\/3285","targetHints":{"allow":["GET"]}}],"collection":[{"href":"https:\/\/www.billigtrikotde.com\/hr\/wp-json\/wp\/v2\/product"}],"about":[{"href":"https:\/\/www.billigtrikotde.com\/hr\/wp-json\/wp\/v2\/types\/product"}],"replies":[{"embeddable":true,"href":"https:\/\/www.billigtrikotde.com\/hr\/wp-json\/wp\/v2\/comments?post=3285"}],"wp:featuredmedia":[{"embeddable":true,"href":"https:\/\/www.billigtrikotde.com\/hr\/wp-json\/wp\/v2\/media\/3327"}],"wp:attachment":[{"href":"https:\/\/www.billigtrikotde.com\/hr\/wp-json\/wp\/v2\/media?parent=3285"}],"wp:term":[{"taxonomy":"product_brand","embeddable":true,"href":"https:\/\/www.billigtrikotde.com\/hr\/wp-json\/wp\/v2\/product_brand?post=3285"},{"taxonomy":"product_cat","embeddable":true,"href":"https:\/\/www.billigtrikotde.com\/hr\/wp-json\/wp\/v2\/product_cat?post=3285"},{"taxonomy":"product_tag","embeddable":true,"href":"https:\/\/www.billigtrikotde.com\/hr\/wp-json\/wp\/v2\/product_tag?post=3285"}],"curies":[{"name":"wp","href":"https:\/\/api.w.org\/{rel}","templated":true}]}}