{"id":3254,"date":"2024-10-23T14:53:29","date_gmt":"2024-10-23T12:53:29","guid":{"rendered":"http:\/\/billigtrikots.com\/?post_type=product&#038;p=3254"},"modified":"2024-10-23T14:56:09","modified_gmt":"2024-10-23T12:56:09","slug":"fussball-trikot-liverpool-fc-2021-22-stadium-trikot-home-fuer-kinder-alexander-arnold-66","status":"publish","type":"product","link":"https:\/\/www.billigtrikotde.com\/hr\/fussball-trikot-liverpool-fc-2021-22-stadium-trikot-home-fuer-kinder-alexander-arnold-66\/","title":{"rendered":"Nogometni dres Liverpool FC 2021\/22 Stadium dres ku\u0107i za djecu Alexander-Arnold 66"},"content":{"rendered":"<p>Podr\u017eite FC Liverpool u sezoni 2021\/2022 i poka\u017eite svoj ponos u slu\u017ebenom Nike replika doma\u0107em dresu. Autenti\u010dni dizajn doma\u0107eg dresa za djecu temelji se na utakmicama profesionalaca. Funkcionalni materijal s recikliranim Dri-FIT tehnologijom, koji je 100% recikliran, posebno je prozra\u010dan i pru\u017ea osje\u0107aj svje\u017eine. Grb kluba na prsima pokazuje va\u0161u strast za tim, bilo na terenu ili na ulici.<\/p>\n<p>Savjeti za ispis: Ako ime i broj na slici to\u010dno odgovaraju va\u0161im \u017eeljama, ne morate ih ponovno unositi. Ako ne, unesite \u017eeljeno ime i broj.<\/p>\n<p>Savjeti za pranje: Preporu\u010duje se ru\u010dno pranje nogometnih dresova. Ako \u017eelite koristiti perilicu, sjetite se okrenuti dresove naopako prije pranja. Napunite perilicu hladnom vodom i koristite program za osjetljive tkanine kako biste bolje za\u0161titili boje.<\/p>","protected":false},"excerpt":{"rendered":"<p>Podr\u017eite FC Liverpool u sezoni 2021\/2022 i poka\u017eite svoj ponos u slu\u017ebenom Nike replika doma\u0107em dresu. Autenti\u010dni dizajn doma\u0107eg dresa za djecu temelji se na utakmicama profesionalaca. Funkcionalni materijal s recikla\u017eom od 100% TPU tehnologije Dri-FIT posebno je prozra\u010dan i pru\u017ea osje\u0107aj svje\u017eine. Grb kluba na prsima prikazuje va\u0161 [\u2026]<\/p>","protected":false},"featured_media":3293,"comment_status":"open","ping_status":"closed","template":"","meta":[],"product_brand":[],"product_cat":[151],"product_tag":[20,21,22,23,24,94,152,153,154],"class_list":{"0":"post-3254","1":"product","2":"type-product","3":"status-publish","4":"has-post-thumbnail","6":"product_cat-liverpool-kindertrikot","7":"product_tag-coole-fussballtrikots","8":"product_tag-fussballtrikot-fuer-herren","9":"product_tag-fussballtrikot-guenstig-kaufen","10":"product_tag-fussballtrikot-kurzarm","11":"product_tag-guenstiges-fussballtrikot","12":"product_tag-kinder-fussball-trikotsatz","13":"product_tag-liverpool-heimtrikot","14":"product_tag-liverpool-trikots","15":"product_tag-liverpool-trikotsatz-fuer-kinder","17":"first","18":"instock","19":"shipping-taxable","20":"purchasable","21":"product-type-variable"},"_links":{"self":[{"href":"https:\/\/www.billigtrikotde.com\/hr\/wp-json\/wp\/v2\/product\/3254","targetHints":{"allow":["GET"]}}],"collection":[{"href":"https:\/\/www.billigtrikotde.com\/hr\/wp-json\/wp\/v2\/product"}],"about":[{"href":"https:\/\/www.billigtrikotde.com\/hr\/wp-json\/wp\/v2\/types\/product"}],"replies":[{"embeddable":true,"href":"https:\/\/www.billigtrikotde.com\/hr\/wp-json\/wp\/v2\/comments?post=3254"}],"wp:featuredmedia":[{"embeddable":true,"href":"https:\/\/www.billigtrikotde.com\/hr\/wp-json\/wp\/v2\/media\/3293"}],"wp:attachment":[{"href":"https:\/\/www.billigtrikotde.com\/hr\/wp-json\/wp\/v2\/media?parent=3254"}],"wp:term":[{"taxonomy":"product_brand","embeddable":true,"href":"https:\/\/www.billigtrikotde.com\/hr\/wp-json\/wp\/v2\/product_brand?post=3254"},{"taxonomy":"product_cat","embeddable":true,"href":"https:\/\/www.billigtrikotde.com\/hr\/wp-json\/wp\/v2\/product_cat?post=3254"},{"taxonomy":"product_tag","embeddable":true,"href":"https:\/\/www.billigtrikotde.com\/hr\/wp-json\/wp\/v2\/product_tag?post=3254"}],"curies":[{"name":"wp","href":"https:\/\/api.w.org\/{rel}","templated":true}]}}