{"id":3240,"date":"2024-10-23T14:52:54","date_gmt":"2024-10-23T12:52:54","guid":{"rendered":"http:\/\/billigtrikots.com\/?post_type=product&#038;p=3240"},"modified":"2024-10-23T14:55:00","modified_gmt":"2024-10-23T12:55:00","slug":"fussball-trikot-liverpool-fc-2021-22-heimtrikot-rot-fuer-kinder-mit-aufdruck-firmino-9","status":"publish","type":"product","link":"https:\/\/www.billigtrikotde.com\/hr\/fussball-trikot-liverpool-fc-2021-22-heimtrikot-rot-fuer-kinder-mit-aufdruck-firmino-9\/","title":{"rendered":"Nogometni dres Liverpool FC 2021\/22 Glavni dres crvene boje za djecu s ispisom FIRMINO 9"},"content":{"rendered":"<p>S super udobnim modelom u crvenoj boji, \u010dak i najmla\u0111i navija\u010di pokazuju svoju naklonost prema svom omiljenom klubu. Marka Nike lansira jedinstveni proizvod na tr\u017ei\u0161te s dje\u010djom majicom. Svaki pravi navija\u010d FC Liverpoola treba ovaj doma\u0107i dres, jer ga i igra\u010di nose u Premier ligi. Ovaj model koji odvodi znoj, super udoban, prozra\u010dan i lagan, uvjerljivo impresionira. Vizualno se isti\u010de s grbom kluba na prsima. S ovim sportskim topom mo\u017eete postati jo\u0161 u\u010dinkovitiji i se pripremiti za sljede\u0107u utakmicu.<\/p>\n<p>Savjeti za ispis: Ako ime i broj na slici to\u010dno odgovaraju va\u0161im \u017eeljama, ne morate ih ponovno unositi. Ako ne, unesite \u017eeljeno ime i broj.<\/p>\n<p>Savjeti za pranje: Preporu\u010duje se ru\u010dno pranje nogometnih dresova. Ako \u017eelite koristiti perilicu, sjetite se okrenuti dresove naopako prije pranja. Napunite perilicu hladnom vodom i koristite program za osjetljive tkanine kako biste bolje za\u0161titili boje.<\/p>","protected":false},"excerpt":{"rendered":"<p>S udobnim modelom u crvenoj boji, \u010dak i najmla\u0111i navija\u010di pokazuju svoju naklonost prema svom omiljenom klubu. Marka Nike lansira jedinstveni proizvod na tr\u017ei\u0161te s dje\u010djim dresom. Svaki pravi navija\u010d FC Liverpoola treba ovaj doma\u0107i dres, jer ga i igra\u010di nose u Premier ligi. Ovaj brzo upijaju\u0107i, super udoban, prozra\u010dan i lagan model [...]<\/p>","protected":false},"featured_media":3280,"comment_status":"open","ping_status":"closed","template":"","meta":[],"product_brand":[],"product_cat":[151],"product_tag":[20,21,22,23,24,94,152,153,154],"class_list":{"0":"post-3240","1":"product","2":"type-product","3":"status-publish","4":"has-post-thumbnail","6":"product_cat-liverpool-kindertrikot","7":"product_tag-coole-fussballtrikots","8":"product_tag-fussballtrikot-fuer-herren","9":"product_tag-fussballtrikot-guenstig-kaufen","10":"product_tag-fussballtrikot-kurzarm","11":"product_tag-guenstiges-fussballtrikot","12":"product_tag-kinder-fussball-trikotsatz","13":"product_tag-liverpool-heimtrikot","14":"product_tag-liverpool-trikots","15":"product_tag-liverpool-trikotsatz-fuer-kinder","17":"first","18":"instock","19":"shipping-taxable","20":"purchasable","21":"product-type-variable"},"_links":{"self":[{"href":"https:\/\/www.billigtrikotde.com\/hr\/wp-json\/wp\/v2\/product\/3240","targetHints":{"allow":["GET"]}}],"collection":[{"href":"https:\/\/www.billigtrikotde.com\/hr\/wp-json\/wp\/v2\/product"}],"about":[{"href":"https:\/\/www.billigtrikotde.com\/hr\/wp-json\/wp\/v2\/types\/product"}],"replies":[{"embeddable":true,"href":"https:\/\/www.billigtrikotde.com\/hr\/wp-json\/wp\/v2\/comments?post=3240"}],"wp:featuredmedia":[{"embeddable":true,"href":"https:\/\/www.billigtrikotde.com\/hr\/wp-json\/wp\/v2\/media\/3280"}],"wp:attachment":[{"href":"https:\/\/www.billigtrikotde.com\/hr\/wp-json\/wp\/v2\/media?parent=3240"}],"wp:term":[{"taxonomy":"product_brand","embeddable":true,"href":"https:\/\/www.billigtrikotde.com\/hr\/wp-json\/wp\/v2\/product_brand?post=3240"},{"taxonomy":"product_cat","embeddable":true,"href":"https:\/\/www.billigtrikotde.com\/hr\/wp-json\/wp\/v2\/product_cat?post=3240"},{"taxonomy":"product_tag","embeddable":true,"href":"https:\/\/www.billigtrikotde.com\/hr\/wp-json\/wp\/v2\/product_tag?post=3240"}],"curies":[{"name":"wp","href":"https:\/\/api.w.org\/{rel}","templated":true}]}}