{"id":3218,"date":"2024-10-23T14:51:52","date_gmt":"2024-10-23T12:51:52","guid":{"rendered":"http:\/\/billigtrikots.com\/?post_type=product&#038;p=3218"},"modified":"2024-10-23T14:53:52","modified_gmt":"2024-10-23T12:53:52","slug":"kinder-fc-liverpool-torwarttrikot-in-orange-mit-aufdruck-a-becker-1","status":"publish","type":"product","link":"https:\/\/www.billigtrikotde.com\/hr\/kinder-fc-liverpool-torwarttrikot-in-orange-mit-aufdruck-a-becker-1\/","title":{"rendered":"Dje\u010dji FC Liverpool vratarski dres u naran\u010dastoj boji s ispisom A.BECKER 1"},"content":{"rendered":"<p>Evo Nike majice u naran\u010dastoj boji koja ti poma\u017ee da podr\u017ei\u0161 svoj omiljeni klub u svakoj situaciji i poka\u017ee\u0161 za \u0161to se tvoje srce bori. Za prave navija\u010de FC Liverpoola obavezno: majica u originalnom dizajnu. Prozra\u010dna je, udobna i lagana. S ovom majicom bit \u0107e\u0161 spreman za svaku trening sesiju. Kod ovog dresa mo\u017ee\u0161 vizualno ra\u010dunati na grb kluba na prsima.<\/p>\n<p>Savjeti za ispis: Ako ime i broj na slici to\u010dno odgovaraju va\u0161im \u017eeljama, ne morate ih ponovno unositi. Ako ne, unesite \u017eeljeno ime i broj.<\/p>\n<p>Savjeti za pranje: Preporu\u010duje se ru\u010dno pranje nogometnih dresova. Ako \u017eelite koristiti perilicu, sjetite se okrenuti dresove naopako prije pranja. Napunite perilicu hladnom vodom i koristite program za osjetljive tkanine kako biste bolje za\u0161titili boje.<\/p>","protected":false},"excerpt":{"rendered":"<p>Evo Nike majice u naran\u010dastoj boji koja ti poma\u017ee da podr\u017ei\u0161 svoj omiljeni klub u svakoj situaciji i poka\u017ee\u0161 za \u0161to se bori\u0161. Za prave navija\u010de FC Liverpoola obavezno: majica u originalnom dizajnu. Prozra\u010dna je, udobna i lagana. S ovom majicom bit \u0107e\u0161 spreman za svaku trening sesiju. Ovaj dres mo\u017ee\u0161 [\u2026]<\/p>","protected":false},"featured_media":3258,"comment_status":"open","ping_status":"closed","template":"","meta":[],"product_brand":[],"product_cat":[151],"product_tag":[20,35,21,23,24,94,155,153,154],"class_list":{"0":"post-3218","1":"product","2":"type-product","3":"status-publish","4":"has-post-thumbnail","6":"product_cat-liverpool-kindertrikot","7":"product_tag-coole-fussballtrikots","8":"product_tag-fussball-torwarttrikots","9":"product_tag-fussballtrikot-fuer-herren","10":"product_tag-fussballtrikot-kurzarm","11":"product_tag-guenstiges-fussballtrikot","12":"product_tag-kinder-fussball-trikotsatz","13":"product_tag-liverpool-torwarttrikot","14":"product_tag-liverpool-trikots","15":"product_tag-liverpool-trikotsatz-fuer-kinder","17":"first","18":"instock","19":"shipping-taxable","20":"purchasable","21":"product-type-variable"},"_links":{"self":[{"href":"https:\/\/www.billigtrikotde.com\/hr\/wp-json\/wp\/v2\/product\/3218","targetHints":{"allow":["GET"]}}],"collection":[{"href":"https:\/\/www.billigtrikotde.com\/hr\/wp-json\/wp\/v2\/product"}],"about":[{"href":"https:\/\/www.billigtrikotde.com\/hr\/wp-json\/wp\/v2\/types\/product"}],"replies":[{"embeddable":true,"href":"https:\/\/www.billigtrikotde.com\/hr\/wp-json\/wp\/v2\/comments?post=3218"}],"wp:featuredmedia":[{"embeddable":true,"href":"https:\/\/www.billigtrikotde.com\/hr\/wp-json\/wp\/v2\/media\/3258"}],"wp:attachment":[{"href":"https:\/\/www.billigtrikotde.com\/hr\/wp-json\/wp\/v2\/media?parent=3218"}],"wp:term":[{"taxonomy":"product_brand","embeddable":true,"href":"https:\/\/www.billigtrikotde.com\/hr\/wp-json\/wp\/v2\/product_brand?post=3218"},{"taxonomy":"product_cat","embeddable":true,"href":"https:\/\/www.billigtrikotde.com\/hr\/wp-json\/wp\/v2\/product_cat?post=3218"},{"taxonomy":"product_tag","embeddable":true,"href":"https:\/\/www.billigtrikotde.com\/hr\/wp-json\/wp\/v2\/product_tag?post=3218"}],"curies":[{"name":"wp","href":"https:\/\/api.w.org\/{rel}","templated":true}]}}