{"id":3212,"date":"2024-10-23T14:51:47","date_gmt":"2024-10-23T12:51:47","guid":{"rendered":"http:\/\/billigtrikots.com\/?post_type=product&#038;p=3212"},"modified":"2024-10-23T14:53:50","modified_gmt":"2024-10-23T12:53:50","slug":"fc-liverpool-heimtrikot-2021-22-trikotsatz-langarm-in-rot-fuer-kinder-shaqiri-23","status":"publish","type":"product","link":"https:\/\/www.billigtrikotde.com\/hr\/fc-liverpool-heimtrikot-2021-22-trikotsatz-langarm-in-rot-fuer-kinder-shaqiri-23\/","title":{"rendered":"FC Liverpool Glavni dres 2021\/22 Set dresova s dugim rukavima u crvenoj boji za djecu SHAQIRI 23"},"content":{"rendered":"<p>Repr\u00e4sentiere dein Team mit dem Liverpool FC Stadium-Heimtrikot. Das \u00e4u\u00dferst atmungsaktive Material leitet den Schwei\u00df von der Haut ab und sorgt damit f\u00fcr k\u00fchlen Tragekomfort auf dem Spielfeld oder beim Anfeuern deines Teams auf der Trib\u00fcne. Dieses Produkt besteht zu 100% aus recyceltem Polyester. Besonders atmungsaktives Material mit Nike Dri-FIT-Technologie leitet Schwei\u00df von der Haut ab, damit er schneller verdunstet, und erm\u00f6glicht so trockenen Tragekomfort. Das authentische Design basiert auf den Spieltrikots der Profis. Standardpassform f\u00fcr ein relaxtes, unkompliziertes Tragegef\u00fchl. Material: 100% Polyester.<\/p>\n<p>Savjeti za ispis: Ako ime i broj na slici to\u010dno odgovaraju va\u0161im \u017eeljama, ne morate ih ponovno unositi. Ako ne, unesite \u017eeljeno ime i broj.<\/p>\n<p>Savjeti za pranje: Preporu\u010duje se ru\u010dno pranje nogometnih dresova. Ako \u017eelite koristiti perilicu, sjetite se okrenuti dresove naopako prije pranja. Napunite perilicu hladnom vodom i koristite program za osjetljive tkanine kako biste bolje za\u0161titili boje.<\/p>","protected":false},"excerpt":{"rendered":"<p>Predstavi svoj tim s Paris Saint-Germain stadionskim doma\u0107im dresom. Izuzetno prozra\u010dni materijal odvodi znoj od ko\u017ee i osigurava ugodan osje\u0107aj tijekom no\u0161enja na terenu ili pri navijanju za svoj tim na tribinama. Ovaj proizvod sastoji se od 100% recikliranog poliestera. Posebno prozra\u010dni materijal s Nike Dri-FIT tehnologijom odvodi znoj od ko\u017ee i pru\u017ea suho\u0107u i udobnost tijekom igre ili navijanja.<\/p>","protected":false},"featured_media":3246,"comment_status":"open","ping_status":"closed","template":"","meta":[],"product_brand":[],"product_cat":[151],"product_tag":[20,38,21,24,94,152,153,154],"class_list":{"0":"post-3212","1":"product","2":"type-product","3":"status-publish","4":"has-post-thumbnail","6":"product_cat-liverpool-kindertrikot","7":"product_tag-coole-fussballtrikots","8":"product_tag-fussball-trikot-langarm","9":"product_tag-fussballtrikot-fuer-herren","10":"product_tag-guenstiges-fussballtrikot","11":"product_tag-kinder-fussball-trikotsatz","12":"product_tag-liverpool-heimtrikot","13":"product_tag-liverpool-trikots","14":"product_tag-liverpool-trikotsatz-fuer-kinder","16":"first","17":"instock","18":"shipping-taxable","19":"purchasable","20":"product-type-variable"},"_links":{"self":[{"href":"https:\/\/www.billigtrikotde.com\/hr\/wp-json\/wp\/v2\/product\/3212","targetHints":{"allow":["GET"]}}],"collection":[{"href":"https:\/\/www.billigtrikotde.com\/hr\/wp-json\/wp\/v2\/product"}],"about":[{"href":"https:\/\/www.billigtrikotde.com\/hr\/wp-json\/wp\/v2\/types\/product"}],"replies":[{"embeddable":true,"href":"https:\/\/www.billigtrikotde.com\/hr\/wp-json\/wp\/v2\/comments?post=3212"}],"wp:featuredmedia":[{"embeddable":true,"href":"https:\/\/www.billigtrikotde.com\/hr\/wp-json\/wp\/v2\/media\/3246"}],"wp:attachment":[{"href":"https:\/\/www.billigtrikotde.com\/hr\/wp-json\/wp\/v2\/media?parent=3212"}],"wp:term":[{"taxonomy":"product_brand","embeddable":true,"href":"https:\/\/www.billigtrikotde.com\/hr\/wp-json\/wp\/v2\/product_brand?post=3212"},{"taxonomy":"product_cat","embeddable":true,"href":"https:\/\/www.billigtrikotde.com\/hr\/wp-json\/wp\/v2\/product_cat?post=3212"},{"taxonomy":"product_tag","embeddable":true,"href":"https:\/\/www.billigtrikotde.com\/hr\/wp-json\/wp\/v2\/product_tag?post=3212"}],"curies":[{"name":"wp","href":"https:\/\/api.w.org\/{rel}","templated":true}]}}