{"id":3165,"date":"2024-10-23T14:49:37","date_gmt":"2024-10-23T12:49:37","guid":{"rendered":"http:\/\/billigtrikots.com\/?post_type=product&#038;p=3165"},"modified":"2025-06-16T16:04:07","modified_gmt":"2025-06-16T14:04:07","slug":"kinder-fussball-trikot-juventus-turin-heimtrikot-2021-22-mit-aufdruck-del-piero-10","status":"publish","type":"product","link":"https:\/\/www.billigtrikotde.com\/hr\/kinder-fussball-trikot-juventus-turin-heimtrikot-2021-22-mit-aufdruck-del-piero-10\/","title":{"rendered":"Dje\u010dja nogometna majica Juventus Torino doma\u0107a majica 2021\/22 s natpisom Del Piero 10"},"content":{"rendered":"<p>adidas dje\u010dja doma\u0107a majica Juventus Torino 2021\/22. Posveta doma\u0107em stadionu. Ova majica za djecu i tinejd\u017eere slavi 10. godi\u0161njicu legendarne Allianz arene. Uo\u010dljive zvijezde zgrade nalaze se u dizajnu i daju klasi\u010dnom izgledu s crnim prugama poseban dodir. Mekani materijal i tehnologija AEROREADY za upijanje vlage osiguravaju ugodan osje\u0107aj suho\u0107e. Navija\u010dka majica s vrhunskim kvalitetama. Tiskan logo kluba Juventus Torino. Redovni kroj. Riblji V-izrez. Upija vlagu. Riblji man\u017eetni. Ovaj proizvod je Primegreen: proizveden s raznim funkcionalnim recikliranim materijalima. Materijal: 100% poliester.<\/p>\n<p>Savjeti za ispis: Ako ime i broj na slici to\u010dno odgovaraju va\u0161im \u017eeljama, ne morate ih ponovno unositi. Ako ne, unesite \u017eeljeno ime i broj.<\/p>\n<p>Savjeti za pranje: Preporu\u010duje se ru\u010dno pranje nogometnih dresova. Ako \u017eelite koristiti perilicu, sjetite se okrenuti dresove naopako prije pranja. Napunite perilicu hladnom vodom i koristite program za osjetljive tkanine kako biste bolje za\u0161titili boje.<\/p>","protected":false},"excerpt":{"rendered":"<p>adidas dje\u010dji Juventus Torino doma\u0107i dres 2021\/22. Posveta doma\u0107em stadionu. Ovaj dres za djecu i tinejd\u017eere slavi 10. obljetnicu legendarne Allianz arene. Uo\u010dljive zvijezde zgrade nalaze se u dizajnu i daju klasi\u010dnom izgledu s crnim prugama poseban dodir. Mekani materijal i materijal koji upija vlagu [\u2026]<\/p>","protected":false},"featured_media":3207,"comment_status":"open","ping_status":"closed","template":"","meta":[],"product_brand":[],"product_cat":[148],"product_tag":[20,60,61,149,94],"class_list":{"0":"post-3165","1":"product","2":"type-product","3":"status-publish","4":"has-post-thumbnail","6":"product_cat-juventus-kindertrikot","7":"product_tag-coole-fussballtrikots","8":"product_tag-juventus-heimtrikot","9":"product_tag-juventus-trikots","10":"product_tag-juventus-trikotsatz-fuer-kinder","11":"product_tag-kinder-fussball-trikotsatz","13":"first","14":"instock","15":"shipping-taxable","16":"purchasable","17":"product-type-variable"},"_links":{"self":[{"href":"https:\/\/www.billigtrikotde.com\/hr\/wp-json\/wp\/v2\/product\/3165","targetHints":{"allow":["GET"]}}],"collection":[{"href":"https:\/\/www.billigtrikotde.com\/hr\/wp-json\/wp\/v2\/product"}],"about":[{"href":"https:\/\/www.billigtrikotde.com\/hr\/wp-json\/wp\/v2\/types\/product"}],"replies":[{"embeddable":true,"href":"https:\/\/www.billigtrikotde.com\/hr\/wp-json\/wp\/v2\/comments?post=3165"}],"wp:featuredmedia":[{"embeddable":true,"href":"https:\/\/www.billigtrikotde.com\/hr\/wp-json\/wp\/v2\/media\/3207"}],"wp:attachment":[{"href":"https:\/\/www.billigtrikotde.com\/hr\/wp-json\/wp\/v2\/media?parent=3165"}],"wp:term":[{"taxonomy":"product_brand","embeddable":true,"href":"https:\/\/www.billigtrikotde.com\/hr\/wp-json\/wp\/v2\/product_brand?post=3165"},{"taxonomy":"product_cat","embeddable":true,"href":"https:\/\/www.billigtrikotde.com\/hr\/wp-json\/wp\/v2\/product_cat?post=3165"},{"taxonomy":"product_tag","embeddable":true,"href":"https:\/\/www.billigtrikotde.com\/hr\/wp-json\/wp\/v2\/product_tag?post=3165"}],"curies":[{"name":"wp","href":"https:\/\/api.w.org\/{rel}","templated":true}]}}