{"id":3139,"date":"2024-10-23T14:48:26","date_gmt":"2024-10-23T12:48:26","guid":{"rendered":"http:\/\/billigtrikots.com\/?post_type=product&#038;p=3139"},"modified":"2025-06-16T16:04:08","modified_gmt":"2025-06-16T14:04:08","slug":"juventus-turin-trikot-away-2021-22-fuer-kinder-schwarz-mit-aufdruck-de-ligt-4","status":"publish","type":"product","link":"https:\/\/www.billigtrikotde.com\/hr\/juventus-turin-trikot-away-2021-22-fuer-kinder-schwarz-mit-aufdruck-de-ligt-4\/","title":{"rendered":"Juventus Torino gostuju\u0107a majica 2021\/22 za djecu crna s natpisom De Ligt 4"},"content":{"rendered":"<p>Poka\u017ei svoj timski ponos i podr\u017ei Juventus Torino u sezoni 2021\/2022 u slu\u017ebenoj adidas gostuju\u0107oj majici. Verzija za navija\u010de za djecu izgleda kao model koji nose profesionalci Juve na terenu. Dizajn s \u0161arenim detaljima i tri pruge s prijelaznim bojama inspiriran je energi\u010dnom elektri\u010dnom scenom Torina. Odr\u017eivi materijal Primegreen sastoji se od recikliranog poliestera i zahvaljuju\u0107i tehnologiji AEROREADY za odvod vlage pru\u017ea ugodan osje\u0107aj suho\u0107e. Autenti\u010dni detalji tima poput grba kluba na prsima potvr\u0111uju tvoju povezanost s 'Starom damom'.<\/p>\n<p>Savjeti za ispis: Ako ime i broj na slici to\u010dno odgovaraju va\u0161im \u017eeljama, ne morate ih ponovno unositi. Ako ne, unesite \u017eeljeno ime i broj.<\/p>\n<p>Savjeti za pranje: Preporu\u010duje se ru\u010dno pranje nogometnih dresova. Ako \u017eelite koristiti perilicu, sjetite se okrenuti dresove naopako prije pranja. Napunite perilicu hladnom vodom i koristite program za osjetljive tkanine kako biste bolje za\u0161titili boje.<\/p>","protected":false},"excerpt":{"rendered":"<p>Zeige deinen Teamstolz und unterst\u00fctze Juventus Turin in der Saison 2021\/2022 im offiziellen adidas Ausw\u00e4rtstrikot. Die Fan-Version des Away Jerseys f\u00fcr Kinder sieht aus wie das Modell, das die Juve-Profis auf dem Platz tragen. Das Design mit bunten Details und den 3-Streifen mit Farbverlauf ist von der energiegeladenen Elektro-Szene Turins inspiriert. Das nachhaltige Primegreen-Material besteht [&hellip;]<\/p>","protected":false},"featured_media":3173,"comment_status":"open","ping_status":"closed","template":"","meta":[],"product_brand":[],"product_cat":[148],"product_tag":[20,150,61,149,94],"class_list":{"0":"post-3139","1":"product","2":"type-product","3":"status-publish","4":"has-post-thumbnail","6":"product_cat-juventus-kindertrikot","7":"product_tag-coole-fussballtrikots","8":"product_tag-juventus-auswaertstrikot","9":"product_tag-juventus-trikots","10":"product_tag-juventus-trikotsatz-fuer-kinder","11":"product_tag-kinder-fussball-trikotsatz","13":"first","14":"instock","15":"shipping-taxable","16":"purchasable","17":"product-type-variable"},"_links":{"self":[{"href":"https:\/\/www.billigtrikotde.com\/hr\/wp-json\/wp\/v2\/product\/3139","targetHints":{"allow":["GET"]}}],"collection":[{"href":"https:\/\/www.billigtrikotde.com\/hr\/wp-json\/wp\/v2\/product"}],"about":[{"href":"https:\/\/www.billigtrikotde.com\/hr\/wp-json\/wp\/v2\/types\/product"}],"replies":[{"embeddable":true,"href":"https:\/\/www.billigtrikotde.com\/hr\/wp-json\/wp\/v2\/comments?post=3139"}],"wp:featuredmedia":[{"embeddable":true,"href":"https:\/\/www.billigtrikotde.com\/hr\/wp-json\/wp\/v2\/media\/3173"}],"wp:attachment":[{"href":"https:\/\/www.billigtrikotde.com\/hr\/wp-json\/wp\/v2\/media?parent=3139"}],"wp:term":[{"taxonomy":"product_brand","embeddable":true,"href":"https:\/\/www.billigtrikotde.com\/hr\/wp-json\/wp\/v2\/product_brand?post=3139"},{"taxonomy":"product_cat","embeddable":true,"href":"https:\/\/www.billigtrikotde.com\/hr\/wp-json\/wp\/v2\/product_cat?post=3139"},{"taxonomy":"product_tag","embeddable":true,"href":"https:\/\/www.billigtrikotde.com\/hr\/wp-json\/wp\/v2\/product_tag?post=3139"}],"curies":[{"name":"wp","href":"https:\/\/api.w.org\/{rel}","templated":true}]}}