{"id":313,"date":"2024-10-23T12:13:54","date_gmt":"2024-10-23T10:13:54","guid":{"rendered":"http:\/\/billigtrikots.com\/?post_type=product&#038;p=313"},"modified":"2024-10-23T12:15:55","modified_gmt":"2024-10-23T10:15:55","slug":"fc-barcelona-2021-22-auswaertstrikot-lila-gelb-mit-aufdruck-roberto-20","status":"publish","type":"product","link":"https:\/\/www.billigtrikotde.com\/hr\/fc-barcelona-2021-22-auswaertstrikot-lila-gelb-mit-aufdruck-roberto-20\/","title":{"rendered":"FC Barcelona 2021\/22 gostuju\u0107i dres ljubi\u010dasto\/\u017euto s natpisom ROBERTO 20"},"content":{"rendered":"<p>Kao i ostale majice iz na\u0161e kolekcije stadion, majica FC Barcelona kombinira imitacije dizajnerskih detalja s materijalom koji odvodi znoj, pru\u017eaju\u0107i ti izgled spreman za igru, inspiriran tvojom omiljenom mom\u010dadi.<\/p>\n<p>Nike Dri-FIT tehnologija odvodi znoj s ko\u017ee radi br\u017ee isparavanja i poma\u017ee ti ostati suh i udoban.<\/p>\n<p>Savjeti za ispis: Ako ime i broj na slici to\u010dno odgovaraju va\u0161im \u017eeljama, ne morate ih ponovno unositi. Ako ne, unesite \u017eeljeno ime i broj.<\/p>\n<p>Savjeti za pranje: Preporu\u010duje se ru\u010dno pranje nogometnih dresova. Ako \u017eelite koristiti perilicu, sjetite se okrenuti dresove naopako prije pranja. Napunite perilicu hladnom vodom i koristite program za osjetljive tkanine kako biste bolje za\u0161titili boje.<\/p>","protected":false},"excerpt":{"rendered":"<p>Kao i ostale majice iz na\u0161e kolekcije stadion, majica FC Barcelona kombinira imitacije dizajnerskih detalja s materijalom koji odvodi znoj, pru\u017eaju\u0107i ti izgled spreman za igru, inspiriran tvojom omiljenom mom\u010dadi. Nike Dri-FIT tehnologija odvodi znoj br\u017ee isparavanjem s tvoje ko\u017ee i poma\u017ee ti ostati suh i udoban. Savjeti za tiskanje: Ako je [\u2026]<\/p>","protected":false},"featured_media":361,"comment_status":"open","ping_status":"closed","template":"","meta":[],"product_brand":[],"product_cat":[31],"product_tag":[36,20,33,21,22,23,24],"class_list":{"0":"post-313","1":"product","2":"type-product","3":"status-publish","4":"has-post-thumbnail","6":"product_cat-fc-barcelona","7":"product_tag-barcelona-auswaertstrikot","8":"product_tag-coole-fussballtrikots","9":"product_tag-fc-barcelona-trikots","10":"product_tag-fussballtrikot-fuer-herren","11":"product_tag-fussballtrikot-guenstig-kaufen","12":"product_tag-fussballtrikot-kurzarm","13":"product_tag-guenstiges-fussballtrikot","15":"first","16":"instock","17":"shipping-taxable","18":"purchasable","19":"product-type-variable"},"_links":{"self":[{"href":"https:\/\/www.billigtrikotde.com\/hr\/wp-json\/wp\/v2\/product\/313","targetHints":{"allow":["GET"]}}],"collection":[{"href":"https:\/\/www.billigtrikotde.com\/hr\/wp-json\/wp\/v2\/product"}],"about":[{"href":"https:\/\/www.billigtrikotde.com\/hr\/wp-json\/wp\/v2\/types\/product"}],"replies":[{"embeddable":true,"href":"https:\/\/www.billigtrikotde.com\/hr\/wp-json\/wp\/v2\/comments?post=313"}],"wp:featuredmedia":[{"embeddable":true,"href":"https:\/\/www.billigtrikotde.com\/hr\/wp-json\/wp\/v2\/media\/361"}],"wp:attachment":[{"href":"https:\/\/www.billigtrikotde.com\/hr\/wp-json\/wp\/v2\/media?parent=313"}],"wp:term":[{"taxonomy":"product_brand","embeddable":true,"href":"https:\/\/www.billigtrikotde.com\/hr\/wp-json\/wp\/v2\/product_brand?post=313"},{"taxonomy":"product_cat","embeddable":true,"href":"https:\/\/www.billigtrikotde.com\/hr\/wp-json\/wp\/v2\/product_cat?post=313"},{"taxonomy":"product_tag","embeddable":true,"href":"https:\/\/www.billigtrikotde.com\/hr\/wp-json\/wp\/v2\/product_tag?post=313"}],"curies":[{"name":"wp","href":"https:\/\/api.w.org\/{rel}","templated":true}]}}