{"id":3074,"date":"2024-10-23T14:45:04","date_gmt":"2024-10-23T12:45:04","guid":{"rendered":"http:\/\/billigtrikots.com\/?post_type=product&#038;p=3074"},"modified":"2024-10-23T14:47:19","modified_gmt":"2024-10-23T12:47:19","slug":"fc-barcelona-2021-22-heimtrikot-blau-rot-fuer-kinder-mit-aufdruck-sergio-5","status":"publish","type":"product","link":"https:\/\/www.billigtrikotde.com\/hr\/fc-barcelona-2021-22-heimtrikot-blau-rot-fuer-kinder-mit-aufdruck-sergio-5\/","title":{"rendered":"FC Barcelona 2021\/22 ku\u0107ni dres plavo-crveni za djecu s natpisom Sergio 5"},"content":{"rendered":"<p>Dje\u010dji dres Nike u plavoj boji omogu\u0107ava ti da nosi\u0161 boje svog kluba i svima poka\u017ee\u0161 za \u0161to se zala\u017ee\u0161. Nadopuni svoju kolekciju FC Barcelona s doma\u0107im dresom koji nose i igra\u010di u Primeri. Preporu\u010dujemo ovaj lagani, udoban, prozra\u010dni i odvode\u0107i znoj model s ugodnim osje\u0107ajem pri no\u0161enju. Ovo je sportski dres koji \u0107e sigurno impresionirati s grbom kluba na prsima. Tako \u0107e\u0161 biti jo\u0161 u\u010dinkovitiji i mo\u0107i dati sve u svakoj utakmici. Ovaj sjajan plavi model s prugastim uzorkom jednostavno izgleda odli\u010dno.<\/p>\n<p>Savjeti za ispis: Ako ime i broj na slici to\u010dno odgovaraju va\u0161im \u017eeljama, ne morate ih ponovno unositi. Ako ne, unesite \u017eeljeno ime i broj.<\/p>\n<p>Savjeti za pranje: Preporu\u010duje se ru\u010dno pranje nogometnih dresova. Ako \u017eelite koristiti perilicu, sjetite se okrenuti dresove naopako prije pranja. Napunite perilicu hladnom vodom i koristite program za osjetljive tkanine kako biste bolje za\u0161titili boje.<\/p>","protected":false},"excerpt":{"rendered":"<p>Dje\u010dja majica Nike u plavoj boji omogu\u0107ava ti da nosi\u0161 boje svog kluba i svim pokazuje\u0161 za \u0161to se bori\u0161. Pro\u0161iri svoju kolekciju FC Barcelona s doma\u0107om majicom koju nose i igra\u010di u Primeri. Preporu\u010dujemo ovaj lagani, udoban, prozra\u010dni i odvode\u0107i znoj model s ugodnim osje\u0107ajem pri no\u0161enju. Ovo je sportska majica koja se isti\u010de kroz [\u2026]<\/p>","protected":false},"featured_media":3114,"comment_status":"open","ping_status":"closed","template":"","meta":[],"product_brand":[],"product_cat":[146],"product_tag":[32,147,20,33,21,22,23,24,94],"class_list":{"0":"post-3074","1":"product","2":"type-product","3":"status-publish","4":"has-post-thumbnail","6":"product_cat-barcelona-kindertrikot","7":"product_tag-barcelona-heimtrikot","8":"product_tag-barcelona-trikotsatz-fuer-kinder","9":"product_tag-coole-fussballtrikots","10":"product_tag-fc-barcelona-trikots","11":"product_tag-fussballtrikot-fuer-herren","12":"product_tag-fussballtrikot-guenstig-kaufen","13":"product_tag-fussballtrikot-kurzarm","14":"product_tag-guenstiges-fussballtrikot","15":"product_tag-kinder-fussball-trikotsatz","17":"first","18":"instock","19":"shipping-taxable","20":"purchasable","21":"product-type-variable"},"_links":{"self":[{"href":"https:\/\/www.billigtrikotde.com\/hr\/wp-json\/wp\/v2\/product\/3074","targetHints":{"allow":["GET"]}}],"collection":[{"href":"https:\/\/www.billigtrikotde.com\/hr\/wp-json\/wp\/v2\/product"}],"about":[{"href":"https:\/\/www.billigtrikotde.com\/hr\/wp-json\/wp\/v2\/types\/product"}],"replies":[{"embeddable":true,"href":"https:\/\/www.billigtrikotde.com\/hr\/wp-json\/wp\/v2\/comments?post=3074"}],"wp:featuredmedia":[{"embeddable":true,"href":"https:\/\/www.billigtrikotde.com\/hr\/wp-json\/wp\/v2\/media\/3114"}],"wp:attachment":[{"href":"https:\/\/www.billigtrikotde.com\/hr\/wp-json\/wp\/v2\/media?parent=3074"}],"wp:term":[{"taxonomy":"product_brand","embeddable":true,"href":"https:\/\/www.billigtrikotde.com\/hr\/wp-json\/wp\/v2\/product_brand?post=3074"},{"taxonomy":"product_cat","embeddable":true,"href":"https:\/\/www.billigtrikotde.com\/hr\/wp-json\/wp\/v2\/product_cat?post=3074"},{"taxonomy":"product_tag","embeddable":true,"href":"https:\/\/www.billigtrikotde.com\/hr\/wp-json\/wp\/v2\/product_tag?post=3074"}],"curies":[{"name":"wp","href":"https:\/\/api.w.org\/{rel}","templated":true}]}}