{"id":3051,"date":"2024-10-23T14:44:02","date_gmt":"2024-10-23T12:44:02","guid":{"rendered":"http:\/\/billigtrikots.com\/?post_type=product&#038;p=3051"},"modified":"2024-10-23T14:46:08","modified_gmt":"2024-10-23T12:46:08","slug":"kinder-fussballtrikot-fc-barcelona-2021-22-auswaerts-trikot-mit-aufdruck-messi-10","status":"publish","type":"product","link":"https:\/\/www.billigtrikotde.com\/hr\/kinder-fussballtrikot-fc-barcelona-2021-22-auswaerts-trikot-mit-aufdruck-messi-10\/","title":{"rendered":"Dje\u010dji nogometni dres FC Barcelona 2021\/22 gostuju\u0107i dres s natpisom MESSI 10"},"content":{"rendered":"<p>Najnoviji navija\u010di pokazuju svoju podr\u0161ku putem osvje\u017eavaju\u0107eg modela u ljubi\u010dastoj boji. Nike je stvorio vrlo savr\u0161en proizvod s dje\u010djim sportskim topom. Volite svoju mom\u010dad \u2013 s gostuju\u0107im sportskim topom FC Barcelone, koji \u010dak nose i igra\u010di u Primeri, pokazujete za koga vam je srce. Udoban, osvje\u017eavaju\u0107i, upijaju\u0107i znoj, prozra\u010dni i lagani funkcionalni rad \u010dine ga uvjerljivim. Sjajan izgled ovog majica podr\u017ean je grbom kluba na prsima. S ovom majicom savr\u0161eno ste opremljeni za sljede\u0107u trening sesiju.<\/p>\n<p>Savjeti za ispis: Ako ime i broj na slici to\u010dno odgovaraju va\u0161im \u017eeljama, ne morate ih ponovno unositi. Ako ne, unesite \u017eeljeno ime i broj.<\/p>\n<p>Savjeti za pranje: Preporu\u010duje se ru\u010dno pranje nogometnih dresova. Ako \u017eelite koristiti perilicu, sjetite se okrenuti dresove naopako prije pranja. Napunite perilicu hladnom vodom i koristite program za osjetljive tkanine kako biste bolje za\u0161titili boje.<\/p>","protected":false},"excerpt":{"rendered":"<p>Die j\u00fcngsten Fans zeigen ihre Unterst\u00fctzung durch das k\u00fchlende Modell in Lila. Nike hat mit dem Kinder-Sporttop ein sehr perfektes Produkt erschaffen. Liebe deine Mannschaft \u2013 mit dem Ausw\u00e4rts-Sporttop des FC Barcelona, das sogar von den Spielern in der Primera Division getragen wird, zeigst du, f\u00fcr wen dein Herz schl\u00e4gt. Die bequeme, k\u00fchlende, schwei\u00dfableitende, atmungsaktive [&hellip;]<\/p>","protected":false},"featured_media":3091,"comment_status":"open","ping_status":"closed","template":"","meta":[],"product_brand":[],"product_cat":[146],"product_tag":[36,147,20,33,21,22,23,24,94],"class_list":{"0":"post-3051","1":"product","2":"type-product","3":"status-publish","4":"has-post-thumbnail","6":"product_cat-barcelona-kindertrikot","7":"product_tag-barcelona-auswaertstrikot","8":"product_tag-barcelona-trikotsatz-fuer-kinder","9":"product_tag-coole-fussballtrikots","10":"product_tag-fc-barcelona-trikots","11":"product_tag-fussballtrikot-fuer-herren","12":"product_tag-fussballtrikot-guenstig-kaufen","13":"product_tag-fussballtrikot-kurzarm","14":"product_tag-guenstiges-fussballtrikot","15":"product_tag-kinder-fussball-trikotsatz","17":"first","18":"instock","19":"shipping-taxable","20":"purchasable","21":"product-type-variable"},"_links":{"self":[{"href":"https:\/\/www.billigtrikotde.com\/hr\/wp-json\/wp\/v2\/product\/3051","targetHints":{"allow":["GET"]}}],"collection":[{"href":"https:\/\/www.billigtrikotde.com\/hr\/wp-json\/wp\/v2\/product"}],"about":[{"href":"https:\/\/www.billigtrikotde.com\/hr\/wp-json\/wp\/v2\/types\/product"}],"replies":[{"embeddable":true,"href":"https:\/\/www.billigtrikotde.com\/hr\/wp-json\/wp\/v2\/comments?post=3051"}],"wp:featuredmedia":[{"embeddable":true,"href":"https:\/\/www.billigtrikotde.com\/hr\/wp-json\/wp\/v2\/media\/3091"}],"wp:attachment":[{"href":"https:\/\/www.billigtrikotde.com\/hr\/wp-json\/wp\/v2\/media?parent=3051"}],"wp:term":[{"taxonomy":"product_brand","embeddable":true,"href":"https:\/\/www.billigtrikotde.com\/hr\/wp-json\/wp\/v2\/product_brand?post=3051"},{"taxonomy":"product_cat","embeddable":true,"href":"https:\/\/www.billigtrikotde.com\/hr\/wp-json\/wp\/v2\/product_cat?post=3051"},{"taxonomy":"product_tag","embeddable":true,"href":"https:\/\/www.billigtrikotde.com\/hr\/wp-json\/wp\/v2\/product_tag?post=3051"}],"curies":[{"name":"wp","href":"https:\/\/api.w.org\/{rel}","templated":true}]}}