{"id":3033,"date":"2024-10-23T14:43:26","date_gmt":"2024-10-23T12:43:26","guid":{"rendered":"http:\/\/billigtrikots.com\/?post_type=product&#038;p=3033"},"modified":"2024-10-23T14:45:30","modified_gmt":"2024-10-23T12:45:30","slug":"manchester-city-auswaertstrikot-replica-2022-fuer-kinder","status":"publish","type":"product","link":"https:\/\/www.billigtrikotde.com\/hr\/manchester-city-auswaertstrikot-replica-2022-fuer-kinder\/","title":{"rendered":"Manchester City gostuju\u0107i dres Replika 2022 za djecu"},"content":{"rendered":"<p>Obavezan komad za navija\u010de Manchester Cityja. Ova izvanredna nogometna majica autenti\u010dna je replika dresa koji nose zvijezdani igra\u010di mom\u010dadi na gostovanjima. Najbolje od svega je \u0161to ti dryCELL tehnologija za odvod vlage od PUMA dr\u017ei le\u0111a suhim, a majica je izra\u0111ena od recikliranih vlakana, tako da svoju podr\u0161ku mo\u017ee\u0161 pokazati s ponosom i dobrim osje\u0107ajem.<\/p>\n<p>Savjeti za ispis: Ako ime i broj na slici to\u010dno odgovaraju va\u0161im \u017eeljama, ne morate ih ponovno unositi. Ako ne, unesite \u017eeljeno ime i broj.<\/p>\n<p>Savjeti za pranje: Preporu\u010duje se ru\u010dno pranje nogometnih dresova. Ako \u017eelite koristiti perilicu, sjetite se okrenuti dresove naopako prije pranja. Napunite perilicu hladnom vodom i koristite program za osjetljive tkanine kako biste bolje za\u0161titili boje.<\/p>","protected":false},"excerpt":{"rendered":"<p>Obavezan komad za navija\u010de Manchester Cityja. Ova izvanredna nogometna majica autenti\u010dna je replika dresa koji nose zvijezdani igra\u010di mom\u010dadi na gostovanjima. Najbolje od svega je \u0161to ti dryCELL tehnologija za odvod vlage od PUMA dr\u017ei le\u0111a suhim, a majica je izra\u0111ena od recikliranih vlakana, tako da svoju podr\u0161ku mo\u017ee\u0161 pokazati s ponosom i dobrim osje\u0107ajem.<\/p>","protected":false},"featured_media":3067,"comment_status":"open","ping_status":"closed","template":"","meta":[],"product_brand":[],"product_cat":[144],"product_tag":[20,94,83,84,145],"class_list":{"0":"post-3033","1":"product","2":"type-product","3":"status-publish","4":"has-post-thumbnail","6":"product_cat-manchester-city-kindertrikot","7":"product_tag-coole-fussballtrikots","8":"product_tag-kinder-fussball-trikotsatz","9":"product_tag-manchester-city-auswaertstrikot","10":"product_tag-manchester-city-trikots","11":"product_tag-manchester-city-trikotsatz-fuer-kinder","13":"first","14":"instock","15":"shipping-taxable","16":"purchasable","17":"product-type-variable"},"_links":{"self":[{"href":"https:\/\/www.billigtrikotde.com\/hr\/wp-json\/wp\/v2\/product\/3033","targetHints":{"allow":["GET"]}}],"collection":[{"href":"https:\/\/www.billigtrikotde.com\/hr\/wp-json\/wp\/v2\/product"}],"about":[{"href":"https:\/\/www.billigtrikotde.com\/hr\/wp-json\/wp\/v2\/types\/product"}],"replies":[{"embeddable":true,"href":"https:\/\/www.billigtrikotde.com\/hr\/wp-json\/wp\/v2\/comments?post=3033"}],"wp:featuredmedia":[{"embeddable":true,"href":"https:\/\/www.billigtrikotde.com\/hr\/wp-json\/wp\/v2\/media\/3067"}],"wp:attachment":[{"href":"https:\/\/www.billigtrikotde.com\/hr\/wp-json\/wp\/v2\/media?parent=3033"}],"wp:term":[{"taxonomy":"product_brand","embeddable":true,"href":"https:\/\/www.billigtrikotde.com\/hr\/wp-json\/wp\/v2\/product_brand?post=3033"},{"taxonomy":"product_cat","embeddable":true,"href":"https:\/\/www.billigtrikotde.com\/hr\/wp-json\/wp\/v2\/product_cat?post=3033"},{"taxonomy":"product_tag","embeddable":true,"href":"https:\/\/www.billigtrikotde.com\/hr\/wp-json\/wp\/v2\/product_tag?post=3033"}],"curies":[{"name":"wp","href":"https:\/\/api.w.org\/{rel}","templated":true}]}}