{"id":3001,"date":"2024-10-23T14:41:53","date_gmt":"2024-10-23T12:41:53","guid":{"rendered":"http:\/\/billigtrikots.com\/?post_type=product&#038;p=3001"},"modified":"2024-10-23T14:43:54","modified_gmt":"2024-10-23T12:43:54","slug":"kindertrikot-manchester-city-2022-auswaertstrikot-weiss-fuer-kinder-kompany-4","status":"publish","type":"product","link":"https:\/\/www.billigtrikotde.com\/hr\/kindertrikot-manchester-city-2022-auswaertstrikot-weiss-fuer-kinder-kompany-4\/","title":{"rendered":"Dje\u010dji dres Manchester City 2022 gostuju\u0107i dres bijeli za djecu KOMPANY 4"},"content":{"rendered":"<p>Model s ventilacijom u bijeloj boji omogu\u0107ava i mladim navija\u010dima da poka\u017eu svoju pripadnost omiljenom timu. PUMA predstavlja s dje\u010djim sportskim dresom zaista jedinstven proizvod. Svaki pravi navija\u010d Manchester Cityja treba ovaj gostuju\u0107i sportski dres, jer ga nose i igra\u010di u Premier ligi. Preporu\u010dujemo ovaj lagani, udoban, prozra\u010dni i odvode\u0107i znoj model s ugodnim osje\u0107ajem pri no\u0161enju. Vizualno se isti\u010de grbom kluba na prsima. S ovim dresom savr\u0161eno ste pripremljeni za svaki trening i utakmicu.<\/p>\n<p>Savjeti za ispis: Ako ime i broj na slici to\u010dno odgovaraju va\u0161im \u017eeljama, ne morate ih ponovno unositi. Ako ne, unesite \u017eeljeno ime i broj.<\/p>\n<p>Savjeti za pranje: Preporu\u010duje se ru\u010dno pranje nogometnih dresova. Ako \u017eelite koristiti perilicu, sjetite se okrenuti dresove naopako prije pranja. Napunite perilicu hladnom vodom i koristite program za osjetljive tkanine kako biste bolje za\u0161titili boje.<\/p>","protected":false},"excerpt":{"rendered":"<p>Model s ventilacijom u bijeloj boji omogu\u0107ava i mladim navija\u010dima da poka\u017eu svoju pripadnost omiljenom timu. PUMA predstavlja s dje\u010djim sportskim dresom zaista jedinstven proizvod. Svaki pravi navija\u010d Manchester Cityja treba ovaj gostuju\u0107i sportski dres, jer ga i igra\u010di nose u Premier ligi. Preporu\u010dujemo ovaj lagani, udoban, prozra\u010dni i odvodni od znoja model s ugodnim osje\u0107ajem pri no\u0161enju. Isti\u010de se [\u2026]<\/p>","protected":false},"featured_media":3042,"comment_status":"open","ping_status":"closed","template":"","meta":[],"product_brand":[],"product_cat":[144],"product_tag":[20,94,83,84,145],"class_list":{"0":"post-3001","1":"product","2":"type-product","3":"status-publish","4":"has-post-thumbnail","6":"product_cat-manchester-city-kindertrikot","7":"product_tag-coole-fussballtrikots","8":"product_tag-kinder-fussball-trikotsatz","9":"product_tag-manchester-city-auswaertstrikot","10":"product_tag-manchester-city-trikots","11":"product_tag-manchester-city-trikotsatz-fuer-kinder","13":"first","14":"instock","15":"shipping-taxable","16":"purchasable","17":"product-type-variable"},"_links":{"self":[{"href":"https:\/\/www.billigtrikotde.com\/hr\/wp-json\/wp\/v2\/product\/3001","targetHints":{"allow":["GET"]}}],"collection":[{"href":"https:\/\/www.billigtrikotde.com\/hr\/wp-json\/wp\/v2\/product"}],"about":[{"href":"https:\/\/www.billigtrikotde.com\/hr\/wp-json\/wp\/v2\/types\/product"}],"replies":[{"embeddable":true,"href":"https:\/\/www.billigtrikotde.com\/hr\/wp-json\/wp\/v2\/comments?post=3001"}],"wp:featuredmedia":[{"embeddable":true,"href":"https:\/\/www.billigtrikotde.com\/hr\/wp-json\/wp\/v2\/media\/3042"}],"wp:attachment":[{"href":"https:\/\/www.billigtrikotde.com\/hr\/wp-json\/wp\/v2\/media?parent=3001"}],"wp:term":[{"taxonomy":"product_brand","embeddable":true,"href":"https:\/\/www.billigtrikotde.com\/hr\/wp-json\/wp\/v2\/product_brand?post=3001"},{"taxonomy":"product_cat","embeddable":true,"href":"https:\/\/www.billigtrikotde.com\/hr\/wp-json\/wp\/v2\/product_cat?post=3001"},{"taxonomy":"product_tag","embeddable":true,"href":"https:\/\/www.billigtrikotde.com\/hr\/wp-json\/wp\/v2\/product_tag?post=3001"}],"curies":[{"name":"wp","href":"https:\/\/api.w.org\/{rel}","templated":true}]}}