{"id":2995,"date":"2024-10-23T14:41:48","date_gmt":"2024-10-23T12:41:48","guid":{"rendered":"http:\/\/billigtrikots.com\/?post_type=product&#038;p=2995"},"modified":"2024-10-23T14:43:52","modified_gmt":"2024-10-23T12:43:52","slug":"fussballtrikot-manchester-united-auswaerts-trikot-2022-kinder-weiss","status":"publish","type":"product","link":"https:\/\/www.billigtrikotde.com\/hr\/fussballtrikot-manchester-united-auswaerts-trikot-2022-kinder-weiss\/","title":{"rendered":"Nogometni dres Manchester United gostuju\u0107i dres 2022 za djecu Bijeli"},"content":{"rendered":"<p>Ne zaboravi odakle dolazi\u0161! Slovo \u201eM\u201c za rodni grad kluba ve\u0107 je \u010desto pronalazilo svoj put na legendarne opreme Manchester Uniteda. Ova adidas nogometna majica u verziji za djecu i tinejd\u017eere ponovno koristi to slovo i dolazi s modernim izgledom koji podsje\u0107a na klasi\u010dnu majicu iz ranih 90-ih. Mekani dvostruki pleteni materijal i tehnologija AEROREADY za upijanje vlage garantiraju ugodan osje\u0107aj suho\u0107e. Tiskan logo kluba tako\u0111er pokazuje da si pravi navija\u010d Manchester Uniteda. Ovaj proizvod je Primegreen: proizveden s raznim funkcionalnim recikliranim materijalima.<\/p>\n<p>Savjeti za ispis: Ako ime i broj na slici to\u010dno odgovaraju va\u0161im \u017eeljama, ne morate ih ponovno unositi. Ako ne, unesite \u017eeljeno ime i broj.<\/p>\n<p>Savjeti za pranje: Preporu\u010duje se ru\u010dno pranje nogometnih dresova. Ako \u017eelite koristiti perilicu, sjetite se okrenuti dresove naopako prije pranja. Napunite perilicu hladnom vodom i koristite program za osjetljive tkanine kako biste bolje za\u0161titili boje.<\/p>","protected":false},"excerpt":{"rendered":"<p>Vergiss nie, wo du herkommst! Der Buchstabe \u201eM\u201c f\u00fcr die Heimatstadt des Vereins hat schon oft seinen Weg auf die legend\u00e4ren Ausr\u00fcstungen von Manchester United gefunden. Dieses adidas Fu\u00dfballtrikot in der Version f\u00fcr Kinder und Teens greift den Buchstaben wieder auf und kommt mit einem modernen Look, der an ein klassisches Trikot aus den fr\u00fchen [&hellip;]<\/p>","protected":false},"featured_media":3030,"comment_status":"open","ping_status":"closed","template":"","meta":[],"product_brand":[],"product_cat":[140],"product_tag":[20,94,51,52,142],"class_list":{"0":"post-2995","1":"product","2":"type-product","3":"status-publish","4":"has-post-thumbnail","6":"product_cat-manchester-united-kindertrikot","7":"product_tag-coole-fussballtrikots","8":"product_tag-kinder-fussball-trikotsatz","9":"product_tag-manchester-united-auswaertstrikot","10":"product_tag-manchester-united-trikots","11":"product_tag-manchester-united-trikotsatz-fuer-kinder","13":"first","14":"instock","15":"shipping-taxable","16":"purchasable","17":"product-type-variable"},"_links":{"self":[{"href":"https:\/\/www.billigtrikotde.com\/hr\/wp-json\/wp\/v2\/product\/2995","targetHints":{"allow":["GET"]}}],"collection":[{"href":"https:\/\/www.billigtrikotde.com\/hr\/wp-json\/wp\/v2\/product"}],"about":[{"href":"https:\/\/www.billigtrikotde.com\/hr\/wp-json\/wp\/v2\/types\/product"}],"replies":[{"embeddable":true,"href":"https:\/\/www.billigtrikotde.com\/hr\/wp-json\/wp\/v2\/comments?post=2995"}],"wp:featuredmedia":[{"embeddable":true,"href":"https:\/\/www.billigtrikotde.com\/hr\/wp-json\/wp\/v2\/media\/3030"}],"wp:attachment":[{"href":"https:\/\/www.billigtrikotde.com\/hr\/wp-json\/wp\/v2\/media?parent=2995"}],"wp:term":[{"taxonomy":"product_brand","embeddable":true,"href":"https:\/\/www.billigtrikotde.com\/hr\/wp-json\/wp\/v2\/product_brand?post=2995"},{"taxonomy":"product_cat","embeddable":true,"href":"https:\/\/www.billigtrikotde.com\/hr\/wp-json\/wp\/v2\/product_cat?post=2995"},{"taxonomy":"product_tag","embeddable":true,"href":"https:\/\/www.billigtrikotde.com\/hr\/wp-json\/wp\/v2\/product_tag?post=2995"}],"curies":[{"name":"wp","href":"https:\/\/api.w.org\/{rel}","templated":true}]}}