{"id":2947,"date":"2024-10-23T14:39:35","date_gmt":"2024-10-23T12:39:35","guid":{"rendered":"http:\/\/billigtrikots.com\/?post_type=product&#038;p=2947"},"modified":"2024-10-23T14:41:42","modified_gmt":"2024-10-23T12:41:42","slug":"trikotsatz-manchester-united-heimtrikot-2022-kinder-rot-mit-aufdruck-rooney-10","status":"publish","type":"product","link":"https:\/\/www.billigtrikotde.com\/hr\/trikotsatz-manchester-united-heimtrikot-2022-kinder-rot-mit-aufdruck-rooney-10\/","title":{"rendered":"Dres set Manchester United doma\u0107i dres 2022 Djeca crveni s natpisom Rooney 10"},"content":{"rendered":"<p>Mladi talenti, \u017eilavost i potrebna doza ambicije. Ova tri stupa donose Manchester Unitedu ve\u0107 vi\u0161e od stolje\u0107a bu\u010dne uspjehe. Ova adidas Manchester United majica za djecu i tinejd\u017eere inspirirana je svojim \u010distim crvenim dizajnom i bijelim, rebrastim okruglim izrezom na vratu, legendarnom opremom s kojom je mom\u010dad ostvarila neke od svojih nezaboravnih trijumfa. Dizajn za navija\u010de izra\u0111en je od mekanog materijala s tehnologijom AEROREADY za upijanje vlage i jam\u010di ugodan, suh i udoban osje\u0107aj pri no\u0161enju. Detalj na stra\u017enjoj strani tako\u0111er pokazuje da si pravi navija\u010d. Ovaj proizvod je Primegreen: proizveden s raznim funkcionalnim recikliranim materijalima.<\/p>\n<p>Savjeti za ispis: Ako ime i broj na slici to\u010dno odgovaraju va\u0161im \u017eeljama, ne morate ih ponovno unositi. Ako ne, unesite \u017eeljeno ime i broj.<\/p>\n<p>Savjeti za pranje: Preporu\u010duje se ru\u010dno pranje nogometnih dresova. Ako \u017eelite koristiti perilicu, sjetite se okrenuti dresove naopako prije pranja. Napunite perilicu hladnom vodom i koristite program za osjetljive tkanine kako biste bolje za\u0161titili boje.<\/p>","protected":false},"excerpt":{"rendered":"<p>Junge Talente, Biss und die n\u00f6tige Portion Ehrgeiz. Diese drei S\u00e4ulen bescheren Manchester United schon mehr als ein Jahrhundert lang rauschende Erfolge. Dieses adidas Manchester United Trikot f\u00fcr Kinder und Teens ist mit seinem cleanen roten Design und dem wei\u00dfen, gerippten Rundhalsausschnitt von der legend\u00e4ren Ausr\u00fcstung inspiriert, mit der die Mannschaft einige ihrer unvergesslichsten Triumphe [&hellip;]<\/p>","protected":false},"featured_media":2981,"comment_status":"open","ping_status":"closed","template":"","meta":[],"product_brand":[],"product_cat":[140],"product_tag":[20,94,141,52,142],"class_list":{"0":"post-2947","1":"product","2":"type-product","3":"status-publish","4":"has-post-thumbnail","6":"product_cat-manchester-united-kindertrikot","7":"product_tag-coole-fussballtrikots","8":"product_tag-kinder-fussball-trikotsatz","9":"product_tag-manchester-united-heimtrikot","10":"product_tag-manchester-united-trikots","11":"product_tag-manchester-united-trikotsatz-fuer-kinder","13":"first","14":"instock","15":"shipping-taxable","16":"purchasable","17":"product-type-variable"},"_links":{"self":[{"href":"https:\/\/www.billigtrikotde.com\/hr\/wp-json\/wp\/v2\/product\/2947","targetHints":{"allow":["GET"]}}],"collection":[{"href":"https:\/\/www.billigtrikotde.com\/hr\/wp-json\/wp\/v2\/product"}],"about":[{"href":"https:\/\/www.billigtrikotde.com\/hr\/wp-json\/wp\/v2\/types\/product"}],"replies":[{"embeddable":true,"href":"https:\/\/www.billigtrikotde.com\/hr\/wp-json\/wp\/v2\/comments?post=2947"}],"wp:featuredmedia":[{"embeddable":true,"href":"https:\/\/www.billigtrikotde.com\/hr\/wp-json\/wp\/v2\/media\/2981"}],"wp:attachment":[{"href":"https:\/\/www.billigtrikotde.com\/hr\/wp-json\/wp\/v2\/media?parent=2947"}],"wp:term":[{"taxonomy":"product_brand","embeddable":true,"href":"https:\/\/www.billigtrikotde.com\/hr\/wp-json\/wp\/v2\/product_brand?post=2947"},{"taxonomy":"product_cat","embeddable":true,"href":"https:\/\/www.billigtrikotde.com\/hr\/wp-json\/wp\/v2\/product_cat?post=2947"},{"taxonomy":"product_tag","embeddable":true,"href":"https:\/\/www.billigtrikotde.com\/hr\/wp-json\/wp\/v2\/product_tag?post=2947"}],"curies":[{"name":"wp","href":"https:\/\/api.w.org\/{rel}","templated":true}]}}