{"id":2876,"date":"2024-10-23T14:36:26","date_gmt":"2024-10-23T12:36:26","guid":{"rendered":"http:\/\/billigtrikots.com\/?post_type=product&#038;p=2876"},"modified":"2024-10-23T14:38:25","modified_gmt":"2024-10-23T12:38:25","slug":"fc-bayern-muenchen-ausweichtrikot-weiss-2022-fuer-kinder-mit-aufdruck-lewandowski-9","status":"publish","type":"product","link":"https:\/\/www.billigtrikotde.com\/hr\/fc-bayern-muenchen-ausweichtrikot-weiss-2022-fuer-kinder-mit-aufdruck-lewandowski-9\/","title":{"rendered":"FC Bayern M\u00fcnchen zamjenski dres bijeli 2022 za djecu s natpisom Lewandowski 9"},"content":{"rendered":"<p>Najbolje mo\u017ee\u0161 pokazati svoju ljubav i povezanost sa svojim klubom s adidas dje\u010djom majicom u bijeloj boji. Voli svoju mom\u010dad \u2013 s zamjenskom majicom FC Bayern M\u00fcnchen, koju nose \u010dak i igra\u010di u 1. Bundesligi, pokazuje\u0161 za koga ti srce kuca. Prozra\u010dni, lagani, upijaju\u0107i znoj i udoban model uvjerava na svim razinama. Bez obzira koliko je trening ili utakmica zahtjevna, s ovim modelom uvijek si odli\u010dno odjeven. Sjajan izgled ovog sportskog topa isti\u010de se na prsima s klupskim grbom.<\/p>\n<p>Savjeti za ispis: Ako ime i broj na slici to\u010dno odgovaraju va\u0161im \u017eeljama, ne morate ih ponovno unositi. Ako ne, unesite \u017eeljeno ime i broj.<\/p>\n<p>Savjeti za pranje: Preporu\u010duje se ru\u010dno pranje nogometnih dresova. Ako \u017eelite koristiti perilicu, sjetite se okrenuti dresove naopako prije pranja. Napunite perilicu hladnom vodom i koristite program za osjetljive tkanine kako biste bolje za\u0161titili boje.<\/p>","protected":false},"excerpt":{"rendered":"<p>Du kannst deine Liebe und Verbundenheit zu deinem Verein am besten mit dem adidas Kinder-Shirt in Wei\u00df zeigen. Liebe deine Mannschaft \u2013 mit dem Ausweich-Shirt des FC Bayern M\u00fcnchen, das sogar von den Spielern in der 1. Bundesliga getragen wird, zeigst du, f\u00fcr wen dein Herz schl\u00e4gt. Das atmungsaktive, leichte, schwei\u00dfableitende und bequeme Modell \u00fcberzeugt [&hellip;]<\/p>","protected":false},"featured_media":2919,"comment_status":"open","ping_status":"closed","template":"","meta":[],"product_brand":[],"product_cat":[135],"product_tag":[139,137,138,20,94],"class_list":{"0":"post-2876","1":"product","2":"type-product","3":"status-publish","4":"has-post-thumbnail","6":"product_cat-bayern-munich-kindertrikot","7":"product_tag-bayern-muenchen-ausweichtrikot","8":"product_tag-bayern-muenchen-trikots","9":"product_tag-bayern-munich-trikotsatz-fuer-kinder","10":"product_tag-coole-fussballtrikots","11":"product_tag-kinder-fussball-trikotsatz","13":"first","14":"instock","15":"shipping-taxable","16":"purchasable","17":"product-type-variable"},"_links":{"self":[{"href":"https:\/\/www.billigtrikotde.com\/hr\/wp-json\/wp\/v2\/product\/2876","targetHints":{"allow":["GET"]}}],"collection":[{"href":"https:\/\/www.billigtrikotde.com\/hr\/wp-json\/wp\/v2\/product"}],"about":[{"href":"https:\/\/www.billigtrikotde.com\/hr\/wp-json\/wp\/v2\/types\/product"}],"replies":[{"embeddable":true,"href":"https:\/\/www.billigtrikotde.com\/hr\/wp-json\/wp\/v2\/comments?post=2876"}],"wp:featuredmedia":[{"embeddable":true,"href":"https:\/\/www.billigtrikotde.com\/hr\/wp-json\/wp\/v2\/media\/2919"}],"wp:attachment":[{"href":"https:\/\/www.billigtrikotde.com\/hr\/wp-json\/wp\/v2\/media?parent=2876"}],"wp:term":[{"taxonomy":"product_brand","embeddable":true,"href":"https:\/\/www.billigtrikotde.com\/hr\/wp-json\/wp\/v2\/product_brand?post=2876"},{"taxonomy":"product_cat","embeddable":true,"href":"https:\/\/www.billigtrikotde.com\/hr\/wp-json\/wp\/v2\/product_cat?post=2876"},{"taxonomy":"product_tag","embeddable":true,"href":"https:\/\/www.billigtrikotde.com\/hr\/wp-json\/wp\/v2\/product_tag?post=2876"}],"curies":[{"name":"wp","href":"https:\/\/api.w.org\/{rel}","templated":true}]}}