{"id":2837,"date":"2024-10-23T14:34:47","date_gmt":"2024-10-23T12:34:47","guid":{"rendered":"http:\/\/billigtrikots.com\/?post_type=product&#038;p=2837"},"modified":"2024-10-23T14:36:50","modified_gmt":"2024-10-23T12:36:50","slug":"kindertrikot-as-roma-heim-trikot-2022-rot-fuer-kinder-g-villar-14-trikotsatz","status":"publish","type":"product","link":"https:\/\/www.billigtrikotde.com\/hr\/kindertrikot-as-roma-heim-trikot-2022-rot-fuer-kinder-g-villar-14-trikotsatz\/","title":{"rendered":"Dje\u010dji dres AS Roma doma\u0107i dres 2022 crveni za djecu G.VILLAR 14 komplet dresova"},"content":{"rendered":"<p>S novom doma\u0107om majicom Rome u originalnom izgledu tvojih heroja ne samo da \u0107e\u0161 napraviti kaos na stadionu, ve\u0107 \u0107e\u0161 se i odli\u010dno istaknuti na vlastitom treningu! Dolazi u tradicionalnim doma\u0107im bojama, crvenoj i \u017eutoj, te je ukra\u0161ena slu\u017ebenim detaljima kluba i logotipima sponzora. Po prvi put, \u017euto-crveni \u0107e za nadolaze\u0107u sezonu biti opremljeni od strane New Balance!<\/p>\n<p>Osim dizajna, i materijal te kroj imaju \u0161to ponuditi. Tako \u0107e doma\u0107i dres biti izra\u0111en od visokokvalitetnog, dugotrajnog poliestera 100%. Osim toga, materijal NB Dry odmah odvodi znoj od tijela, \u010dime ostaje\u0161 uvijek suh i hladan. Udoban, regularni kroj pru\u017ea ti mnogo slobode kretanja, a mekan V-izrez glatko se priljubljuje uz ko\u017eu.<\/p>\n<p>Savjeti za ispis: Ako ime i broj na slici to\u010dno odgovaraju va\u0161im \u017eeljama, ne morate ih ponovno unositi. Ako ne, unesite \u017eeljeno ime i broj.<\/p>\n<p>Savjeti za pranje: Preporu\u010duje se ru\u010dno pranje nogometnih dresova. Ako \u017eelite koristiti perilicu, sjetite se okrenuti dresove naopako prije pranja. Napunite perilicu hladnom vodom i koristite program za osjetljive tkanine kako biste bolje za\u0161titili boje.<\/p>","protected":false},"excerpt":{"rendered":"<p>S novom doma\u0107om majicom Rome u originalnom izgledu tvojih heroja ne samo da \u0107e\u0161 napraviti kaos na stadionu, ve\u0107 \u0107e\u0161 se i odli\u010dno istaknuti na vlastitom treningu! Dolazi u tradicionalnim doma\u0107im bojama, crvenoj i \u017eutoj, te je ukra\u0161ena slu\u017ebenim detaljima kluba i logotipima sponzora. Po prvi put, \u017euto-crveni \u0107e za nadolaze\u0107u sezonu biti opremljeni od strane New Balance!<\/p>","protected":false},"featured_media":2878,"comment_status":"open","ping_status":"closed","template":"","meta":[],"product_brand":[],"product_cat":[133],"product_tag":[86,87,134,20,94],"class_list":{"0":"post-2837","1":"product","2":"type-product","3":"status-publish","4":"has-post-thumbnail","6":"product_cat-as-roma-kindertrikot","7":"product_tag-as-roma-heimtrikot","8":"product_tag-as-roma-trikots","9":"product_tag-as-roma-trikotsatz-fuer-kinder","10":"product_tag-coole-fussballtrikots","11":"product_tag-kinder-fussball-trikotsatz","13":"first","14":"instock","15":"shipping-taxable","16":"purchasable","17":"product-type-variable"},"_links":{"self":[{"href":"https:\/\/www.billigtrikotde.com\/hr\/wp-json\/wp\/v2\/product\/2837","targetHints":{"allow":["GET"]}}],"collection":[{"href":"https:\/\/www.billigtrikotde.com\/hr\/wp-json\/wp\/v2\/product"}],"about":[{"href":"https:\/\/www.billigtrikotde.com\/hr\/wp-json\/wp\/v2\/types\/product"}],"replies":[{"embeddable":true,"href":"https:\/\/www.billigtrikotde.com\/hr\/wp-json\/wp\/v2\/comments?post=2837"}],"wp:featuredmedia":[{"embeddable":true,"href":"https:\/\/www.billigtrikotde.com\/hr\/wp-json\/wp\/v2\/media\/2878"}],"wp:attachment":[{"href":"https:\/\/www.billigtrikotde.com\/hr\/wp-json\/wp\/v2\/media?parent=2837"}],"wp:term":[{"taxonomy":"product_brand","embeddable":true,"href":"https:\/\/www.billigtrikotde.com\/hr\/wp-json\/wp\/v2\/product_brand?post=2837"},{"taxonomy":"product_cat","embeddable":true,"href":"https:\/\/www.billigtrikotde.com\/hr\/wp-json\/wp\/v2\/product_cat?post=2837"},{"taxonomy":"product_tag","embeddable":true,"href":"https:\/\/www.billigtrikotde.com\/hr\/wp-json\/wp\/v2\/product_tag?post=2837"}],"curies":[{"name":"wp","href":"https:\/\/api.w.org\/{rel}","templated":true}]}}