{"id":2825,"date":"2024-10-23T14:34:15","date_gmt":"2024-10-23T12:34:15","guid":{"rendered":"http:\/\/billigtrikots.com\/?post_type=product&#038;p=2825"},"modified":"2024-10-23T14:36:19","modified_gmt":"2024-10-23T12:36:19","slug":"fussballtrikot-spanien-heim-trikot-2022-rot-erwachsene-guenstig","status":"publish","type":"product","link":"https:\/\/www.billigtrikotde.com\/hr\/fussballtrikot-spanien-heim-trikot-2022-rot-erwachsene-guenstig\/","title":{"rendered":"Nogometni dres \u0160panjolska Doma\u0107i dres 2022 Crveni odrasli povoljno"},"content":{"rendered":"<p>Bilo u stadionu ili kod ku\u0107e na kau\u010du \u2013 svoju podr\u0161ku najbolje pokazuje\u0161 super udobnim modelom u crvenoj boji. A-didas majica je savr\u0161en izbor. Doma\u0107a majica, kao \u0161to je nose igra\u010di na Europskom prvenstvu, izaziva pravu odu\u0161evljenost kod pravih navija\u010da. Prozra\u010dna je, super udobna i lagana. Kod ovog dresa mo\u017ee\u0161 ra\u010dunarati na vizualni logo saveza na prsima. S ovom majicom si idealno odjeven za svaki trening.<\/p>\n<p>Savjeti za ispis: Ako ime i broj na slici to\u010dno odgovaraju va\u0161im \u017eeljama, ne morate ih ponovno unositi. Ako ne, unesite \u017eeljeno ime i broj.<\/p>\n<p>Savjeti za pranje: Preporu\u010duje se ru\u010dno pranje nogometnih dresova. Ako \u017eelite koristiti perilicu, sjetite se okrenuti dresove naopako prije pranja. Napunite perilicu hladnom vodom i koristite program za osjetljive tkanine kako biste bolje za\u0161titili boje.<\/p>","protected":false},"excerpt":{"rendered":"<p>Ob im Stadion oder zuhause auf der Couch \u2013 deine Unterst\u00fctzung zeigst du am besten durch das super bequeme Modell in Rot. Das a-didas Shirt ist die perfekte Wahl. Das Heim-Shirt, wie es die Spieler bei der Europameisterschaft tragen, sorgt bei echten Anh\u00e4ngern f\u00fcr wahre Begeisterung. Es ist atmungsaktiv, super bequem und leicht. Bei diesem [&hellip;]<\/p>","protected":false},"featured_media":2866,"comment_status":"open","ping_status":"closed","template":"","meta":[],"product_brand":[],"product_cat":[131],"product_tag":[20,21,22,23,24,132],"class_list":{"0":"post-2825","1":"product","2":"type-product","3":"status-publish","4":"has-post-thumbnail","6":"product_cat-spanien-trikots","7":"product_tag-coole-fussballtrikots","8":"product_tag-fussballtrikot-fuer-herren","9":"product_tag-fussballtrikot-guenstig-kaufen","10":"product_tag-fussballtrikot-kurzarm","11":"product_tag-guenstiges-fussballtrikot","12":"product_tag-spanien-heimtrikot","14":"first","15":"instock","16":"shipping-taxable","17":"purchasable","18":"product-type-variable"},"_links":{"self":[{"href":"https:\/\/www.billigtrikotde.com\/hr\/wp-json\/wp\/v2\/product\/2825","targetHints":{"allow":["GET"]}}],"collection":[{"href":"https:\/\/www.billigtrikotde.com\/hr\/wp-json\/wp\/v2\/product"}],"about":[{"href":"https:\/\/www.billigtrikotde.com\/hr\/wp-json\/wp\/v2\/types\/product"}],"replies":[{"embeddable":true,"href":"https:\/\/www.billigtrikotde.com\/hr\/wp-json\/wp\/v2\/comments?post=2825"}],"wp:featuredmedia":[{"embeddable":true,"href":"https:\/\/www.billigtrikotde.com\/hr\/wp-json\/wp\/v2\/media\/2866"}],"wp:attachment":[{"href":"https:\/\/www.billigtrikotde.com\/hr\/wp-json\/wp\/v2\/media?parent=2825"}],"wp:term":[{"taxonomy":"product_brand","embeddable":true,"href":"https:\/\/www.billigtrikotde.com\/hr\/wp-json\/wp\/v2\/product_brand?post=2825"},{"taxonomy":"product_cat","embeddable":true,"href":"https:\/\/www.billigtrikotde.com\/hr\/wp-json\/wp\/v2\/product_cat?post=2825"},{"taxonomy":"product_tag","embeddable":true,"href":"https:\/\/www.billigtrikotde.com\/hr\/wp-json\/wp\/v2\/product_tag?post=2825"}],"curies":[{"name":"wp","href":"https:\/\/api.w.org\/{rel}","templated":true}]}}