{"id":2813,"date":"2024-10-23T14:33:43","date_gmt":"2024-10-23T12:33:43","guid":{"rendered":"http:\/\/billigtrikots.com\/?post_type=product&#038;p=2813"},"modified":"2024-10-23T14:35:46","modified_gmt":"2024-10-23T12:35:46","slug":"herren-spanien-em-2022-heimtrikot-rot-mit-aufdruck-jordi-alba-18","status":"publish","type":"product","link":"https:\/\/www.billigtrikotde.com\/hr\/herren-spanien-em-2022-heimtrikot-rot-mit-aufdruck-jordi-alba-18\/","title":{"rendered":"Mu\u0161karci \u0160panjolska EURO 2022 Doma\u0107i dres crven s natpisom JORDI ALBA 18"},"content":{"rendered":"<p>adidas donosi s crvenim dresom proizvod koji ti omogu\u0107uje da podr\u017ei\u0161 svoj omiljeni klub u dobrim i lo\u0161im vremenima s ljubavlju i predano\u0161\u0107u. Pro\u0161iri svoju kolekciju s doma\u0107im dresom koji nose i igra\u010di na Europskom prvenstvu. Prozra\u0111iv, udoban, lagan i s odvajanjem znoja, uvjerit \u0107e te u svoju funkcionalnost. Tako \u0107e\u0161 biti jo\u0161 u\u010dinkovitiji i mo\u0107i dati sve u svakoj utakmici. Postat \u0107e pravi vrhunac s logom saveza na prsima.<\/p>\n<p>Savjeti za ispis: Ako ime i broj na slici to\u010dno odgovaraju va\u0161im \u017eeljama, ne morate ih ponovno unositi. Ako ne, unesite \u017eeljeno ime i broj.<\/p>\n<p>Savjeti za pranje: Preporu\u010duje se ru\u010dno pranje nogometnih dresova. Ako \u017eelite koristiti perilicu, sjetite se okrenuti dresove naopako prije pranja. Napunite perilicu hladnom vodom i koristite program za osjetljive tkanine kako biste bolje za\u0161titili boje.<\/p>","protected":false},"excerpt":{"rendered":"<p>adidas donosi s crvenim dresom proizvod koji ti omogu\u0107uje da podr\u017ei\u0161 svoj omiljeni klub u dobrim i lo\u0161im vremenima s ljubavlju i predano\u0161\u0107u. Pro\u0161iri svoju kolekciju s doma\u0107im dresom koji nose i igra\u010di na Europskom prvenstvu. Prozra\u0111iv, udoban, lagan i s funkcijom odvodnje znoja, uvjerit \u0107e te. Tako \u0107e\u0161 biti jo\u0161 [...]<\/p>","protected":false},"featured_media":2854,"comment_status":"open","ping_status":"closed","template":"","meta":[],"product_brand":[],"product_cat":[131],"product_tag":[20,21,22,23,24,132],"class_list":{"0":"post-2813","1":"product","2":"type-product","3":"status-publish","4":"has-post-thumbnail","6":"product_cat-spanien-trikots","7":"product_tag-coole-fussballtrikots","8":"product_tag-fussballtrikot-fuer-herren","9":"product_tag-fussballtrikot-guenstig-kaufen","10":"product_tag-fussballtrikot-kurzarm","11":"product_tag-guenstiges-fussballtrikot","12":"product_tag-spanien-heimtrikot","14":"first","15":"instock","16":"shipping-taxable","17":"purchasable","18":"product-type-variable"},"_links":{"self":[{"href":"https:\/\/www.billigtrikotde.com\/hr\/wp-json\/wp\/v2\/product\/2813","targetHints":{"allow":["GET"]}}],"collection":[{"href":"https:\/\/www.billigtrikotde.com\/hr\/wp-json\/wp\/v2\/product"}],"about":[{"href":"https:\/\/www.billigtrikotde.com\/hr\/wp-json\/wp\/v2\/types\/product"}],"replies":[{"embeddable":true,"href":"https:\/\/www.billigtrikotde.com\/hr\/wp-json\/wp\/v2\/comments?post=2813"}],"wp:featuredmedia":[{"embeddable":true,"href":"https:\/\/www.billigtrikotde.com\/hr\/wp-json\/wp\/v2\/media\/2854"}],"wp:attachment":[{"href":"https:\/\/www.billigtrikotde.com\/hr\/wp-json\/wp\/v2\/media?parent=2813"}],"wp:term":[{"taxonomy":"product_brand","embeddable":true,"href":"https:\/\/www.billigtrikotde.com\/hr\/wp-json\/wp\/v2\/product_brand?post=2813"},{"taxonomy":"product_cat","embeddable":true,"href":"https:\/\/www.billigtrikotde.com\/hr\/wp-json\/wp\/v2\/product_cat?post=2813"},{"taxonomy":"product_tag","embeddable":true,"href":"https:\/\/www.billigtrikotde.com\/hr\/wp-json\/wp\/v2\/product_tag?post=2813"}],"curies":[{"name":"wp","href":"https:\/\/api.w.org\/{rel}","templated":true}]}}