{"id":2772,"date":"2024-10-23T14:32:02","date_gmt":"2024-10-23T12:32:02","guid":{"rendered":"http:\/\/billigtrikots.com\/?post_type=product&#038;p=2772"},"modified":"2024-10-23T14:34:07","modified_gmt":"2024-10-23T12:34:07","slug":"herren-trikotsatz-uruguay-2022-heimtrikot-hellblau-mit-aufdruck-torreira-14","status":"publish","type":"product","link":"https:\/\/www.billigtrikotde.com\/hr\/herren-trikotsatz-uruguay-2022-heimtrikot-hellblau-mit-aufdruck-torreira-14\/","title":{"rendered":"Mu\u0161ki komplet dresova Urugvaja 2022 doma\u0107i dres svijetloplava s natpisom Torreira 14"},"content":{"rendered":"<p>Autenti\u010dni dizajn ovog Puma ku\u0107nog dresa temelji se na utakmicama reprezentacije Urugvaja na Copa Am\u00e9rica 2021. S ovim slu\u017ebenim replika ku\u0107nim dresom za mu\u0161karce dobivate izgled svojih omiljenih igra\u010da. Materijal koji odvodi vlagu dryCELL osigurava suh i ugodan osje\u0107aj pri no\u0161enju, bilo da trenirate ili ste na stadionu. Sportski kroj podr\u017eava vas u svim pokretima. Grb na prsima ne ostavlja sumnju kojem timu navijate.<\/p>\n<p>Savjeti za ispis: Ako ime i broj na slici to\u010dno odgovaraju va\u0161im \u017eeljama, ne morate ih ponovno unositi. Ako ne, unesite \u017eeljeno ime i broj.<\/p>\n<p>Savjeti za pranje: Preporu\u010duje se ru\u010dno pranje nogometnih dresova. Ako \u017eelite koristiti perilicu, sjetite se okrenuti dresove naopako prije pranja. Napunite perilicu hladnom vodom i koristite program za osjetljive tkanine kako biste bolje za\u0161titili boje.<\/p>","protected":false},"excerpt":{"rendered":"<p>Das authentische Design dieses Puma Home Jerseys basiert auf den Spieltrikots des Uruguay-Teams bei der Copa Am\u00e9rica 2021. Mit diesem offiziellen Replica Heimtrikot f\u00fcr Herren erh\u00e4ltst du den Look deiner Lieblingsspieler. Das feuchtigkeitsleitende dryCELL-Material sorgt f\u00fcr trockenen und angenehmen Tragekomfort, egal ob beim Training oder im Stadion. Die sportliche Passform unterst\u00fctzt dich bei allen Bewegungsabl\u00e4ufen. [&hellip;]<\/p>","protected":false},"featured_media":2807,"comment_status":"open","ping_status":"closed","template":"","meta":[],"product_brand":[],"product_cat":[128],"product_tag":[20,21,22,23,24,129,130],"class_list":{"0":"post-2772","1":"product","2":"type-product","3":"status-publish","4":"has-post-thumbnail","6":"product_cat-uruguay-trikots","7":"product_tag-coole-fussballtrikots","8":"product_tag-fussballtrikot-fuer-herren","9":"product_tag-fussballtrikot-guenstig-kaufen","10":"product_tag-fussballtrikot-kurzarm","11":"product_tag-guenstiges-fussballtrikot","12":"product_tag-uruguay-heimtrikot","13":"product_tag-uruguay-trikots","15":"first","16":"instock","17":"shipping-taxable","18":"purchasable","19":"product-type-variable"},"_links":{"self":[{"href":"https:\/\/www.billigtrikotde.com\/hr\/wp-json\/wp\/v2\/product\/2772","targetHints":{"allow":["GET"]}}],"collection":[{"href":"https:\/\/www.billigtrikotde.com\/hr\/wp-json\/wp\/v2\/product"}],"about":[{"href":"https:\/\/www.billigtrikotde.com\/hr\/wp-json\/wp\/v2\/types\/product"}],"replies":[{"embeddable":true,"href":"https:\/\/www.billigtrikotde.com\/hr\/wp-json\/wp\/v2\/comments?post=2772"}],"wp:featuredmedia":[{"embeddable":true,"href":"https:\/\/www.billigtrikotde.com\/hr\/wp-json\/wp\/v2\/media\/2807"}],"wp:attachment":[{"href":"https:\/\/www.billigtrikotde.com\/hr\/wp-json\/wp\/v2\/media?parent=2772"}],"wp:term":[{"taxonomy":"product_brand","embeddable":true,"href":"https:\/\/www.billigtrikotde.com\/hr\/wp-json\/wp\/v2\/product_brand?post=2772"},{"taxonomy":"product_cat","embeddable":true,"href":"https:\/\/www.billigtrikotde.com\/hr\/wp-json\/wp\/v2\/product_cat?post=2772"},{"taxonomy":"product_tag","embeddable":true,"href":"https:\/\/www.billigtrikotde.com\/hr\/wp-json\/wp\/v2\/product_tag?post=2772"}],"curies":[{"name":"wp","href":"https:\/\/api.w.org\/{rel}","templated":true}]}}