{"id":2716,"date":"2024-10-23T14:29:21","date_gmt":"2024-10-23T12:29:21","guid":{"rendered":"http:\/\/billigtrikots.com\/?post_type=product&#038;p=2716"},"modified":"2024-10-23T14:31:23","modified_gmt":"2024-10-23T12:31:23","slug":"frankreich-auswaertstrikot-em-2022-weiss-dunkelblau-mit-aufdruck-martial-19","status":"publish","type":"product","link":"https:\/\/www.billigtrikotde.com\/hr\/frankreich-auswaertstrikot-em-2022-weiss-dunkelblau-mit-aufdruck-martial-19\/","title":{"rendered":"Francuski gostuju\u0107i dres Eura 2022 bijela tamnoplava s natpisom MARTIAL 19"},"content":{"rendered":"<p>Predstavi svoj tim u NIKE Hrvatskoj Breathe Stadion gostuju\u0107em dresu. Izuzetno prozra\u010dni materijal odvodi znoj s ko\u017ee i pru\u017ea hladan osje\u0107aj tijekom no\u0161enja na terenu ili tribinama. NIKE Breathe materijal osigurava suh i ugodno hladan osje\u0107aj tijekom no\u0161enja. S autenti\u010dnim dizajnom dobiva\u0161 izgled koji nose i profesionalci na terenu.<\/p>\n<p>Savjeti za ispis: Ako ime i broj na slici to\u010dno odgovaraju va\u0161im \u017eeljama, ne morate ih ponovno unositi. Ako ne, unesite \u017eeljeno ime i broj.<\/p>\n<p>Savjeti za pranje: Preporu\u010duje se ru\u010dno pranje nogometnih dresova. Ako \u017eelite koristiti perilicu, sjetite se okrenuti dresove naopako prije pranja. Napunite perilicu hladnom vodom i koristite program za osjetljive tkanine kako biste bolje za\u0161titili boje.<\/p>","protected":false},"excerpt":{"rendered":"<p>Predstavi svoj tim u NIKE Hrvatskoj Breathe Stadion gostuju\u0107em dresu. Izuzetno prozra\u010dni materijal odvodi znoj s ko\u017ee i pru\u017ea hladan osje\u0107aj tijekom no\u0161enja na terenu ili tribinama. NIKE Breathe materijal osigurava suh i ugodno hladan osje\u0107aj tijekom no\u0161enja. S autenti\u010dnim dizajnom dobiva\u0161 izgled koji nose i profesionalci na terenu.<\/p>","protected":false},"featured_media":2755,"comment_status":"open","ping_status":"closed","template":"","meta":[],"product_brand":[],"product_cat":[117],"product_tag":[20,118,119,21,22,23,24],"class_list":{"0":"post-2716","1":"product","2":"type-product","3":"status-publish","4":"has-post-thumbnail","6":"product_cat-frankreich-trikots","7":"product_tag-coole-fussballtrikots","8":"product_tag-frankreich-auswaertstrikot","9":"product_tag-frankreich-trikots","10":"product_tag-fussballtrikot-fuer-herren","11":"product_tag-fussballtrikot-guenstig-kaufen","12":"product_tag-fussballtrikot-kurzarm","13":"product_tag-guenstiges-fussballtrikot","15":"first","16":"instock","17":"shipping-taxable","18":"purchasable","19":"product-type-variable"},"_links":{"self":[{"href":"https:\/\/www.billigtrikotde.com\/hr\/wp-json\/wp\/v2\/product\/2716","targetHints":{"allow":["GET"]}}],"collection":[{"href":"https:\/\/www.billigtrikotde.com\/hr\/wp-json\/wp\/v2\/product"}],"about":[{"href":"https:\/\/www.billigtrikotde.com\/hr\/wp-json\/wp\/v2\/types\/product"}],"replies":[{"embeddable":true,"href":"https:\/\/www.billigtrikotde.com\/hr\/wp-json\/wp\/v2\/comments?post=2716"}],"wp:featuredmedia":[{"embeddable":true,"href":"https:\/\/www.billigtrikotde.com\/hr\/wp-json\/wp\/v2\/media\/2755"}],"wp:attachment":[{"href":"https:\/\/www.billigtrikotde.com\/hr\/wp-json\/wp\/v2\/media?parent=2716"}],"wp:term":[{"taxonomy":"product_brand","embeddable":true,"href":"https:\/\/www.billigtrikotde.com\/hr\/wp-json\/wp\/v2\/product_brand?post=2716"},{"taxonomy":"product_cat","embeddable":true,"href":"https:\/\/www.billigtrikotde.com\/hr\/wp-json\/wp\/v2\/product_cat?post=2716"},{"taxonomy":"product_tag","embeddable":true,"href":"https:\/\/www.billigtrikotde.com\/hr\/wp-json\/wp\/v2\/product_tag?post=2716"}],"curies":[{"name":"wp","href":"https:\/\/api.w.org\/{rel}","templated":true}]}}