{"id":2653,"date":"2024-10-23T14:26:36","date_gmt":"2024-10-23T12:26:36","guid":{"rendered":"http:\/\/billigtrikots.com\/?post_type=product&#038;p=2653"},"modified":"2024-10-23T14:28:40","modified_gmt":"2024-10-23T12:28:40","slug":"fussballtrikot-kurzarm-england-heimtrikot-em-2022-weiss-blau-mit-aufdruck-mings-15","status":"publish","type":"product","link":"https:\/\/www.billigtrikotde.com\/hr\/fussballtrikot-kurzarm-england-heimtrikot-em-2022-weiss-blau-mit-aufdruck-mings-15\/","title":{"rendered":"Nogometni kratki rukav Engleska doma\u0107i dres EP 2022 bijeli\/plavi s natpisom MINGS 15"},"content":{"rendered":"<p>Kao pravi navija\u010d treba\u0161 ovaj doma\u0107i dres koji igra\u010di nose na Europskom prvenstvu. Preporu\u010dujemo ovaj model koji odvodi znoj, prozra\u010dan je, lagan i izuzetno udoban s ugodnim osje\u0107ajem pri no\u0161enju. Osim toga, pru\u017ea ti se visoka trajnost. Izvrsni izgled majice isti\u010de se logom saveza na prsima. S ovim sportskim topom bit \u0107e\u0161 savr\u0161eno opremljen za sljede\u0107u jedinicu.<\/p>\n<p>Savjeti za ispis: Ako ime i broj na slici to\u010dno odgovaraju va\u0161im \u017eeljama, ne morate ih ponovno unositi. Ako ne, unesite \u017eeljeno ime i broj.<\/p>\n<p>Savjeti za pranje: Preporu\u010duje se ru\u010dno pranje nogometnih dresova. Ako \u017eelite koristiti perilicu, sjetite se okrenuti dresove naopako prije pranja. Napunite perilicu hladnom vodom i koristite program za osjetljive tkanine kako biste bolje za\u0161titili boje.<\/p>","protected":false},"excerpt":{"rendered":"<p>Als echter Fan brauchst du dieses Heim-Trikot, das die Spieler bei der Europameisterschaft tragen. Wir empfehlen dieses schwei\u00dfableitende, atmungsaktive, leichte und super bequeme Modell mit dem angenehmen Tragegef\u00fchl. Au\u00dferdem wird dir eine hohe Haltbarkeit geboten. Untermalt wird die tolle Optik des Shirts durch das Verbandslogo auf der Brust. Mit diesem Sporttop bist du f\u00fcr die [&hellip;]<\/p>","protected":false},"featured_media":2694,"comment_status":"open","ping_status":"closed","template":"","meta":[],"product_brand":[],"product_cat":[115],"product_tag":[20,116,21,22,23,24],"class_list":{"0":"post-2653","1":"product","2":"type-product","3":"status-publish","4":"has-post-thumbnail","6":"product_cat-england-trikots","7":"product_tag-coole-fussballtrikots","8":"product_tag-england-heimtrikot","9":"product_tag-fussballtrikot-fuer-herren","10":"product_tag-fussballtrikot-guenstig-kaufen","11":"product_tag-fussballtrikot-kurzarm","12":"product_tag-guenstiges-fussballtrikot","14":"first","15":"instock","16":"shipping-taxable","17":"purchasable","18":"product-type-variable"},"_links":{"self":[{"href":"https:\/\/www.billigtrikotde.com\/hr\/wp-json\/wp\/v2\/product\/2653","targetHints":{"allow":["GET"]}}],"collection":[{"href":"https:\/\/www.billigtrikotde.com\/hr\/wp-json\/wp\/v2\/product"}],"about":[{"href":"https:\/\/www.billigtrikotde.com\/hr\/wp-json\/wp\/v2\/types\/product"}],"replies":[{"embeddable":true,"href":"https:\/\/www.billigtrikotde.com\/hr\/wp-json\/wp\/v2\/comments?post=2653"}],"wp:featuredmedia":[{"embeddable":true,"href":"https:\/\/www.billigtrikotde.com\/hr\/wp-json\/wp\/v2\/media\/2694"}],"wp:attachment":[{"href":"https:\/\/www.billigtrikotde.com\/hr\/wp-json\/wp\/v2\/media?parent=2653"}],"wp:term":[{"taxonomy":"product_brand","embeddable":true,"href":"https:\/\/www.billigtrikotde.com\/hr\/wp-json\/wp\/v2\/product_brand?post=2653"},{"taxonomy":"product_cat","embeddable":true,"href":"https:\/\/www.billigtrikotde.com\/hr\/wp-json\/wp\/v2\/product_cat?post=2653"},{"taxonomy":"product_tag","embeddable":true,"href":"https:\/\/www.billigtrikotde.com\/hr\/wp-json\/wp\/v2\/product_tag?post=2653"}],"curies":[{"name":"wp","href":"https:\/\/api.w.org\/{rel}","templated":true}]}}