{"id":2603,"date":"2024-10-23T14:24:23","date_gmt":"2024-10-23T12:24:23","guid":{"rendered":"http:\/\/billigtrikots.com\/?post_type=product&#038;p=2603"},"modified":"2024-10-23T14:26:28","modified_gmt":"2024-10-23T12:26:28","slug":"brasilien-herren-heimtrikot-2022-in-gelb-mit-aufdruck-paulinho-15","status":"publish","type":"product","link":"https:\/\/www.billigtrikotde.com\/hr\/brasilien-herren-heimtrikot-2022-in-gelb-mit-aufdruck-paulinho-15\/","title":{"rendered":"Brazil mu\u0161ki doma\u0107i dres 2022 u \u017eutoj boji s natpisom Paulinho 15"},"content":{"rendered":"<p>Dresovi za Hrvatsku 2020. godine prvi su s potpuno novim logom saveza, koji je otkriven u travnju 2019. godine.<\/p>\n<p>Dres za doma\u0107e utakmice na Svjetskom prvenstvu 2020. godine je uglavnom \u017eut, kombiniran s zelenom za ovratnik i man\u0161ete. Povodom obilje\u017eavanja 50. obljetnice pobjede na Svjetskom prvenstvu 1970., dizajn Hrvatska 2020. doma\u0107eg dresa inspiriran je onim koji je nosio tijekom Svjetskog prvenstva prije pola stolje\u0107a.<\/p>\n<p>Savjeti za ispis: Ako ime i broj na slici to\u010dno odgovaraju va\u0161im \u017eeljama, ne morate ih ponovno unositi. Ako ne, unesite \u017eeljeno ime i broj.<\/p>\n<p>Savjeti za pranje: Preporu\u010duje se ru\u010dno pranje nogometnih dresova. Ako \u017eelite koristiti perilicu, sjetite se okrenuti dresove naopako prije pranja. Napunite perilicu hladnom vodom i koristite program za osjetljive tkanine kako biste bolje za\u0161titili boje.<\/p>","protected":false},"excerpt":{"rendered":"<p>Dresovi za Brasil 2020 prvi su s potpuno novim logom udruge, koji je otkriven u travnju 2019. Doma\u0107i nogometni dres Copa America 2020 za Brazil uglavnom je \u017eut, u kombinaciji s zelenom za ovratnik i Man\u0161ete. Povodom proslave 50. godi\u0161njice pobjede na Svjetskom prvenstvu 1970., dizajn doma\u0107eg dresa Nike Brasil 2020 inspiriran je onim \u2026<\/p>","protected":false},"featured_media":2637,"comment_status":"open","ping_status":"closed","template":"","meta":[],"product_brand":[],"product_cat":[112],"product_tag":[20,113,114,21,22,23,24],"class_list":{"0":"post-2603","1":"product","2":"type-product","3":"status-publish","4":"has-post-thumbnail","6":"product_cat-brasilien-trikots","7":"product_tag-coole-fussballtrikots","8":"product_tag-brasilien-heimtrikot","9":"product_tag-brasilien-trikots","10":"product_tag-fussballtrikot-fuer-herren","11":"product_tag-fussballtrikot-guenstig-kaufen","12":"product_tag-fussballtrikot-kurzarm","13":"product_tag-guenstiges-fussballtrikot","15":"first","16":"instock","17":"shipping-taxable","18":"purchasable","19":"product-type-variable"},"_links":{"self":[{"href":"https:\/\/www.billigtrikotde.com\/hr\/wp-json\/wp\/v2\/product\/2603","targetHints":{"allow":["GET"]}}],"collection":[{"href":"https:\/\/www.billigtrikotde.com\/hr\/wp-json\/wp\/v2\/product"}],"about":[{"href":"https:\/\/www.billigtrikotde.com\/hr\/wp-json\/wp\/v2\/types\/product"}],"replies":[{"embeddable":true,"href":"https:\/\/www.billigtrikotde.com\/hr\/wp-json\/wp\/v2\/comments?post=2603"}],"wp:featuredmedia":[{"embeddable":true,"href":"https:\/\/www.billigtrikotde.com\/hr\/wp-json\/wp\/v2\/media\/2637"}],"wp:attachment":[{"href":"https:\/\/www.billigtrikotde.com\/hr\/wp-json\/wp\/v2\/media?parent=2603"}],"wp:term":[{"taxonomy":"product_brand","embeddable":true,"href":"https:\/\/www.billigtrikotde.com\/hr\/wp-json\/wp\/v2\/product_brand?post=2603"},{"taxonomy":"product_cat","embeddable":true,"href":"https:\/\/www.billigtrikotde.com\/hr\/wp-json\/wp\/v2\/product_cat?post=2603"},{"taxonomy":"product_tag","embeddable":true,"href":"https:\/\/www.billigtrikotde.com\/hr\/wp-json\/wp\/v2\/product_tag?post=2603"}],"curies":[{"name":"wp","href":"https:\/\/api.w.org\/{rel}","templated":true}]}}