{"id":2546,"date":"2024-10-23T14:21:35","date_gmt":"2024-10-23T12:21:35","guid":{"rendered":"http:\/\/billigtrikots.com\/?post_type=product&#038;p=2546"},"modified":"2024-10-23T14:23:46","modified_gmt":"2024-10-23T12:23:46","slug":"bvb-borussia-dortmund-heimtrikot-in-gelbe-2022-fuer-kinder-mit-aufdruck-reus-11","status":"publish","type":"product","link":"https:\/\/www.billigtrikotde.com\/hr\/bvb-borussia-dortmund-heimtrikot-in-gelbe-2022-fuer-kinder-mit-aufdruck-reus-11\/","title":{"rendered":"BVB Borussia Dortmund doma\u0107i dres u \u017eutoj boji 2022 za djecu s natpisom Reus 11"},"content":{"rendered":"<p>Dje\u010dji dresovi u dizajnu BVB-a<br \/>\nJedan dres omiljenog nogometnog kluba san je svakog malog budu\u0107eg zvijezde. Ako je tvoje dijete veliki navija\u010d BVB-a, ovdje mo\u017ee\u0161 prona\u0107i \u0161irok izbor dresova kako bi ga ili je obukao u \u017euto i crno. Dresovi su dostupni u mnogim razli\u010ditim izvedbama. Bez obzira na koji se odlu\u010di\u0161, dobit \u0107e\u0161 gornji dio odje\u0107e koji se odlikuje sljede\u0107im atributima:<\/p>\n<p>Visoka kvaliteta izrade<br \/>\nStabilnost<br \/>\nAutenti\u010dnost<br \/>\nDobra kvaliteta materijala<br \/>\nIznenadi svoje dijete s odli\u010dnim dresom, jer je zabava u igri dvostruko ve\u0107a u bojama omiljenog kluba. No\u0161enje dresa tako\u0111er je prikladno u mnogim drugim prigodama. Posebno djeca, koja obi\u010dno nisu podlo\u017ena dress codeu, rado nose majice svoje mom\u010dadi i u svakodnevnom \u017eivotu. Rado ih nose u \u0161koli i u slobodno vrijeme. Ako imaju i sre\u0107u da mogu u\u017eivo gledati svoju mom\u010dad u stadionu, dres je naravno uvijek prvi izbor.<\/p>\n<p>Savjeti za ispis: Ako ime i broj na slici to\u010dno odgovaraju va\u0161im \u017eeljama, ne morate ih ponovno unositi. Ako ne, unesite \u017eeljeno ime i broj.<\/p>\n<p>Savjeti za pranje: Preporu\u010duje se ru\u010dno pranje nogometnih dresova. Ako \u017eelite koristiti perilicu, sjetite se okrenuti dresove naopako prije pranja. Napunite perilicu hladnom vodom i koristite program za osjetljive tkanine kako biste bolje za\u0161titili boje.<\/p>","protected":false},"excerpt":{"rendered":"<p>Kindertrikots im BVB-Design Ein Trikot des Lieblingsfu\u00dfballvereins ist ein Traum f\u00fcr jeden kleinen Nachwuchsstar. Wenn dein Kind ein gro\u00dfer BVB-Fan ist, findest du hier eine gro\u00dfe Auswahl an Trikots, um sie oder ihn in Gelb und Schwarz zu h\u00fcllen. Die Trikots findest du hier in vielen verschiedenen Ausf\u00fchrungen. Egal f\u00fcr welches du dich entscheidest, du [&hellip;]<\/p>","protected":false},"featured_media":2587,"comment_status":"open","ping_status":"closed","template":"","meta":[],"product_brand":[],"product_cat":[108],"product_tag":[20,110,65,109,66,94],"class_list":{"0":"post-2546","1":"product","2":"type-product","3":"status-publish","4":"has-post-thumbnail","6":"product_cat-borussia-dortmund-kindertrikot","7":"product_tag-coole-fussballtrikots","8":"product_tag-borussia-dortmund-heimtrikot","9":"product_tag-borussia-dortmund-trikots","10":"product_tag-borussia-dortmund-trikotsatz-fuer-kinder","11":"product_tag-bvb-trikots","12":"product_tag-kinder-fussball-trikotsatz","14":"first","15":"instock","16":"shipping-taxable","17":"purchasable","18":"product-type-variable"},"_links":{"self":[{"href":"https:\/\/www.billigtrikotde.com\/hr\/wp-json\/wp\/v2\/product\/2546","targetHints":{"allow":["GET"]}}],"collection":[{"href":"https:\/\/www.billigtrikotde.com\/hr\/wp-json\/wp\/v2\/product"}],"about":[{"href":"https:\/\/www.billigtrikotde.com\/hr\/wp-json\/wp\/v2\/types\/product"}],"replies":[{"embeddable":true,"href":"https:\/\/www.billigtrikotde.com\/hr\/wp-json\/wp\/v2\/comments?post=2546"}],"wp:featuredmedia":[{"embeddable":true,"href":"https:\/\/www.billigtrikotde.com\/hr\/wp-json\/wp\/v2\/media\/2587"}],"wp:attachment":[{"href":"https:\/\/www.billigtrikotde.com\/hr\/wp-json\/wp\/v2\/media?parent=2546"}],"wp:term":[{"taxonomy":"product_brand","embeddable":true,"href":"https:\/\/www.billigtrikotde.com\/hr\/wp-json\/wp\/v2\/product_brand?post=2546"},{"taxonomy":"product_cat","embeddable":true,"href":"https:\/\/www.billigtrikotde.com\/hr\/wp-json\/wp\/v2\/product_cat?post=2546"},{"taxonomy":"product_tag","embeddable":true,"href":"https:\/\/www.billigtrikotde.com\/hr\/wp-json\/wp\/v2\/product_tag?post=2546"}],"curies":[{"name":"wp","href":"https:\/\/api.w.org\/{rel}","templated":true}]}}