{"id":2544,"date":"2024-10-23T14:21:33","date_gmt":"2024-10-23T12:21:33","guid":{"rendered":"http:\/\/billigtrikots.com\/?post_type=product&#038;p=2544"},"modified":"2024-10-23T14:23:45","modified_gmt":"2024-10-23T12:23:45","slug":"bvb-borussia-dortmund-heimtrikot-in-gelb-2022-fuer-kinder-mit-aufdruck-hazard-10","status":"publish","type":"product","link":"https:\/\/www.billigtrikotde.com\/hr\/bvb-borussia-dortmund-heimtrikot-in-gelb-2022-fuer-kinder-mit-aufdruck-hazard-10\/","title":{"rendered":"BVB Borussia Dortmund doma\u0107i dres u \u017eutoj boji 2022 za djecu s natpisom Hazard 10"},"content":{"rendered":"<p>Ovaj dje\u010dji dres \u010dini va\u0161eg mladog nogometa\u0161a izgledom kao profesionalca. Ova majica s okruglim izrezom, raglan rukavima s umetkom od mre\u017ee i integriranim elasti\u010dnim pojasom jednako je \u010dvrsta i udobna. A zahvaljuju\u0107i svojoj dryCELL tehnologiji, mali\u0161ani ostaju suhi i udobni, bez da znoj pokvari raspolo\u017eenje. Slu\u017ebena oprema kluba Borussia Dortmund istaknuta je na gornjem dijelu i \u0161orcevima.<\/p>\n<p>Savjeti za ispis: Ako ime i broj na slici to\u010dno odgovaraju va\u0161im \u017eeljama, ne morate ih ponovno unositi. Ako ne, unesite \u017eeljeno ime i broj.<\/p>\n<p>Savjeti za pranje: Preporu\u010duje se ru\u010dno pranje nogometnih dresova. Ako \u017eelite koristiti perilicu, sjetite se okrenuti dresove naopako prije pranja. Napunite perilicu hladnom vodom i koristite program za osjetljive tkanine kako biste bolje za\u0161titili boje.<\/p>","protected":false},"excerpt":{"rendered":"<p>Ovaj dje\u010dji dres \u010dini va\u0161eg mladog nogometa\u0161a izgledom kao profesionalca. Ova majica s okruglim izrezom, raglan rukavima s umetkom od mre\u017ee i integriranim elasti\u010dnim pojasom jednako je \u010dvrsta i udobna. A zahvaljuju\u0107i svojoj dryCELL tehnologiji, mali\u0161ani ostaju suhi i udobni, bez da znoj pokvari raspolo\u017eenje. Slu\u017ebena oprema kluba Borussia Dortmund istaknuta je na gornjem dijelu i \u0161orcevima.<\/p>","protected":false},"featured_media":2586,"comment_status":"open","ping_status":"closed","template":"","meta":[],"product_brand":[],"product_cat":[108],"product_tag":[20,110,65,109,66,94],"class_list":{"0":"post-2544","1":"product","2":"type-product","3":"status-publish","4":"has-post-thumbnail","6":"product_cat-borussia-dortmund-kindertrikot","7":"product_tag-coole-fussballtrikots","8":"product_tag-borussia-dortmund-heimtrikot","9":"product_tag-borussia-dortmund-trikots","10":"product_tag-borussia-dortmund-trikotsatz-fuer-kinder","11":"product_tag-bvb-trikots","12":"product_tag-kinder-fussball-trikotsatz","14":"first","15":"instock","16":"shipping-taxable","17":"purchasable","18":"product-type-variable"},"_links":{"self":[{"href":"https:\/\/www.billigtrikotde.com\/hr\/wp-json\/wp\/v2\/product\/2544","targetHints":{"allow":["GET"]}}],"collection":[{"href":"https:\/\/www.billigtrikotde.com\/hr\/wp-json\/wp\/v2\/product"}],"about":[{"href":"https:\/\/www.billigtrikotde.com\/hr\/wp-json\/wp\/v2\/types\/product"}],"replies":[{"embeddable":true,"href":"https:\/\/www.billigtrikotde.com\/hr\/wp-json\/wp\/v2\/comments?post=2544"}],"wp:featuredmedia":[{"embeddable":true,"href":"https:\/\/www.billigtrikotde.com\/hr\/wp-json\/wp\/v2\/media\/2586"}],"wp:attachment":[{"href":"https:\/\/www.billigtrikotde.com\/hr\/wp-json\/wp\/v2\/media?parent=2544"}],"wp:term":[{"taxonomy":"product_brand","embeddable":true,"href":"https:\/\/www.billigtrikotde.com\/hr\/wp-json\/wp\/v2\/product_brand?post=2544"},{"taxonomy":"product_cat","embeddable":true,"href":"https:\/\/www.billigtrikotde.com\/hr\/wp-json\/wp\/v2\/product_cat?post=2544"},{"taxonomy":"product_tag","embeddable":true,"href":"https:\/\/www.billigtrikotde.com\/hr\/wp-json\/wp\/v2\/product_tag?post=2544"}],"curies":[{"name":"wp","href":"https:\/\/api.w.org\/{rel}","templated":true}]}}