{"id":2515,"date":"2024-10-23T14:20:21","date_gmt":"2024-10-23T12:20:21","guid":{"rendered":"http:\/\/billigtrikots.com\/?post_type=product&#038;p=2515"},"modified":"2024-10-23T14:22:36","modified_gmt":"2024-10-23T12:22:36","slug":"kinder-trikotsatz-tottenham-hotspur-trikot-home-2022-kids-weiss","status":"publish","type":"product","link":"https:\/\/www.billigtrikotde.com\/hr\/kinder-trikotsatz-tottenham-hotspur-trikot-home-2022-kids-weiss\/","title":{"rendered":"Dje\u010dji komplet dresova Tottenham Hotspur dres Home 2022 Kids bijeli"},"content":{"rendered":"<p>Nikeov trikot u bijeloj boji omogu\u0107uje ti da nosi\u0161 boje svog omiljenog kluba i svima poka\u017ee\u0161 za \u0161ta ti srce luta. Za prave fanove Tottenham Hotspur must-have: doma\u0107i trikot u originalnom dizajnu, kakav nose igra\u010di u Premijer ligi. Reguliran je za disanje, udoban i lagan. Vizualno se isti\u010de klubskim grbom na prsima. S ovim sportskim topom mo\u017ee\u0161 biti jo\u0161 u\u010dinkovitiji i pripremiti se za sljede\u0107u utakmicu.<\/p>\n<p>Savjeti za ispis: Ako ime i broj na slici to\u010dno odgovaraju va\u0161im \u017eeljama, ne morate ih ponovno unositi. Ako ne, unesite \u017eeljeno ime i broj.<\/p>\n<p>Savjeti za pranje: Preporu\u010duje se ru\u010dno pranje nogometnih dresova. Ako \u017eelite koristiti perilicu, sjetite se okrenuti dresove naopako prije pranja. Napunite perilicu hladnom vodom i koristite program za osjetljive tkanine kako biste bolje za\u0161titili boje.<\/p>","protected":false},"excerpt":{"rendered":"<p>Das Trikot von Nike in Wei\u00df l\u00e4sst dich die Farben deines Lieblingsclubs tragen und allen zeigen, wof\u00fcr dein Herz schl\u00e4gt. F\u00fcr wahre Tottenham Hotspur-Fans ein Must-Have: das Heim-Trikot im Originaldesign, wie es die Spieler in der Premier League tragen. Es ist atmungsaktiv, bequem und leicht. Es besticht optisch mit einem Vereinswappen auf der Brust. Mit [&hellip;]<\/p>","protected":false},"featured_media":2550,"comment_status":"open","ping_status":"closed","template":"","meta":[],"product_brand":[],"product_cat":[102],"product_tag":[20,21,22,23,24,94,106,104,105],"class_list":{"0":"post-2515","1":"product","2":"type-product","3":"status-publish","4":"has-post-thumbnail","6":"product_cat-tottenham-hotspur-kindertrikot","7":"product_tag-coole-fussballtrikots","8":"product_tag-fussballtrikot-fuer-herren","9":"product_tag-fussballtrikot-guenstig-kaufen","10":"product_tag-fussballtrikot-kurzarm","11":"product_tag-guenstiges-fussballtrikot","12":"product_tag-kinder-fussball-trikotsatz","13":"product_tag-tottenham-hotspur-heimtrikot","14":"product_tag-tottenham-hotspur-trikots","15":"product_tag-tottenham-hotspur-trikotsatz-fuer-kinder","17":"first","18":"instock","19":"shipping-taxable","20":"purchasable","21":"product-type-variable"},"_links":{"self":[{"href":"https:\/\/www.billigtrikotde.com\/hr\/wp-json\/wp\/v2\/product\/2515","targetHints":{"allow":["GET"]}}],"collection":[{"href":"https:\/\/www.billigtrikotde.com\/hr\/wp-json\/wp\/v2\/product"}],"about":[{"href":"https:\/\/www.billigtrikotde.com\/hr\/wp-json\/wp\/v2\/types\/product"}],"replies":[{"embeddable":true,"href":"https:\/\/www.billigtrikotde.com\/hr\/wp-json\/wp\/v2\/comments?post=2515"}],"wp:featuredmedia":[{"embeddable":true,"href":"https:\/\/www.billigtrikotde.com\/hr\/wp-json\/wp\/v2\/media\/2550"}],"wp:attachment":[{"href":"https:\/\/www.billigtrikotde.com\/hr\/wp-json\/wp\/v2\/media?parent=2515"}],"wp:term":[{"taxonomy":"product_brand","embeddable":true,"href":"https:\/\/www.billigtrikotde.com\/hr\/wp-json\/wp\/v2\/product_brand?post=2515"},{"taxonomy":"product_cat","embeddable":true,"href":"https:\/\/www.billigtrikotde.com\/hr\/wp-json\/wp\/v2\/product_cat?post=2515"},{"taxonomy":"product_tag","embeddable":true,"href":"https:\/\/www.billigtrikotde.com\/hr\/wp-json\/wp\/v2\/product_tag?post=2515"}],"curies":[{"name":"wp","href":"https:\/\/api.w.org\/{rel}","templated":true}]}}