{"id":2490,"date":"2024-10-23T14:19:14","date_gmt":"2024-10-23T12:19:14","guid":{"rendered":"http:\/\/billigtrikots.com\/?post_type=product&#038;p=2490"},"modified":"2024-10-23T14:21:24","modified_gmt":"2024-10-23T12:21:24","slug":"tottenham-hotspur-2022-heimtrikot-in-weiss-fuer-kinder-mit-aufdruck-dele-20","status":"publish","type":"product","link":"https:\/\/www.billigtrikotde.com\/hr\/tottenham-hotspur-2022-heimtrikot-in-weiss-fuer-kinder-mit-aufdruck-dele-20\/","title":{"rendered":"Tottenham Hotspur 2022 doma\u0107i dres u bijeloj boji za djecu s tiskom DELE 20"},"content":{"rendered":"<p>Podr\u017eite Tottenham Hotspur u sezoni 2022. godine i poka\u017eite svoj ponos u slu\u017ebenoj Nike Replica ku\u0107noj majici. Autenti\u010dni dizajn ku\u0107ne majice za djecu temelji se na utakmicama profesionalaca. Lagani funkcionalni materijal s Dri-FIT tehnologijom posebno je prozra\u010dan i pru\u017ea osje\u0107aj svje\u017eine. Detalji tima poput grba na prsima ostavljaju nedoumice, da stojite iza Spursa.<\/p>\n<p>Savjeti za ispis: Ako ime i broj na slici to\u010dno odgovaraju va\u0161im \u017eeljama, ne morate ih ponovno unositi. Ako ne, unesite \u017eeljeno ime i broj.<\/p>\n<p>Savjeti za pranje: Preporu\u010duje se ru\u010dno pranje nogometnih dresova. Ako \u017eelite koristiti perilicu, sjetite se okrenuti dresove naopako prije pranja. Napunite perilicu hladnom vodom i koristite program za osjetljive tkanine kako biste bolje za\u0161titili boje.<\/p>","protected":false},"excerpt":{"rendered":"<p>Podr\u017eite Tottenham Hotspur u sezoni 2022. godine i poka\u017eite svoj ponos u slu\u017ebenoj Nike Replica ku\u0107noj majici. Autenti\u010dni dizajn ku\u0107ne majice za djecu temelji se na utakmicama profesionalaca. Lagani funkcionalni materijal s Dri-FIT tehnologijom posebno je prozra\u010dan i pru\u017ea osje\u0107aj svje\u017eine. Detalji tima poput grba na prsima ostavljaju nedoumice, da stojite iza Spursa.<\/p>","protected":false},"featured_media":2534,"comment_status":"open","ping_status":"closed","template":"","meta":[],"product_brand":[],"product_cat":[102],"product_tag":[20,21,22,23,24,94,106,104,105],"class_list":{"0":"post-2490","1":"product","2":"type-product","3":"status-publish","4":"has-post-thumbnail","6":"product_cat-tottenham-hotspur-kindertrikot","7":"product_tag-coole-fussballtrikots","8":"product_tag-fussballtrikot-fuer-herren","9":"product_tag-fussballtrikot-guenstig-kaufen","10":"product_tag-fussballtrikot-kurzarm","11":"product_tag-guenstiges-fussballtrikot","12":"product_tag-kinder-fussball-trikotsatz","13":"product_tag-tottenham-hotspur-heimtrikot","14":"product_tag-tottenham-hotspur-trikots","15":"product_tag-tottenham-hotspur-trikotsatz-fuer-kinder","17":"first","18":"instock","19":"shipping-taxable","20":"purchasable","21":"product-type-variable"},"_links":{"self":[{"href":"https:\/\/www.billigtrikotde.com\/hr\/wp-json\/wp\/v2\/product\/2490","targetHints":{"allow":["GET"]}}],"collection":[{"href":"https:\/\/www.billigtrikotde.com\/hr\/wp-json\/wp\/v2\/product"}],"about":[{"href":"https:\/\/www.billigtrikotde.com\/hr\/wp-json\/wp\/v2\/types\/product"}],"replies":[{"embeddable":true,"href":"https:\/\/www.billigtrikotde.com\/hr\/wp-json\/wp\/v2\/comments?post=2490"}],"wp:featuredmedia":[{"embeddable":true,"href":"https:\/\/www.billigtrikotde.com\/hr\/wp-json\/wp\/v2\/media\/2534"}],"wp:attachment":[{"href":"https:\/\/www.billigtrikotde.com\/hr\/wp-json\/wp\/v2\/media?parent=2490"}],"wp:term":[{"taxonomy":"product_brand","embeddable":true,"href":"https:\/\/www.billigtrikotde.com\/hr\/wp-json\/wp\/v2\/product_brand?post=2490"},{"taxonomy":"product_cat","embeddable":true,"href":"https:\/\/www.billigtrikotde.com\/hr\/wp-json\/wp\/v2\/product_cat?post=2490"},{"taxonomy":"product_tag","embeddable":true,"href":"https:\/\/www.billigtrikotde.com\/hr\/wp-json\/wp\/v2\/product_tag?post=2490"}],"curies":[{"name":"wp","href":"https:\/\/api.w.org\/{rel}","templated":true}]}}