{"id":2482,"date":"2024-10-23T14:18:46","date_gmt":"2024-10-23T12:18:46","guid":{"rendered":"http:\/\/billigtrikots.com\/?post_type=product&#038;p=2482"},"modified":"2024-10-23T14:20:50","modified_gmt":"2024-10-23T12:20:50","slug":"kinder-tottenham-hotspur-2022-trikot-away-kurze-hosen","status":"publish","type":"product","link":"https:\/\/www.billigtrikotde.com\/hr\/kinder-tottenham-hotspur-2022-trikot-away-kurze-hosen\/","title":{"rendered":"Djeca Tottenham Hotspur 2022 dres u gostima (+ kratke hla\u010de)"},"content":{"rendered":"<p>VA\u0160 TIM.<\/p>\n<p>VA\u0160E BOJE.<\/p>\n<p>Predstavite svoj tim u gostuju\u0107em dresu Tottenham Hotspur Stadium.<\/p>\n<p>Visoko prozra\u010dan materijal dr\u017ei znoj dalje od tvoje ko\u017ee, tako da ostaje\u0161 hladan, bez obzira jesi li na tribini i vi\u010de\u0161 ili igra\u0161 na terenu.<\/p>\n<p>Nike Dri FIT tehnologija odvodi znoj i br\u017ee isparava s tvoje ko\u017ee \u2013 kako bi bio suh i udoban.<\/p>\n<p>Materijal Nike Breathe nudi visoko prozra\u010dnu konstrukciju, kako bi ostao hladan.<\/p>\n<p>Dizajn replike opona\u0161a odje\u0107u profesionalaca na terenu.<\/p>\n<p>Savjeti za ispis: Ako ime i broj na slici to\u010dno odgovaraju va\u0161im \u017eeljama, ne morate ih ponovno unositi. Ako ne, unesite \u017eeljeno ime i broj.<\/p>\n<p>Savjeti za pranje: Preporu\u010duje se ru\u010dno pranje nogometnih dresova. Ako \u017eelite koristiti perilicu, sjetite se okrenuti dresove naopako prije pranja. Napunite perilicu hladnom vodom i koristite program za osjetljive tkanine kako biste bolje za\u0161titili boje.<\/p>","protected":false},"excerpt":{"rendered":"<p>DEIN TEAM. IHRE FARBEN. Repr\u00e4sentiere dein Team im Tottenham Hotspur Stadium Ausw\u00e4rtstrikot. Hoch atmungsaktives Material h\u00e4lt Schwei\u00df von deiner Haut fern, sodass du cool bleibst, egal ob du auf der Trib\u00fcne jubelst oder auf dem Platz spielst. Die Nike Dri FIT-Technologie leitet Schwei\u00df f\u00fcr eine schnellere Verdunstung von deiner Haut ab \u2013 damit du trocken [&hellip;]<\/p>","protected":false},"featured_media":2523,"comment_status":"open","ping_status":"closed","template":"","meta":[],"product_brand":[],"product_cat":[102],"product_tag":[20,21,22,23,24,94,103,104,105],"class_list":{"0":"post-2482","1":"product","2":"type-product","3":"status-publish","4":"has-post-thumbnail","6":"product_cat-tottenham-hotspur-kindertrikot","7":"product_tag-coole-fussballtrikots","8":"product_tag-fussballtrikot-fuer-herren","9":"product_tag-fussballtrikot-guenstig-kaufen","10":"product_tag-fussballtrikot-kurzarm","11":"product_tag-guenstiges-fussballtrikot","12":"product_tag-kinder-fussball-trikotsatz","13":"product_tag-tottenham-hotspur-auswaertstrikot","14":"product_tag-tottenham-hotspur-trikots","15":"product_tag-tottenham-hotspur-trikotsatz-fuer-kinder","17":"first","18":"instock","19":"shipping-taxable","20":"purchasable","21":"product-type-variable"},"_links":{"self":[{"href":"https:\/\/www.billigtrikotde.com\/hr\/wp-json\/wp\/v2\/product\/2482","targetHints":{"allow":["GET"]}}],"collection":[{"href":"https:\/\/www.billigtrikotde.com\/hr\/wp-json\/wp\/v2\/product"}],"about":[{"href":"https:\/\/www.billigtrikotde.com\/hr\/wp-json\/wp\/v2\/types\/product"}],"replies":[{"embeddable":true,"href":"https:\/\/www.billigtrikotde.com\/hr\/wp-json\/wp\/v2\/comments?post=2482"}],"wp:featuredmedia":[{"embeddable":true,"href":"https:\/\/www.billigtrikotde.com\/hr\/wp-json\/wp\/v2\/media\/2523"}],"wp:attachment":[{"href":"https:\/\/www.billigtrikotde.com\/hr\/wp-json\/wp\/v2\/media?parent=2482"}],"wp:term":[{"taxonomy":"product_brand","embeddable":true,"href":"https:\/\/www.billigtrikotde.com\/hr\/wp-json\/wp\/v2\/product_brand?post=2482"},{"taxonomy":"product_cat","embeddable":true,"href":"https:\/\/www.billigtrikotde.com\/hr\/wp-json\/wp\/v2\/product_cat?post=2482"},{"taxonomy":"product_tag","embeddable":true,"href":"https:\/\/www.billigtrikotde.com\/hr\/wp-json\/wp\/v2\/product_tag?post=2482"}],"curies":[{"name":"wp","href":"https:\/\/api.w.org\/{rel}","templated":true}]}}