{"id":2454,"date":"2024-10-23T14:17:36","date_gmt":"2024-10-23T12:17:36","guid":{"rendered":"http:\/\/billigtrikots.com\/?post_type=product&#038;p=2454"},"modified":"2024-10-23T14:19:43","modified_gmt":"2024-10-23T12:19:43","slug":"ac-mailand-auswaertstrikot-2022-beige-rot-fuer-kinder","status":"publish","type":"product","link":"https:\/\/www.billigtrikotde.com\/hr\/ac-mailand-auswaertstrikot-2022-beige-rot-fuer-kinder\/","title":{"rendered":"AC Milan gostuju\u0107i dres 2022 be\u017e-crveni za djecu"},"content":{"rendered":"<p>Dein junger Fu\u00dfballer wird die dryCELL Technologie in diesem Trikot zu sch\u00e4tzen wissen, die daf\u00fcr sorgt, dass die Feuchtigkeit vom K\u00f6rper weggeleitet wird. Damit wird er die ganze Einheit \u00fcber trocken und bequem bleiben. Aber dieses Trikot zelebriert auch die Kraft und den Einfluss, den der Sport auf die Welt im Allgemeinen haben kann. Es ist Teil des Sports for Change Programms, das darauf abzielt, bed\u00fcrftigen Jugendlichen auf sechs Kontinenten zu helfen. Die Vorderseite dieses Trikots ist mit dem kultigen AC Milan Vereinslogo und dem ebenso kultigen PUMA Cat Logo auf der jeweils gegen\u00fcberliegenden Seite versehen.<\/p>\n<p>Savjeti za ispis: Ako ime i broj na slici to\u010dno odgovaraju va\u0161im \u017eeljama, ne morate ih ponovno unositi. Ako ne, unesite \u017eeljeno ime i broj.<\/p>\n<p>Savjeti za pranje: Preporu\u010duje se ru\u010dno pranje nogometnih dresova. Ako \u017eelite koristiti perilicu, sjetite se okrenuti dresove naopako prije pranja. Napunite perilicu hladnom vodom i koristite program za osjetljive tkanine kako biste bolje za\u0161titili boje.<\/p>","protected":false},"excerpt":{"rendered":"<p>Tvoj mladi nogometa\u0161 \u0107e cijeniti dryCELL tehnologiju na ovoj majici, koja osigurava da se vlaga odvodi od tijela. Time \u0107e cijelu jedinicu ostati suha i udobna. Ali ova majica proslavlja i snagu i utjecaj koje sport uop\u0107e mo\u017ee imati na svijet. Itd.<\/p>","protected":false},"featured_media":2495,"comment_status":"open","ping_status":"closed","template":"","meta":[],"product_brand":[],"product_cat":[92],"product_tag":[19,93,20,94],"class_list":{"0":"post-2454","1":"product","2":"type-product","3":"status-publish","4":"has-post-thumbnail","6":"product_cat-ac-mailand-kindertrikot","7":"product_tag-ac-milan-auswaertstrikot","8":"product_tag-ac-milan-trikotsatz-fuer-kinder","9":"product_tag-coole-fussballtrikots","10":"product_tag-kinder-fussball-trikotsatz","12":"first","13":"instock","14":"shipping-taxable","15":"purchasable","16":"product-type-variable"},"_links":{"self":[{"href":"https:\/\/www.billigtrikotde.com\/hr\/wp-json\/wp\/v2\/product\/2454","targetHints":{"allow":["GET"]}}],"collection":[{"href":"https:\/\/www.billigtrikotde.com\/hr\/wp-json\/wp\/v2\/product"}],"about":[{"href":"https:\/\/www.billigtrikotde.com\/hr\/wp-json\/wp\/v2\/types\/product"}],"replies":[{"embeddable":true,"href":"https:\/\/www.billigtrikotde.com\/hr\/wp-json\/wp\/v2\/comments?post=2454"}],"wp:featuredmedia":[{"embeddable":true,"href":"https:\/\/www.billigtrikotde.com\/hr\/wp-json\/wp\/v2\/media\/2495"}],"wp:attachment":[{"href":"https:\/\/www.billigtrikotde.com\/hr\/wp-json\/wp\/v2\/media?parent=2454"}],"wp:term":[{"taxonomy":"product_brand","embeddable":true,"href":"https:\/\/www.billigtrikotde.com\/hr\/wp-json\/wp\/v2\/product_brand?post=2454"},{"taxonomy":"product_cat","embeddable":true,"href":"https:\/\/www.billigtrikotde.com\/hr\/wp-json\/wp\/v2\/product_cat?post=2454"},{"taxonomy":"product_tag","embeddable":true,"href":"https:\/\/www.billigtrikotde.com\/hr\/wp-json\/wp\/v2\/product_tag?post=2454"}],"curies":[{"name":"wp","href":"https:\/\/api.w.org\/{rel}","templated":true}]}}