{"id":2440,"date":"2024-10-23T14:17:02","date_gmt":"2024-10-23T12:17:02","guid":{"rendered":"http:\/\/billigtrikots.com\/?post_type=product&#038;p=2440"},"modified":"2024-10-23T14:19:07","modified_gmt":"2024-10-23T12:19:07","slug":"ac-mailand-auswaertstrikot-2022-beige-rot-fuer-kinder-mit-aufdruck-ibrahimovic-11","status":"publish","type":"product","link":"https:\/\/www.billigtrikotde.com\/hr\/ac-mailand-auswaertstrikot-2022-beige-rot-fuer-kinder-mit-aufdruck-ibrahimovic-11\/","title":{"rendered":"AC Milan gostuju\u0107i dres 2022 be\u017e-crveni za djecu s natpisom Ibrahimovi\u0107 11"},"content":{"rendered":"<p>PUMA dje\u010dje sportko majice u be\u017e boji omogu\u0107ava ti da nosi\u0161 boje svog omiljenog kluba i poka\u017ee\u0161 svima za \u0161to ti srce kuca. Za pravog navija\u010da AC Milana obavezno: gostuju\u0107a sportka majica u originalnom dizajnu, kakvu nose i igra\u010di u Serie A. Izra\u0111ena je da di\u0161e, izuzetno je udobna i lagana. Vizualno se isti\u010de s klupskim grbom na prsima. Ovom dresu si savr\u0161eno opremljen za svaku trening.<\/p>\n<p>Savjeti za ispis: Ako ime i broj na slici to\u010dno odgovaraju va\u0161im \u017eeljama, ne morate ih ponovno unositi. Ako ne, unesite \u017eeljeno ime i broj.<\/p>\n<p>Savjeti za pranje: Preporu\u010duje se ru\u010dno pranje nogometnih dresova. Ako \u017eelite koristiti perilicu, sjetite se okrenuti dresove naopako prije pranja. Napunite perilicu hladnom vodom i koristite program za osjetljive tkanine kako biste bolje za\u0161titili boje.<\/p>","protected":false},"excerpt":{"rendered":"<p>Dje\u010dja sportska majica od PUMA u be\u017e boji omogu\u0107ava ti da nosi\u0161 boje svog omiljenog kluba i svim pokazuje\u0161 za \u0161to ti je srce. Za prave navija\u010de AC Milana must-have: gostuju\u0107a sportska majica u originalnom dizajnu, kao \u0161to je nose igra\u010di u Serie A. Ona je prozra\u010dna, super udobna i lagana. Vizualno se isti\u010de s grbom kluba na prsima. [...]<\/p>","protected":false},"featured_media":2474,"comment_status":"open","ping_status":"closed","template":"","meta":[],"product_brand":[],"product_cat":[92],"product_tag":[19,93,20,94],"class_list":{"0":"post-2440","1":"product","2":"type-product","3":"status-publish","4":"has-post-thumbnail","6":"product_cat-ac-mailand-kindertrikot","7":"product_tag-ac-milan-auswaertstrikot","8":"product_tag-ac-milan-trikotsatz-fuer-kinder","9":"product_tag-coole-fussballtrikots","10":"product_tag-kinder-fussball-trikotsatz","12":"first","13":"instock","14":"shipping-taxable","15":"purchasable","16":"product-type-variable"},"_links":{"self":[{"href":"https:\/\/www.billigtrikotde.com\/hr\/wp-json\/wp\/v2\/product\/2440","targetHints":{"allow":["GET"]}}],"collection":[{"href":"https:\/\/www.billigtrikotde.com\/hr\/wp-json\/wp\/v2\/product"}],"about":[{"href":"https:\/\/www.billigtrikotde.com\/hr\/wp-json\/wp\/v2\/types\/product"}],"replies":[{"embeddable":true,"href":"https:\/\/www.billigtrikotde.com\/hr\/wp-json\/wp\/v2\/comments?post=2440"}],"wp:featuredmedia":[{"embeddable":true,"href":"https:\/\/www.billigtrikotde.com\/hr\/wp-json\/wp\/v2\/media\/2474"}],"wp:attachment":[{"href":"https:\/\/www.billigtrikotde.com\/hr\/wp-json\/wp\/v2\/media?parent=2440"}],"wp:term":[{"taxonomy":"product_brand","embeddable":true,"href":"https:\/\/www.billigtrikotde.com\/hr\/wp-json\/wp\/v2\/product_brand?post=2440"},{"taxonomy":"product_cat","embeddable":true,"href":"https:\/\/www.billigtrikotde.com\/hr\/wp-json\/wp\/v2\/product_cat?post=2440"},{"taxonomy":"product_tag","embeddable":true,"href":"https:\/\/www.billigtrikotde.com\/hr\/wp-json\/wp\/v2\/product_tag?post=2440"}],"curies":[{"name":"wp","href":"https:\/\/api.w.org\/{rel}","templated":true}]}}