{"id":2396,"date":"2024-10-23T14:14:54","date_gmt":"2024-10-23T12:14:54","guid":{"rendered":"http:\/\/billigtrikots.com\/?post_type=product&#038;p=2396"},"modified":"2024-10-23T14:16:59","modified_gmt":"2024-10-23T12:16:59","slug":"atletico-madrid-2022-langarm-heimtrikot-mit-aufdruck-koke-6","status":"publish","type":"product","link":"https:\/\/www.billigtrikotde.com\/hr\/atletico-madrid-2022-langarm-heimtrikot-mit-aufdruck-koke-6\/","title":{"rendered":"Atl\u00e9tico Madrid 2022 dugi rukav doma\u0107i dres s natpisom KOKE 6"},"content":{"rendered":"<p>Predstavite svoju omiljenu mom\u010dad s doma\u0107im dresom Atl\u00e9tico de Madrid. Otporno na znoj tkanje dr\u017ei vas suhim i udobnim na terenu i tribinama, a detalji tima omogu\u0107uju vam da poka\u017eete svoju podr\u0161ku gdje god krenuli.<\/p>\n<p>Savjeti za ispis: Ako ime i broj na slici to\u010dno odgovaraju va\u0161im \u017eeljama, ne morate ih ponovno unositi. Ako ne, unesite \u017eeljeno ime i broj.<\/p>\n<p>Savjeti za pranje: Preporu\u010duje se ru\u010dno pranje nogometnih dresova. Ako \u017eelite koristiti perilicu, sjetite se okrenuti dresove naopako prije pranja. Napunite perilicu hladnom vodom i koristite program za osjetljive tkanine kako biste bolje za\u0161titili boje.<\/p>","protected":false},"excerpt":{"rendered":"<p>Predstavite svoju omiljenu mom\u010dad s doma\u0107im dresom Atl\u00e9tico de Madrid. Materijal otporan na znojenje dr\u017ei vas suhim i udobnim na terenu i tribinama, a detalji tima omogu\u0107uju vam da poka\u017eete svoju podr\u0161ku gdje god krenete. Savjeti za ispis: Ako ime i broj na slici to\u010dno odgovaraju va\u0161im \u017eeljama, morate [\u2026]<\/p>","protected":false},"featured_media":2437,"comment_status":"open","ping_status":"closed","template":"","meta":[],"product_brand":[],"product_cat":[88],"product_tag":[89,90,20,38,21,24],"class_list":{"0":"post-2396","1":"product","2":"type-product","3":"status-publish","4":"has-post-thumbnail","6":"product_cat-atletico-madrid","7":"product_tag-atletico-madrid-heimtrikot","8":"product_tag-atletico-madrid-trikots","9":"product_tag-coole-fussballtrikots","10":"product_tag-fussball-trikot-langarm","11":"product_tag-fussballtrikot-fuer-herren","12":"product_tag-guenstiges-fussballtrikot","14":"first","15":"instock","16":"shipping-taxable","17":"purchasable","18":"product-type-variable"},"_links":{"self":[{"href":"https:\/\/www.billigtrikotde.com\/hr\/wp-json\/wp\/v2\/product\/2396","targetHints":{"allow":["GET"]}}],"collection":[{"href":"https:\/\/www.billigtrikotde.com\/hr\/wp-json\/wp\/v2\/product"}],"about":[{"href":"https:\/\/www.billigtrikotde.com\/hr\/wp-json\/wp\/v2\/types\/product"}],"replies":[{"embeddable":true,"href":"https:\/\/www.billigtrikotde.com\/hr\/wp-json\/wp\/v2\/comments?post=2396"}],"wp:featuredmedia":[{"embeddable":true,"href":"https:\/\/www.billigtrikotde.com\/hr\/wp-json\/wp\/v2\/media\/2437"}],"wp:attachment":[{"href":"https:\/\/www.billigtrikotde.com\/hr\/wp-json\/wp\/v2\/media?parent=2396"}],"wp:term":[{"taxonomy":"product_brand","embeddable":true,"href":"https:\/\/www.billigtrikotde.com\/hr\/wp-json\/wp\/v2\/product_brand?post=2396"},{"taxonomy":"product_cat","embeddable":true,"href":"https:\/\/www.billigtrikotde.com\/hr\/wp-json\/wp\/v2\/product_cat?post=2396"},{"taxonomy":"product_tag","embeddable":true,"href":"https:\/\/www.billigtrikotde.com\/hr\/wp-json\/wp\/v2\/product_tag?post=2396"}],"curies":[{"name":"wp","href":"https:\/\/api.w.org\/{rel}","templated":true}]}}