{"id":2384,"date":"2024-10-23T14:14:21","date_gmt":"2024-10-23T12:14:21","guid":{"rendered":"http:\/\/billigtrikots.com\/?post_type=product&#038;p=2384"},"modified":"2024-10-23T14:16:24","modified_gmt":"2024-10-23T12:16:24","slug":"as-roma-2022-heimtrikot-rot-trikotsatz-kurzarm-kurze-hosen-spinazzola-37","status":"publish","type":"product","link":"https:\/\/www.billigtrikotde.com\/hr\/as-roma-2022-heimtrikot-rot-trikotsatz-kurzarm-kurze-hosen-spinazzola-37\/","title":{"rendered":"AS Roma 2022 doma\u0107i dres crvena kolekcija kratki rukav + kratke hla\u010de SPINAZZOLA 37"},"content":{"rendered":"<p>Svaki pravi navija\u010d AS Roma treba ovaj doma\u0107i sportski dres, jer ga nose i igra\u010di u Serie A. Prozra\u0111iv, udoban, lagan i s funkcijom odvodnje znoja, uvjerit \u0107e vas u svoje kvalitete. Na ovom dresu mo\u017eete vizualno ra\u010dunati na grb kluba na prsima. Bez obzira koliko je trening ili utakmica zahtjevna, s ovim modelom uvijek \u0107ete biti [\u2026]<\/p>\n<p>Savjeti za ispis: Ako ime i broj na slici to\u010dno odgovaraju va\u0161im \u017eeljama, ne morate ih ponovno unositi. Ako ne, unesite \u017eeljeno ime i broj.<\/p>\n<p>Savjeti za pranje: Preporu\u010duje se ru\u010dno pranje nogometnih dresova. Ako \u017eelite koristiti perilicu, sjetite se okrenuti dresove naopako prije pranja. Napunite perilicu hladnom vodom i koristite program za osjetljive tkanine kako biste bolje za\u0161titili boje.<\/p>","protected":false},"excerpt":{"rendered":"<p>Svaki pravi navija\u010d AS Roma treba ovaj doma\u0107i sportski dres, jer ga nose i igra\u010di u Serie A. Prozra\u0111iv, udoban, lagan i s funkcijom odvodnje znoja, uvjerit \u0107e vas u svoje kvalitete. Na ovom dresu mo\u017eete vizualno ra\u010dunati na grb kluba na prsima. Bez obzira koliko je trening ili utakmica zahtjevna, s ovim modelom uvijek \u0107ete biti [\u2026]<\/p>","protected":false},"featured_media":2424,"comment_status":"open","ping_status":"closed","template":"","meta":[],"product_brand":[],"product_cat":[85],"product_tag":[86,87,20,21,22,23,24],"class_list":{"0":"post-2384","1":"product","2":"type-product","3":"status-publish","4":"has-post-thumbnail","6":"product_cat-as-roma","7":"product_tag-as-roma-heimtrikot","8":"product_tag-as-roma-trikots","9":"product_tag-coole-fussballtrikots","10":"product_tag-fussballtrikot-fuer-herren","11":"product_tag-fussballtrikot-guenstig-kaufen","12":"product_tag-fussballtrikot-kurzarm","13":"product_tag-guenstiges-fussballtrikot","15":"first","16":"instock","17":"shipping-taxable","18":"purchasable","19":"product-type-variable"},"_links":{"self":[{"href":"https:\/\/www.billigtrikotde.com\/hr\/wp-json\/wp\/v2\/product\/2384","targetHints":{"allow":["GET"]}}],"collection":[{"href":"https:\/\/www.billigtrikotde.com\/hr\/wp-json\/wp\/v2\/product"}],"about":[{"href":"https:\/\/www.billigtrikotde.com\/hr\/wp-json\/wp\/v2\/types\/product"}],"replies":[{"embeddable":true,"href":"https:\/\/www.billigtrikotde.com\/hr\/wp-json\/wp\/v2\/comments?post=2384"}],"wp:featuredmedia":[{"embeddable":true,"href":"https:\/\/www.billigtrikotde.com\/hr\/wp-json\/wp\/v2\/media\/2424"}],"wp:attachment":[{"href":"https:\/\/www.billigtrikotde.com\/hr\/wp-json\/wp\/v2\/media?parent=2384"}],"wp:term":[{"taxonomy":"product_brand","embeddable":true,"href":"https:\/\/www.billigtrikotde.com\/hr\/wp-json\/wp\/v2\/product_brand?post=2384"},{"taxonomy":"product_cat","embeddable":true,"href":"https:\/\/www.billigtrikotde.com\/hr\/wp-json\/wp\/v2\/product_cat?post=2384"},{"taxonomy":"product_tag","embeddable":true,"href":"https:\/\/www.billigtrikotde.com\/hr\/wp-json\/wp\/v2\/product_tag?post=2384"}],"curies":[{"name":"wp","href":"https:\/\/api.w.org\/{rel}","templated":true}]}}