{"id":23579,"date":"2025-11-05T11:46:14","date_gmt":"2025-11-05T10:46:14","guid":{"rendered":"https:\/\/www.billigtrikotde.com\/?post_type=product&#038;p=23579"},"modified":"2025-11-05T11:47:18","modified_gmt":"2025-11-05T10:47:18","slug":"manchester-city-guenstige-rodri-hernandez-16-3rd-trikot-kinder-2025-26-fussballtrikots-set","status":"publish","type":"product","link":"https:\/\/www.billigtrikotde.com\/hr\/manchester-city-guenstige-rodri-hernandez-16-3rd-trikot-kinder-2025-26-fussballtrikots-set\/","title":{"rendered":"Manchester City povoljna Rodri Hernandez #16 3rd dres dje\u010dja majica za 2025-26 nogometne dresove set"},"content":{"rendered":"<p>Manchester City - nogometne majice za djecu - savjeti za ispis: Ako ime i broj na slici to\u010dno odgovaraju va\u0161im \u017eeljama, ne morate ih ponovno unositi. Ako ne, unesite \u017eeljeno ime i broj.<\/p>\n<p>Savjeti za pranje: Preporu\u010duje se ru\u010dno pranje nogometnih dresova. Ako \u017eelite koristiti perilicu, sjetite se okrenuti dresove naopako prije pranja. Napunite perilicu hladnom vodom i koristite program za osjetljive tkanine kako biste bolje za\u0161titili boje.<\/p>","protected":false},"excerpt":{"rendered":"<p>Manchester City- nogometni dresovi- dje\u010dji savjeti za ispis: Ako ime i broj na slici to\u010dno odgovaraju va\u0161im \u017eeljama, ne morate ih unositi ponovno. Ako ne, trebali biste unijeti \u017eeljeno ime i svoj broj. Savjeti za pranje: preporu\u010duje se ru\u010dno pranje nogometnih dresova. Ako \u017eelite koristiti perilicu rublja, imajte na umu da nogometni dresovi [\u2026]<\/p>","protected":false},"featured_media":23581,"comment_status":"open","ping_status":"closed","template":"","meta":[],"product_brand":[],"product_cat":[144],"product_tag":[1692,1691],"class_list":{"0":"post-23579","1":"product","2":"type-product","3":"status-publish","4":"has-post-thumbnail","6":"product_cat-manchester-city-kindertrikot","7":"product_tag-guenstige-rodri-hernandez-trikot-kinder","8":"product_tag-rodri-hernandez-trikot-kinder-kaufen","10":"first","11":"instock","12":"shipping-taxable","13":"purchasable","14":"product-type-variable"},"_links":{"self":[{"href":"https:\/\/www.billigtrikotde.com\/hr\/wp-json\/wp\/v2\/product\/23579","targetHints":{"allow":["GET"]}}],"collection":[{"href":"https:\/\/www.billigtrikotde.com\/hr\/wp-json\/wp\/v2\/product"}],"about":[{"href":"https:\/\/www.billigtrikotde.com\/hr\/wp-json\/wp\/v2\/types\/product"}],"replies":[{"embeddable":true,"href":"https:\/\/www.billigtrikotde.com\/hr\/wp-json\/wp\/v2\/comments?post=23579"}],"wp:featuredmedia":[{"embeddable":true,"href":"https:\/\/www.billigtrikotde.com\/hr\/wp-json\/wp\/v2\/media\/23581"}],"wp:attachment":[{"href":"https:\/\/www.billigtrikotde.com\/hr\/wp-json\/wp\/v2\/media?parent=23579"}],"wp:term":[{"taxonomy":"product_brand","embeddable":true,"href":"https:\/\/www.billigtrikotde.com\/hr\/wp-json\/wp\/v2\/product_brand?post=23579"},{"taxonomy":"product_cat","embeddable":true,"href":"https:\/\/www.billigtrikotde.com\/hr\/wp-json\/wp\/v2\/product_cat?post=23579"},{"taxonomy":"product_tag","embeddable":true,"href":"https:\/\/www.billigtrikotde.com\/hr\/wp-json\/wp\/v2\/product_tag?post=23579"}],"curies":[{"name":"wp","href":"https:\/\/api.w.org\/{rel}","templated":true}]}}