{"id":23397,"date":"2025-11-04T15:22:37","date_gmt":"2025-11-04T14:22:37","guid":{"rendered":"https:\/\/www.billigtrikotde.com\/?post_type=product&#038;p=23397"},"modified":"2025-11-04T15:23:27","modified_gmt":"2025-11-04T14:23:27","slug":"barcelona-guenstige-pau-cubarsi-5-3rd-trikot-kinder-2025-26-fussball-trikotsatz","status":"publish","type":"product","link":"https:\/\/www.billigtrikotde.com\/hr\/barcelona-guenstige-pau-cubarsi-5-3rd-trikot-kinder-2025-26-fussball-trikotsatz\/","title":{"rendered":"Barcelona Jeftini Pau Cubarsi #5 3. dres Djeca 2025-26 nogometni dres set"},"content":{"rendered":"<p>Barcelona-fudbalski dresovi za djecu Savjeti za ispis: Ako ime i broj na slici to\u010dno odgovaraju va\u0161im \u017eeljama, ne morate ih unositi ponovno. Ako ne, trebali biste unijeti \u017eeljeno ime i svoj broj.<\/p>\n<p>Savjeti za pranje: Preporu\u010duje se ru\u010dno pranje nogometnih dresova. Ako \u017eelite koristiti perilicu, sjetite se okrenuti dresove naopako prije pranja. Napunite perilicu hladnom vodom i koristite program za osjetljive tkanine kako biste bolje za\u0161titili boje.<\/p>","protected":false},"excerpt":{"rendered":"<p>Barcelona- nogometne majice za djecu - Savjeti za ispis: Ako ime i broj na slici u potpunosti odgovaraju va\u0161im \u017eeljama, ne morate ih ponovno unositi. Ako ne, trebali biste unijeti \u017eeljeno ime i broj. Barcelona- nogometne majice za djecu - Savjeti za pranje: Preporu\u010duje se ru\u010dno pranje nogometnih majica. Ako \u017eelite koristiti perilicu, razmislite [\u2026]<\/p>","protected":false},"featured_media":23399,"comment_status":"open","ping_status":"closed","template":"","meta":[],"product_brand":[],"product_cat":[146],"product_tag":[],"class_list":{"0":"post-23397","1":"product","2":"type-product","3":"status-publish","4":"has-post-thumbnail","6":"product_cat-barcelona-kindertrikot","8":"first","9":"instock","10":"shipping-taxable","11":"purchasable","12":"product-type-variable"},"_links":{"self":[{"href":"https:\/\/www.billigtrikotde.com\/hr\/wp-json\/wp\/v2\/product\/23397","targetHints":{"allow":["GET"]}}],"collection":[{"href":"https:\/\/www.billigtrikotde.com\/hr\/wp-json\/wp\/v2\/product"}],"about":[{"href":"https:\/\/www.billigtrikotde.com\/hr\/wp-json\/wp\/v2\/types\/product"}],"replies":[{"embeddable":true,"href":"https:\/\/www.billigtrikotde.com\/hr\/wp-json\/wp\/v2\/comments?post=23397"}],"wp:featuredmedia":[{"embeddable":true,"href":"https:\/\/www.billigtrikotde.com\/hr\/wp-json\/wp\/v2\/media\/23399"}],"wp:attachment":[{"href":"https:\/\/www.billigtrikotde.com\/hr\/wp-json\/wp\/v2\/media?parent=23397"}],"wp:term":[{"taxonomy":"product_brand","embeddable":true,"href":"https:\/\/www.billigtrikotde.com\/hr\/wp-json\/wp\/v2\/product_brand?post=23397"},{"taxonomy":"product_cat","embeddable":true,"href":"https:\/\/www.billigtrikotde.com\/hr\/wp-json\/wp\/v2\/product_cat?post=23397"},{"taxonomy":"product_tag","embeddable":true,"href":"https:\/\/www.billigtrikotde.com\/hr\/wp-json\/wp\/v2\/product_tag?post=23397"}],"curies":[{"name":"wp","href":"https:\/\/api.w.org\/{rel}","templated":true}]}}