{"id":2332,"date":"2024-10-23T14:12:07","date_gmt":"2024-10-23T12:12:07","guid":{"rendered":"http:\/\/billigtrikots.com\/?post_type=product&#038;p=2332"},"modified":"2024-10-23T14:14:11","modified_gmt":"2024-10-23T12:14:11","slug":"manchester-city-auswaertstrikot-2022-weiss-hellblau-mit-aufdruck-de-bruyne-17","status":"publish","type":"product","link":"https:\/\/www.billigtrikotde.com\/hr\/manchester-city-auswaertstrikot-2022-weiss-hellblau-mit-aufdruck-de-bruyne-17\/","title":{"rendered":"Manchester City gostuju\u0107i dres 2022 bijelo\/plavo s tiskom De Bruyne 17"},"content":{"rendered":"<p>Trenutni Puma MCFC mu\u0161ki gostuju\u0107i dres prikazuje se u neuobi\u010dajeno svijetloj boji i stoga je pravi unik\u00e1t! Naravno, ukra\u0161en je ponosnim klupskim logom, slu\u017ebenim detaljima sponzora i legendarnom Puma ma\u010dkom. Ovaj jedinstveni dizajn ne smijete propustiti!<\/p>\n<p>Izra\u0111en je od recikliranog poliestera 100% i zahvaljuju\u0107i dryCELL tehnologiji, osigurava dobru regulaciju topline i vlage. Tako ostajete ciljano suhi i svje\u017ei na tijelu, a istovremeno vam je zajam\u010dena odr\u017eiva kvaliteta. Poseban replica kroj malo odstupa od u\u017eih igra\u010dkih dresova i pru\u017ea maksimalnu slobodu kretanja u svim smjerovima.<\/p>\n<p>Dokazujte pripadnost i odanost, bez obzira kada i gdje se Citizens nalaze na terenu! Osigurajte si slu\u017ebeni Puma Manchester City mu\u0161ki gostuju\u0107i dres 2021\/22 i proslavite najuspje\u0161niji sastav!<\/p>\n<p>Savjeti za ispis: Ako ime i broj na slici to\u010dno odgovaraju va\u0161im \u017eeljama, ne morate ih ponovno unositi. Ako ne, unesite \u017eeljeno ime i broj.<\/p>\n<p>Savjeti za pranje: Preporu\u010duje se ru\u010dno pranje nogometnih dresova. Ako \u017eelite koristiti perilicu, sjetite se okrenuti dresove naopako prije pranja. Napunite perilicu hladnom vodom i koristite program za osjetljive tkanine kako biste bolje za\u0161titili boje.<\/p>","protected":false},"excerpt":{"rendered":"<p>Trenutni Puma MCFC mu\u0161ki gostuju\u0107i dres prikazuje se u neobi\u010dno svijetloj boji i stoga je pravi unik\u00e1t! Naravno, ukra\u0161en je ponosnim klupskim logom, slu\u017ebenim detaljima sponzora i legendarnom Puma ma\u010dkom. Ovaj jedinstveni dizajn ne smijete propustiti! Izra\u0111en je od recikliranog poliestera 100% i zahvaljuju\u0107i dryCELL [\u2026]<\/p>","protected":false},"featured_media":2373,"comment_status":"open","ping_status":"closed","template":"","meta":[],"product_brand":[],"product_cat":[82],"product_tag":[20,21,22,23,24,83,84],"class_list":{"0":"post-2332","1":"product","2":"type-product","3":"status-publish","4":"has-post-thumbnail","6":"product_cat-manchester-city","7":"product_tag-coole-fussballtrikots","8":"product_tag-fussballtrikot-fuer-herren","9":"product_tag-fussballtrikot-guenstig-kaufen","10":"product_tag-fussballtrikot-kurzarm","11":"product_tag-guenstiges-fussballtrikot","12":"product_tag-manchester-city-auswaertstrikot","13":"product_tag-manchester-city-trikots","15":"first","16":"instock","17":"shipping-taxable","18":"purchasable","19":"product-type-variable"},"_links":{"self":[{"href":"https:\/\/www.billigtrikotde.com\/hr\/wp-json\/wp\/v2\/product\/2332","targetHints":{"allow":["GET"]}}],"collection":[{"href":"https:\/\/www.billigtrikotde.com\/hr\/wp-json\/wp\/v2\/product"}],"about":[{"href":"https:\/\/www.billigtrikotde.com\/hr\/wp-json\/wp\/v2\/types\/product"}],"replies":[{"embeddable":true,"href":"https:\/\/www.billigtrikotde.com\/hr\/wp-json\/wp\/v2\/comments?post=2332"}],"wp:featuredmedia":[{"embeddable":true,"href":"https:\/\/www.billigtrikotde.com\/hr\/wp-json\/wp\/v2\/media\/2373"}],"wp:attachment":[{"href":"https:\/\/www.billigtrikotde.com\/hr\/wp-json\/wp\/v2\/media?parent=2332"}],"wp:term":[{"taxonomy":"product_brand","embeddable":true,"href":"https:\/\/www.billigtrikotde.com\/hr\/wp-json\/wp\/v2\/product_brand?post=2332"},{"taxonomy":"product_cat","embeddable":true,"href":"https:\/\/www.billigtrikotde.com\/hr\/wp-json\/wp\/v2\/product_cat?post=2332"},{"taxonomy":"product_tag","embeddable":true,"href":"https:\/\/www.billigtrikotde.com\/hr\/wp-json\/wp\/v2\/product_tag?post=2332"}],"curies":[{"name":"wp","href":"https:\/\/api.w.org\/{rel}","templated":true}]}}