{"id":22830,"date":"2025-11-04T15:30:58","date_gmt":"2025-11-04T14:30:58","guid":{"rendered":"https:\/\/www.billigtrikotde.com\/?post_type=product&#038;p=22830"},"modified":"2025-11-04T15:31:01","modified_gmt":"2025-11-04T14:31:01","slug":"juventus-dusan-vlahovic-9-heimtrikot-2025-26-kurzarm","status":"publish","type":"product","link":"https:\/\/www.billigtrikotde.com\/hr\/juventus-dusan-vlahovic-9-heimtrikot-2025-26-kurzarm\/","title":{"rendered":"Juventus Dusan Vlahovic #9 doma\u0107i dres 2025-26 kratki rukav"},"content":{"rendered":"<p>Savjeti za tiskanje Juventusovih trenirki: Ako naziv i broj na slici to\u010dno odgovaraju va\u0161im \u017eeljama, ne morate ih ponovno unositi. Ako ne, trebate unijeti \u017eeljeni naziv i broj.<\/p>\n<p>Savjeti za pranje: Preporu\u010duje se ru\u010dno pranje nogometnih dresova. Ako \u017eelite koristiti perilicu, sjetite se okrenuti dresove naopako prije pranja. Napunite perilicu hladnom vodom i koristite program za osjetljive tkanine kako biste bolje za\u0161titili boje.<\/p>","protected":false},"excerpt":{"rendered":"<p>Evertonov- nogometni dresovi - savjeti za ispis: Ako naziv i broj na slici to\u010dno odgovaraju va\u0161im \u017eeljama, ne morate ih ponavljati. Ako nije, trebate unijeti \u017eeljeni naziv i broj. Evertonovi savjeti za pranje dresova: Preporu\u010duje se pranje nogometnih dresova rukom. Ako \u017eelite koristiti perilicu rublja, sjetite se okrenuti nogometne dresove [\u2026]<\/p>","protected":false},"featured_media":22832,"comment_status":"open","ping_status":"closed","template":"","meta":[],"product_brand":[],"product_cat":[59],"product_tag":[1538,1539],"class_list":{"0":"post-22830","1":"product","2":"type-product","3":"status-publish","4":"has-post-thumbnail","6":"product_cat-juventus","7":"product_tag-dusan-vlahovic-trikot-kinder-kaufen","8":"product_tag-guenstige-dusan-vlahovic-trikot-kinder","10":"first","11":"instock","12":"shipping-taxable","13":"purchasable","14":"product-type-variable"},"_links":{"self":[{"href":"https:\/\/www.billigtrikotde.com\/hr\/wp-json\/wp\/v2\/product\/22830","targetHints":{"allow":["GET"]}}],"collection":[{"href":"https:\/\/www.billigtrikotde.com\/hr\/wp-json\/wp\/v2\/product"}],"about":[{"href":"https:\/\/www.billigtrikotde.com\/hr\/wp-json\/wp\/v2\/types\/product"}],"replies":[{"embeddable":true,"href":"https:\/\/www.billigtrikotde.com\/hr\/wp-json\/wp\/v2\/comments?post=22830"}],"wp:featuredmedia":[{"embeddable":true,"href":"https:\/\/www.billigtrikotde.com\/hr\/wp-json\/wp\/v2\/media\/22832"}],"wp:attachment":[{"href":"https:\/\/www.billigtrikotde.com\/hr\/wp-json\/wp\/v2\/media?parent=22830"}],"wp:term":[{"taxonomy":"product_brand","embeddable":true,"href":"https:\/\/www.billigtrikotde.com\/hr\/wp-json\/wp\/v2\/product_brand?post=22830"},{"taxonomy":"product_cat","embeddable":true,"href":"https:\/\/www.billigtrikotde.com\/hr\/wp-json\/wp\/v2\/product_cat?post=22830"},{"taxonomy":"product_tag","embeddable":true,"href":"https:\/\/www.billigtrikotde.com\/hr\/wp-json\/wp\/v2\/product_tag?post=22830"}],"curies":[{"name":"wp","href":"https:\/\/api.w.org\/{rel}","templated":true}]}}