{"id":22676,"date":"2025-11-04T15:46:52","date_gmt":"2025-11-04T14:46:52","guid":{"rendered":"https:\/\/www.billigtrikotde.com\/?post_type=product&#038;p=22676"},"modified":"2025-11-04T15:46:53","modified_gmt":"2025-11-04T14:46:53","slug":"athletic-bilbao-heimtrikot-kinder-2025-26-fussball-trikotsatz","status":"publish","type":"product","link":"https:\/\/www.billigtrikotde.com\/hr\/athletic-bilbao-heimtrikot-kinder-2025-26-fussball-trikotsatz\/","title":{"rendered":"Athletic Bilbao ku\u0107ni dres za djecu 2025-26 nogometni komplet dresova"},"content":{"rendered":"<p>Athletic Bilbao savjeti za tiskanje sportskih dresova: Ako ime i broj na slici to\u010dno odgovaraju va\u0161im \u017eeljama, ne morate ih ponovo unositi. Ako ne, trebali biste unijeti \u017eeljeno ime i broj.<\/p>\n<p>Savjeti za pranje: Preporu\u010duje se ru\u010dno pranje nogometnih dresova. Ako \u017eelite koristiti perilicu, sjetite se okrenuti dresove naopako prije pranja. Napunite perilicu hladnom vodom i koristite program za osjetljive tkanine kako biste bolje za\u0161titili boje.<\/p>","protected":false},"excerpt":{"rendered":"<p>Athletic Bilbao Fu\u00dfballtrikots-Tipps zum Drucken: Wenn der Name und die Nummer auf dem Bild genau Ihren W\u00fcnschen entsprechen, m\u00fcssen Sie sie nicht erneut eingeben. Wenn nicht, sollten Sie Ihren gew\u00fcnschten Namen und Ihre Nummer eingeben. Tipps zum Waschen: Es wird empfohlen, Fu\u00dfballtrikots von Hand zu waschen. Wenn Sie die Waschmaschine benutzen m\u00f6chten, denken Sie daran, [\u2026]<\/p>","protected":false},"featured_media":22678,"comment_status":"open","ping_status":"closed","template":"","meta":[],"product_brand":[],"product_cat":[1025],"product_tag":[],"class_list":{"0":"post-22676","1":"product","2":"type-product","3":"status-publish","4":"has-post-thumbnail","6":"product_cat-athletic-bilbao-kindertrikot","8":"first","9":"instock","10":"shipping-taxable","11":"purchasable","12":"product-type-variable"},"_links":{"self":[{"href":"https:\/\/www.billigtrikotde.com\/hr\/wp-json\/wp\/v2\/product\/22676","targetHints":{"allow":["GET"]}}],"collection":[{"href":"https:\/\/www.billigtrikotde.com\/hr\/wp-json\/wp\/v2\/product"}],"about":[{"href":"https:\/\/www.billigtrikotde.com\/hr\/wp-json\/wp\/v2\/types\/product"}],"replies":[{"embeddable":true,"href":"https:\/\/www.billigtrikotde.com\/hr\/wp-json\/wp\/v2\/comments?post=22676"}],"wp:featuredmedia":[{"embeddable":true,"href":"https:\/\/www.billigtrikotde.com\/hr\/wp-json\/wp\/v2\/media\/22678"}],"wp:attachment":[{"href":"https:\/\/www.billigtrikotde.com\/hr\/wp-json\/wp\/v2\/media?parent=22676"}],"wp:term":[{"taxonomy":"product_brand","embeddable":true,"href":"https:\/\/www.billigtrikotde.com\/hr\/wp-json\/wp\/v2\/product_brand?post=22676"},{"taxonomy":"product_cat","embeddable":true,"href":"https:\/\/www.billigtrikotde.com\/hr\/wp-json\/wp\/v2\/product_cat?post=22676"},{"taxonomy":"product_tag","embeddable":true,"href":"https:\/\/www.billigtrikotde.com\/hr\/wp-json\/wp\/v2\/product_tag?post=22676"}],"curies":[{"name":"wp","href":"https:\/\/api.w.org\/{rel}","templated":true}]}}