{"id":22431,"date":"2025-08-08T14:55:16","date_gmt":"2025-08-08T12:55:16","guid":{"rendered":"https:\/\/www.billigtrikotde.com\/?post_type=product&#038;p=22431"},"modified":"2025-08-08T15:15:20","modified_gmt":"2025-08-08T13:15:20","slug":"inter-miami-lionel-messi-10-heimtrikot-kinder-2025-26-fussball-trikotsatz","status":"publish","type":"product","link":"https:\/\/www.billigtrikotde.com\/hr\/inter-miami-lionel-messi-10-heimtrikot-kinder-2025-26-fussball-trikotsatz\/","title":{"rendered":"Inter Miami Lionel Messi #10 ku\u0107ni dres za djecu 2025-26 nogometni komplet dresova"},"content":{"rendered":"<p>Dres za doma\u0107u utakmicu 2025. zasniva se na dresovima koje su nosili uzbudljivi novajlije poput Sergia Busquetsa, Jordija Albu, Lionela Messija, Luisa Su\u00e1reza i ostatka prve mom\u010dadi u elitnim utakmicama MLS-a, te prikazuje va\u0161u nepokolebljivu podr\u0161ku Inter Miamiju. Dres nosi ikoni\u010dne ru\u017ei\u010daste pruge klasi\u010dnog Miami International tima i nagla\u0161ava energiju natjecanja na najvi\u0161oj razini. Tehnologija AEROREADY usmjerena na visoke performanse odvodi vlagu kako biste ostali suhi, dok klupski grb omogu\u0107uje lagani nos.<\/p>\n<p>Savjeti za ispis: Ako ime i broj na slici to\u010dno odgovaraju va\u0161im \u017eeljama, ne morate ih ponovno unositi. Ako ne, unesite \u017eeljeno ime i broj.<\/p>\n<p>Savjeti za pranje: Preporu\u010duje se ru\u010dno pranje nogometnih dresova. Ako \u017eelite koristiti perilicu, sjetite se okrenuti dresove naopako prije pranja. Napunite perilicu hladnom vodom i koristite program za osjetljive tkanine kako biste bolje za\u0161titili boje.<\/p>","protected":false},"excerpt":{"rendered":"<p>Das Heimtrikot 2025 basiert auf den Trikots, die von aufregenden Neuzug\u00e4ngen wie Sergio Busquets, Jordi Alba, Lionel Messi, Luis Suarez und dem Rest der ersten Mannschaft in Elitespielen der MLS getragen wurden, und zeigt Ihre unersch\u00fctterliche Unterst\u00fctzung f\u00fcr Inter Miami.Das Trikot weist die ikonischen rosa Streifen des klassischen Miami International-Teams auf und unterstreicht die Energie [&hellip;]<\/p>","protected":false},"featured_media":22435,"comment_status":"open","ping_status":"closed","template":"","meta":[],"product_brand":[],"product_cat":[569],"product_tag":[1461,1299],"class_list":{"0":"post-22431","1":"product","2":"type-product","3":"status-publish","4":"has-post-thumbnail","6":"product_cat-inter-miami-kindertrikot","7":"product_tag-guenstige-inter-miami-trikot-kinder","8":"product_tag-lionel-messi-trikots","10":"first","11":"instock","12":"shipping-taxable","13":"purchasable","14":"product-type-variable"},"_links":{"self":[{"href":"https:\/\/www.billigtrikotde.com\/hr\/wp-json\/wp\/v2\/product\/22431","targetHints":{"allow":["GET"]}}],"collection":[{"href":"https:\/\/www.billigtrikotde.com\/hr\/wp-json\/wp\/v2\/product"}],"about":[{"href":"https:\/\/www.billigtrikotde.com\/hr\/wp-json\/wp\/v2\/types\/product"}],"replies":[{"embeddable":true,"href":"https:\/\/www.billigtrikotde.com\/hr\/wp-json\/wp\/v2\/comments?post=22431"}],"wp:featuredmedia":[{"embeddable":true,"href":"https:\/\/www.billigtrikotde.com\/hr\/wp-json\/wp\/v2\/media\/22435"}],"wp:attachment":[{"href":"https:\/\/www.billigtrikotde.com\/hr\/wp-json\/wp\/v2\/media?parent=22431"}],"wp:term":[{"taxonomy":"product_brand","embeddable":true,"href":"https:\/\/www.billigtrikotde.com\/hr\/wp-json\/wp\/v2\/product_brand?post=22431"},{"taxonomy":"product_cat","embeddable":true,"href":"https:\/\/www.billigtrikotde.com\/hr\/wp-json\/wp\/v2\/product_cat?post=22431"},{"taxonomy":"product_tag","embeddable":true,"href":"https:\/\/www.billigtrikotde.com\/hr\/wp-json\/wp\/v2\/product_tag?post=22431"}],"curies":[{"name":"wp","href":"https:\/\/api.w.org\/{rel}","templated":true}]}}